{"id":20381,"date":"2019-02-26T12:04:21","date_gmt":"2019-02-26T11:04:21","guid":{"rendered":"https:\/\/www.creaearredanegozi.it\/?post_type=product&#038;p=20381"},"modified":"2025-12-03T20:39:35","modified_gmt":"2025-12-03T19:39:35","slug":"verstarkter-wagen-aus-edelstahl-fur-10-tabletts-gn-1-1-forcar-ca-1451r","status":"publish","type":"product","link":"https:\/\/www.creaearredanegozi.it\/de\/verstarkter-wagen-aus-edelstahl-fur-10-tabletts-gn-1-1-forcar-ca-1451r\/","title":{"rendered":"Tablettwagen aus verst\u00e4rktem Edelstahl f\u00fcr 10 GN 1\/1 Tabletts Forcar CA 1451R"},"content":{"rendered":"<p><strong>Tablettwagen aus verst\u00e4rktem Edelstahl, Kapazit\u00e4t 10 GN 1\/1 Tabletts Forcar<\/strong><\/p>\n<p><strong>Tablett-Wagen CA 1451R Base - CA 1451RP Wei\u00df - CA 1451RI Inox<\/strong><\/p>\n<div class=\"page\" title=\"Seite 77\">\n<div class=\"layoutArea\">\n<div class=\"column\">\n<div class=\"page\" title=\"Seite 78\">\n<div class=\"section\">\n<div class=\"layoutArea\">\n<div class=\"column\">\n<ul>\n<li>Verst\u00e4rkter Tablettwagen, auch mit Seitenw\u00e4nden in Perfex-Basisfarbe, Wei\u00df oder Edelstahl erh\u00e4ltlich.<\/li>\n<li class=\"p1\">Rahmen aus rostfreiem Stahlrohr 25\u00d725 mm.<\/li>\n<li class=\"p1\">1,2 mm dicke F\u00fchrungen aus rostfreiem Stahl<\/li>\n<li>12 cm zwischen jeder Schiene.<\/li>\n<li class=\"p1\">Multidirektionale R\u00e4der \u00f8 125 mm.<\/li>\n<li>Standardm\u00e4\u00dfig vorbereitet f\u00fcr GN 1\/1 Tabletts - 53\u00d732,5 cm.<\/li>\n<li>Tabletts, Schalen und Sch\u00fcsseln nicht enthalten.<\/li>\n<li class=\"p1\">Gummi-Sto\u00dff\u00e4nger.<\/li>\n<li>Au\u00dfenma\u00dfe: 45x62x174h cm.<\/li>\n<\/ul>\n<p>Optional<\/p>\n<p>Satz mit 2 zus\u00e4tzlichen R\u00e4dern mit Bremse.<\/p>\n<\/div>\n<\/div>\n<\/div>\n<\/div>\n<\/div>\n<\/div>\n<\/div>","protected":false},"excerpt":{"rendered":"<p>Carrello porta vassoi rinforzato acciaio inox capienza 10 vassoi GN 1\/1 Forcar Carrelli portavassoi CA 1451R Base &#8211; CA 1451RP Bianco &#8211; CA 1451RI Inox Carrello portavassoi rinforzati, disponibile anche con pannelli laterali in perfex colore base, bianco o in acciaio inox. Struttura tubolare in acciaio inox 25&#215;25 mm. Guide in acciaio inox di spessore [&#8230;]","protected":false},"featured_media":127388,"comment_status":"closed","ping_status":"closed","template":"","meta":{"_monsterinsights_skip_tracking":false,"_monsterinsights_sitenote_active":false,"_monsterinsights_sitenote_note":"","_monsterinsights_sitenote_category":0},"product_brand":[624],"product_cat":[276,341,210,29,335],"product_tag":[],"class_list":{"0":"post-20381","1":"product","2":"type-product","3":"status-publish","4":"has-post-thumbnail","6":"product_brand-forcar","7":"product_cat-carrelli-di-servizio","8":"product_cat-accessori-self-service","9":"product_cat-carrelli-portapiatti","10":"product_cat-cesteria-e-carrelli","11":"product_cat-self-service","12":"product_shipping_class-215","13":"pa_marca-forcar","15":"first","16":"instock","17":"sale","18":"taxable","19":"shipping-taxable","20":"purchasable","21":"product-type-variable"},"_links":{"self":[{"href":"https:\/\/www.creaearredanegozi.it\/de\/wp-json\/wp\/v2\/product\/20381","targetHints":{"allow":["GET"]}}],"collection":[{"href":"https:\/\/www.creaearredanegozi.it\/de\/wp-json\/wp\/v2\/product"}],"about":[{"href":"https:\/\/www.creaearredanegozi.it\/de\/wp-json\/wp\/v2\/types\/product"}],"replies":[{"embeddable":true,"href":"https:\/\/www.creaearredanegozi.it\/de\/wp-json\/wp\/v2\/comments?post=20381"}],"wp:featuredmedia":[{"embeddable":true,"href":"https:\/\/www.creaearredanegozi.it\/de\/wp-json\/wp\/v2\/media\/127388"}],"wp:attachment":[{"href":"https:\/\/www.creaearredanegozi.it\/de\/wp-json\/wp\/v2\/media?parent=20381"}],"wp:term":[{"taxonomy":"product_brand","embeddable":true,"href":"https:\/\/www.creaearredanegozi.it\/de\/wp-json\/wp\/v2\/product_brand?post=20381"},{"taxonomy":"product_cat","embeddable":true,"href":"https:\/\/www.creaearredanegozi.it\/de\/wp-json\/wp\/v2\/product_cat?post=20381"},{"taxonomy":"product_tag","embeddable":true,"href":"https:\/\/www.creaearredanegozi.it\/de\/wp-json\/wp\/v2\/product_tag?post=20381"}],"curies":[{"name":"wp","href":"https:\/\/api.w.org\/{rel}","templated":true}]}}