{"id":20394,"date":"2019-02-26T12:24:26","date_gmt":"2019-02-26T11:24:26","guid":{"rendered":"https:\/\/www.creaearredanegozi.it\/?post_type=product&#038;p=20394"},"modified":"2025-12-03T20:39:35","modified_gmt":"2025-12-03T19:39:35","slug":"edelstahl-verstarkter-tablettwagen-fur-30-tabletts-gn-1-1-forcar-ca-1471r","status":"publish","type":"product","link":"https:\/\/www.creaearredanegozi.it\/de\/edelstahl-verstarkter-tablettwagen-fur-30-tabletts-gn-1-1-forcar-ca-1471r\/","title":{"rendered":"Tablettwagen aus verst\u00e4rktem Edelstahl f\u00fcr 30 GN 1\/1 Tabletts Forcar CA 1471R"},"content":{"rendered":"<h3>Tablettwagen aus verst\u00e4rktem Edelstahl 30 GN 1\/1 Tabletts Forcar<\/h3>\n<p><strong>Tablett-Wagen CA 1471R Base - CA 1471RP Wei\u00df - CA 1471RI Inox<\/strong><\/p>\n<div class=\"page\" title=\"Seite 77\">\n<div class=\"layoutArea\">\n<div class=\"column\">\n<div class=\"page\" title=\"Seite 78\">\n<div class=\"section\">\n<div class=\"layoutArea\">\n<div class=\"column\">\n<ul>\n<li>Verst\u00e4rkter Tablettwagen, auch mit Seitenw\u00e4nden in wei\u00dfer Perfektion oder Edelstahl erh\u00e4ltlich.<\/li>\n<li class=\"p1\">Rahmen aus rostfreiem Stahlrohr 25\u00d725 mm.<\/li>\n<li class=\"p1\">1,2 mm dicke F\u00fchrungen aus rostfreiem Stahl.<\/li>\n<li>12 cm zwischen jeder Schiene.<\/li>\n<li class=\"p1\">Multidirektionale R\u00e4der \u00f8 125 mm.<\/li>\n<li>Vorbereitet f\u00fcr GN 1\/1 Tabletts (Gr\u00f6\u00dfe 530\u00d7325 mm).<\/li>\n<li>Tabletts, Schalen und Sch\u00fcsseln nicht enthalten.<\/li>\n<li class=\"p1\">Gummi-Sto\u00dff\u00e4nger.<\/li>\n<li>Auch mit Seitenteilen in wei\u00dfem Parfex oder Edelstahl erh\u00e4ltlich.<\/li>\n<li>Au\u00dfenma\u00dfe: 118x62x174h cm.<\/li>\n<\/ul>\n<p>Optional<\/p>\n<ul>\n<li>Satz mit 2 zus\u00e4tzlichen R\u00e4dern mit Bremse.<\/li>\n<\/ul>\n<\/div>\n<\/div>\n<\/div>\n<\/div>\n<\/div>\n<\/div>\n<\/div>","protected":false},"excerpt":{"rendered":"<p>Carrello porta vassoi rinforzati acciaio inox 30 vassoi GN 1\/1 Forcar Carrelli portavassoi CA 1471R Base &#8211; CA 1471RP Bianco &#8211; CA 1471RI Inox Carrello portavassoi rinforzati, disponibili anche con pannelli laterali in perfex bianco o in acciaio inox. Struttura tubolare in acciaio inox 25&#215;25 mm. Guide in acciaio inox di spessore 1,2 mm. 12 [&#8230;]","protected":false},"featured_media":123396,"comment_status":"closed","ping_status":"closed","template":"","meta":{"_monsterinsights_skip_tracking":false,"_monsterinsights_sitenote_active":false,"_monsterinsights_sitenote_note":"","_monsterinsights_sitenote_category":0},"product_brand":[624],"product_cat":[276,341,210,29,335],"product_tag":[],"class_list":{"0":"post-20394","1":"product","2":"type-product","3":"status-publish","4":"has-post-thumbnail","6":"product_brand-forcar","7":"product_cat-carrelli-di-servizio","8":"product_cat-accessori-self-service","9":"product_cat-carrelli-portapiatti","10":"product_cat-cesteria-e-carrelli","11":"product_cat-self-service","12":"product_shipping_class-38","13":"pa_marca-forcar","15":"first","16":"instock","17":"sale","18":"taxable","19":"shipping-taxable","20":"purchasable","21":"product-type-variable"},"_links":{"self":[{"href":"https:\/\/www.creaearredanegozi.it\/de\/wp-json\/wp\/v2\/product\/20394","targetHints":{"allow":["GET"]}}],"collection":[{"href":"https:\/\/www.creaearredanegozi.it\/de\/wp-json\/wp\/v2\/product"}],"about":[{"href":"https:\/\/www.creaearredanegozi.it\/de\/wp-json\/wp\/v2\/types\/product"}],"replies":[{"embeddable":true,"href":"https:\/\/www.creaearredanegozi.it\/de\/wp-json\/wp\/v2\/comments?post=20394"}],"wp:featuredmedia":[{"embeddable":true,"href":"https:\/\/www.creaearredanegozi.it\/de\/wp-json\/wp\/v2\/media\/123396"}],"wp:attachment":[{"href":"https:\/\/www.creaearredanegozi.it\/de\/wp-json\/wp\/v2\/media?parent=20394"}],"wp:term":[{"taxonomy":"product_brand","embeddable":true,"href":"https:\/\/www.creaearredanegozi.it\/de\/wp-json\/wp\/v2\/product_brand?post=20394"},{"taxonomy":"product_cat","embeddable":true,"href":"https:\/\/www.creaearredanegozi.it\/de\/wp-json\/wp\/v2\/product_cat?post=20394"},{"taxonomy":"product_tag","embeddable":true,"href":"https:\/\/www.creaearredanegozi.it\/de\/wp-json\/wp\/v2\/product_tag?post=20394"}],"curies":[{"name":"wp","href":"https:\/\/api.w.org\/{rel}","templated":true}]}}