{"id":20430,"date":"2019-02-27T10:06:16","date_gmt":"2019-02-27T09:06:16","guid":{"rendered":"https:\/\/www.creaearredanegozi.it\/?post_type=product&#038;p=20430"},"modified":"2025-12-03T20:39:35","modified_gmt":"2025-12-03T19:39:35","slug":"professioneller-edelstahl-universal-tablettwagen-fur-20-tabletts-furcar-ca-1465","status":"publish","type":"product","link":"https:\/\/www.creaearredanegozi.it\/de\/professioneller-edelstahl-universal-tablettwagen-fur-20-tabletts-furcar-ca-1465\/","title":{"rendered":"Profi-Edelstahl-Universal-Tablett-Wagen f\u00fcr 20 Tabletts Forcar CA 1465"},"content":{"rendered":"<h3>Universal-Tablettwagen aus Edelstahl 20 Tabletts Forcar<\/h3>\n<p><strong>CA 1465 Tablett-Wagen ohne Paneel - CA 1465P Wei\u00dfes Paneel - CA 1465PI Rostfreies Paneel<\/strong><\/p>\n<ul>\n<li>Universeller Tablettwagen mit der M\u00f6glichkeit, die Seitenw\u00e4nde in wei\u00dfer Perfektion oder aus Edelstahl zu w\u00e4hlen.<\/li>\n<li class=\"p1\">Struktur aus rostfreiem Stahl.<\/li>\n<li class=\"p1\">Verchromte Stahldrahtf\u00fchrungen.<\/li>\n<li class=\"p1\">Multidirektionale R\u00e4der \u00f8 125 mm.<\/li>\n<li class=\"p1\">Gummi-Sto\u00dff\u00e4nger.<\/li>\n<li>Auch mit Seitenw\u00e4nden in wei\u00dfer Perfektion oder Edelstahl erh\u00e4ltlich.<\/li>\n<li>Becken, Tabletts und Backbleche sind ausgeschlossen.<\/li>\n<li>Au\u00dfenma\u00dfe: 95x62x175h cm.<\/li>\n<li>Achsabstand 12,5 cm.<\/li>\n<li>0 Positionen x 2 Spalten.<\/li>\n<\/ul>","protected":false},"excerpt":{"rendered":"<p>Carrello porta vassoi universali acciaio inox 20 vassoi\u00a0 Forcar Carrelli portavassoi CA 1465 senza pannello &#8211; CA 1465P Pannello Bianco &#8211; CA 1465PI Pannello Inox Carrello portavassoi universali con possibilit\u00e0 di avere pannelli laterali in perfex bianco o in acciaio inox. Struttura in acciaio inox. Guide in filo di acciaio cromato. Ruote multidirezionali \u00f8 125 [&#8230;]","protected":false},"featured_media":127415,"comment_status":"closed","ping_status":"closed","template":"","meta":{"_monsterinsights_skip_tracking":false,"_monsterinsights_sitenote_active":false,"_monsterinsights_sitenote_note":"","_monsterinsights_sitenote_category":0},"product_brand":[624],"product_cat":[276,341,210,29,335],"product_tag":[],"class_list":{"0":"post-20430","1":"product","2":"type-product","3":"status-publish","4":"has-post-thumbnail","6":"product_brand-forcar","7":"product_cat-carrelli-di-servizio","8":"product_cat-accessori-self-service","9":"product_cat-carrelli-portapiatti","10":"product_cat-cesteria-e-carrelli","11":"product_cat-self-service","12":"product_shipping_class-681","13":"pa_marca-forcar","15":"first","16":"instock","17":"sale","18":"taxable","19":"shipping-taxable","20":"purchasable","21":"product-type-variable"},"_links":{"self":[{"href":"https:\/\/www.creaearredanegozi.it\/de\/wp-json\/wp\/v2\/product\/20430","targetHints":{"allow":["GET"]}}],"collection":[{"href":"https:\/\/www.creaearredanegozi.it\/de\/wp-json\/wp\/v2\/product"}],"about":[{"href":"https:\/\/www.creaearredanegozi.it\/de\/wp-json\/wp\/v2\/types\/product"}],"replies":[{"embeddable":true,"href":"https:\/\/www.creaearredanegozi.it\/de\/wp-json\/wp\/v2\/comments?post=20430"}],"wp:featuredmedia":[{"embeddable":true,"href":"https:\/\/www.creaearredanegozi.it\/de\/wp-json\/wp\/v2\/media\/127415"}],"wp:attachment":[{"href":"https:\/\/www.creaearredanegozi.it\/de\/wp-json\/wp\/v2\/media?parent=20430"}],"wp:term":[{"taxonomy":"product_brand","embeddable":true,"href":"https:\/\/www.creaearredanegozi.it\/de\/wp-json\/wp\/v2\/product_brand?post=20430"},{"taxonomy":"product_cat","embeddable":true,"href":"https:\/\/www.creaearredanegozi.it\/de\/wp-json\/wp\/v2\/product_cat?post=20430"},{"taxonomy":"product_tag","embeddable":true,"href":"https:\/\/www.creaearredanegozi.it\/de\/wp-json\/wp\/v2\/product_tag?post=20430"}],"curies":[{"name":"wp","href":"https:\/\/api.w.org\/{rel}","templated":true}]}}