{"id":20437,"date":"2019-02-27T10:18:52","date_gmt":"2019-02-27T09:18:52","guid":{"rendered":"https:\/\/www.creaearredanegozi.it\/?post_type=product&#038;p=20437"},"modified":"2025-12-03T20:39:36","modified_gmt":"2025-12-03T19:39:36","slug":"edelstahl-universal-tablettwagen-fur-30-tabletts-138x62x175-cm-forcar-ca-1475","status":"publish","type":"product","link":"https:\/\/www.creaearredanegozi.it\/de\/edelstahl-universal-tablettwagen-fur-30-tabletts-138x62x175-cm-forcar-ca-1475\/","title":{"rendered":"Edelstahl-Universal-Tablett-Wagen f\u00fcr 30 Tabletts 138x62x175 cm Forcar CA 1475"},"content":{"rendered":"<h3>Universal-Tablettwagen aus Edelstahl 30 Tabletts Forcar<\/h3>\n<p><strong>CA 1475 Tablett-Wagen ohne Blende - CA 1475P wei\u00dfe Blende - CA 1475PI Edelstahl-Blende<\/strong><\/p>\n<ul>\n<li>Universeller Tablettwagen mit der M\u00f6glichkeit, die Seitenw\u00e4nde in wei\u00dfer Perfektion oder aus Edelstahl zu w\u00e4hlen.<\/li>\n<li class=\"p1\">Struktur aus rostfreiem Stahl.<\/li>\n<li class=\"p1\">Verchromte Stahldrahtf\u00fchrungen.<\/li>\n<li class=\"p1\">Multidirektionale R\u00e4der \u00f8 125 mm.<\/li>\n<li class=\"p1\">Gummi-Sto\u00dff\u00e4nger.<\/li>\n<li>Becken, Tabletts und Backbleche sind ausgeschlossen.<\/li>\n<li>Auch mit Seitenw\u00e4nden in wei\u00dfer Perfektion oder Edelstahl erh\u00e4ltlich.<\/li>\n<li>Au\u00dfenma\u00dfe: 138x62x175h cm.<\/li>\n<\/ul>\n<p>Optional<\/p>\n<ul>\n<li>Satz mit 2 zus\u00e4tzlichen R\u00e4dern mit Bremse.<\/li>\n<\/ul>","protected":false},"excerpt":{"rendered":"<p>Carrello porta vassoi universali acciaio inox 30 vassoi Forcar Carrelli portavassoi CA 1475 senza pannello &#8211; CA 1475P Pannello bianco &#8211; CA 1475PI pannello inox Carrello portavassoi universali con possibilit\u00e0 di avere pannelli laterali in perfex bianco o in acciaio inox. Struttura in acciaio inox. Guide in filo di acciaio cromato. Ruote multidirezionali \u00f8 125 [&#8230;]","protected":false},"featured_media":124039,"comment_status":"closed","ping_status":"closed","template":"","meta":{"_monsterinsights_skip_tracking":false,"_monsterinsights_sitenote_active":false,"_monsterinsights_sitenote_note":"","_monsterinsights_sitenote_category":0},"product_brand":[624],"product_cat":[276,341,210,29,335],"product_tag":[],"class_list":{"0":"post-20437","1":"product","2":"type-product","3":"status-publish","4":"has-post-thumbnail","6":"product_brand-forcar","7":"product_cat-carrelli-di-servizio","8":"product_cat-accessori-self-service","9":"product_cat-carrelli-portapiatti","10":"product_cat-cesteria-e-carrelli","11":"product_cat-self-service","12":"product_shipping_class-744","13":"pa_marca-forcar","15":"first","16":"instock","17":"sale","18":"taxable","19":"shipping-taxable","20":"purchasable","21":"product-type-variable"},"_links":{"self":[{"href":"https:\/\/www.creaearredanegozi.it\/de\/wp-json\/wp\/v2\/product\/20437","targetHints":{"allow":["GET"]}}],"collection":[{"href":"https:\/\/www.creaearredanegozi.it\/de\/wp-json\/wp\/v2\/product"}],"about":[{"href":"https:\/\/www.creaearredanegozi.it\/de\/wp-json\/wp\/v2\/types\/product"}],"replies":[{"embeddable":true,"href":"https:\/\/www.creaearredanegozi.it\/de\/wp-json\/wp\/v2\/comments?post=20437"}],"wp:featuredmedia":[{"embeddable":true,"href":"https:\/\/www.creaearredanegozi.it\/de\/wp-json\/wp\/v2\/media\/124039"}],"wp:attachment":[{"href":"https:\/\/www.creaearredanegozi.it\/de\/wp-json\/wp\/v2\/media?parent=20437"}],"wp:term":[{"taxonomy":"product_brand","embeddable":true,"href":"https:\/\/www.creaearredanegozi.it\/de\/wp-json\/wp\/v2\/product_brand?post=20437"},{"taxonomy":"product_cat","embeddable":true,"href":"https:\/\/www.creaearredanegozi.it\/de\/wp-json\/wp\/v2\/product_cat?post=20437"},{"taxonomy":"product_tag","embeddable":true,"href":"https:\/\/www.creaearredanegozi.it\/de\/wp-json\/wp\/v2\/product_tag?post=20437"}],"curies":[{"name":"wp","href":"https:\/\/api.w.org\/{rel}","templated":true}]}}