{"id":20500,"date":"2019-02-28T12:08:51","date_gmt":"2019-02-28T11:08:51","guid":{"rendered":"https:\/\/www.creaearredanegozi.it\/?post_type=product&#038;p=20500"},"modified":"2025-12-03T20:39:36","modified_gmt":"2025-12-03T19:39:36","slug":"edelstahl-gebackwagen-85x65x94-cm-fur-16-backbleche-60x40-furcar-ca-1493","status":"publish","type":"product","link":"https:\/\/www.creaearredanegozi.it\/de\/edelstahl-gebackwagen-85x65x94-cm-fur-16-backbleche-60x40-furcar-ca-1493\/","title":{"rendered":"Edelstahl-Backwagen 72x87x94 cm f\u00fcr 16 Backbleche 60\u00d740 Forcar CA 1493"},"content":{"rendered":"<h3>Edelstahl Geb\u00e4ckwagen 16 Tabletts 60\u00d740 85x65x94 cm Forcar<\/h3>\n<p><strong>CA 1493 Schalenwagen<\/strong><\/p>\n<ul>\n<li>B\u00e4ckerei-Tablett-Wagen.<\/li>\n<li class=\"p1\">Rahmen und F\u00fchrungen aus rostfreiem Stahl.<\/li>\n<li>Gummi-Sto\u00dff\u00e4nger.<\/li>\n<li class=\"p1\">Multidirektionale R\u00e4der \u00f8 125 mm.<\/li>\n<li class=\"p1\">Kapazit\u00e4t 16 Backformen 60\u00d740 oder 8 Backformen 80\u00d760.<\/li>\n<li>T\u00f6pfe, Sch\u00fcsseln und Tabletts ausgenommen.<\/li>\n<li>8 cm Abstand zwischen den Schienen.<\/li>\n<li>Au\u00dfenma\u00dfe: 72x87x94h cm.<\/li>\n<\/ul>\n<p>Optional<\/p>\n<ul>\n<li>Satz mit 2 zus\u00e4tzlichen R\u00e4dern mit Bremse.<\/li>\n<\/ul>","protected":false},"excerpt":{"rendered":"<p>Carrello portateglie pasticceria acciaio inox 16 teglie 60&#215;40 85x65x94 cm Forcar Carrello porta teglie CA 1493 Carrello portateglie per pasticceria. Struttura e guide in acciaio inox. Paracolpi in gomma. Ruote multidirezionali \u00f8 125 mm. Capacit\u00e0 16 teglie da 60&#215;40 o 8 teglie 80&#215;60. Teglie, bacinelle e vassoi escluse. 8 cm di spazio tra le guide. [&#8230;]","protected":false},"featured_media":20498,"comment_status":"closed","ping_status":"closed","template":"","meta":{"_monsterinsights_skip_tracking":false,"_monsterinsights_sitenote_active":false,"_monsterinsights_sitenote_note":"","_monsterinsights_sitenote_category":0},"product_brand":[624],"product_cat":[754,276,210,29,708],"product_tag":[],"class_list":{"0":"post-20500","1":"product","2":"type-product","3":"status-publish","4":"has-post-thumbnail","6":"product_brand-forcar","7":"product_cat-carrelli-portateglie","8":"product_cat-carrelli-di-servizio","9":"product_cat-carrelli-portapiatti","10":"product_cat-cesteria-e-carrelli","11":"product_cat-pasticcerie","12":"product_shipping_class-f","14":"first","15":"instock","16":"sale","17":"taxable","18":"shipping-taxable","19":"purchasable","20":"product-type-simple"},"_links":{"self":[{"href":"https:\/\/www.creaearredanegozi.it\/de\/wp-json\/wp\/v2\/product\/20500","targetHints":{"allow":["GET"]}}],"collection":[{"href":"https:\/\/www.creaearredanegozi.it\/de\/wp-json\/wp\/v2\/product"}],"about":[{"href":"https:\/\/www.creaearredanegozi.it\/de\/wp-json\/wp\/v2\/types\/product"}],"replies":[{"embeddable":true,"href":"https:\/\/www.creaearredanegozi.it\/de\/wp-json\/wp\/v2\/comments?post=20500"}],"wp:featuredmedia":[{"embeddable":true,"href":"https:\/\/www.creaearredanegozi.it\/de\/wp-json\/wp\/v2\/media\/20498"}],"wp:attachment":[{"href":"https:\/\/www.creaearredanegozi.it\/de\/wp-json\/wp\/v2\/media?parent=20500"}],"wp:term":[{"taxonomy":"product_brand","embeddable":true,"href":"https:\/\/www.creaearredanegozi.it\/de\/wp-json\/wp\/v2\/product_brand?post=20500"},{"taxonomy":"product_cat","embeddable":true,"href":"https:\/\/www.creaearredanegozi.it\/de\/wp-json\/wp\/v2\/product_cat?post=20500"},{"taxonomy":"product_tag","embeddable":true,"href":"https:\/\/www.creaearredanegozi.it\/de\/wp-json\/wp\/v2\/product_tag?post=20500"}],"curies":[{"name":"wp","href":"https:\/\/api.w.org\/{rel}","templated":true}]}}