{"id":20656,"date":"2019-03-04T11:02:47","date_gmt":"2019-03-04T10:02:47","guid":{"rendered":"https:\/\/www.creaearredanegozi.it\/?post_type=product&#038;p=20656"},"modified":"2025-12-03T20:39:40","modified_gmt":"2025-12-03T19:39:40","slug":"professioneller-korbwagen-aus-edelstahl-65x65x170-cm-furcar-cp-1442","status":"publish","type":"product","link":"https:\/\/www.creaearredanegozi.it\/de\/professioneller-korbwagen-aus-edelstahl-65x65x170-cm-furcar-cp-1442\/","title":{"rendered":"Profi-Edelstahl-Korbwagen 65x65x170 cm Forcar CP 1442"},"content":{"rendered":"<h3>Forcar professioneller Geschirrsp\u00fclerwagen aus Edelstahl<\/h3>\n<p><strong>CP 1442 Korbwagen<\/strong><\/p>\n<ul>\n<li class=\"p1\">Korbwagen f\u00fcr Geschirrsp\u00fclmaschinen.<\/li>\n<li>Edelstahl-Rohrrahmen<\/li>\n<li>F\u00fcr K\u00f6rbe der Gr\u00f6\u00dfe 50\u00d750 cm<\/li>\n<li>Multidirektionale R\u00e4der \u00f8 125 mm.<\/li>\n<li>25 cm Abstand zwischen den einzelnen Schienen.<\/li>\n<li>6 Etagen<\/li>\n<li>Au\u00dfenma\u00dfe: 65x65x170h cm.<\/li>\n<li>K\u00f6rbe sind nicht enthalten.<\/li>\n<\/ul>","protected":false},"excerpt":{"rendered":"<p>Carrello portacesti lavastoviglie professionale acciaio inox Forcar Carrello porta cestelli CP 1442 Carrelli portacestelli per lavastoviglie. Struttura tubolare in acciaio inox Per cesti dimensione 50\u00d750 cm Ruote multidirezionali \u00f8 125 mm. 25 cm di spazio tra una guida e l&#8217;altra. 6 piani Dimensioni esterne: 65x65x170h cm. Cestelli non inclusi.<\/p>","protected":false},"featured_media":124146,"comment_status":"closed","ping_status":"closed","template":"","meta":{"_monsterinsights_skip_tracking":false,"_monsterinsights_sitenote_active":false,"_monsterinsights_sitenote_note":"","_monsterinsights_sitenote_category":0},"product_brand":[624],"product_cat":[103,341,29,335],"product_tag":[],"class_list":{"0":"post-20656","1":"product","2":"type-product","3":"status-publish","4":"has-post-thumbnail","6":"product_brand-forcar","7":"product_cat-carrellicestelli","8":"product_cat-accessori-self-service","9":"product_cat-cesteria-e-carrelli","10":"product_cat-self-service","11":"product_shipping_class-f","13":"first","14":"instock","15":"sale","16":"taxable","17":"shipping-taxable","18":"purchasable","19":"product-type-simple"},"_links":{"self":[{"href":"https:\/\/www.creaearredanegozi.it\/de\/wp-json\/wp\/v2\/product\/20656","targetHints":{"allow":["GET"]}}],"collection":[{"href":"https:\/\/www.creaearredanegozi.it\/de\/wp-json\/wp\/v2\/product"}],"about":[{"href":"https:\/\/www.creaearredanegozi.it\/de\/wp-json\/wp\/v2\/types\/product"}],"replies":[{"embeddable":true,"href":"https:\/\/www.creaearredanegozi.it\/de\/wp-json\/wp\/v2\/comments?post=20656"}],"wp:featuredmedia":[{"embeddable":true,"href":"https:\/\/www.creaearredanegozi.it\/de\/wp-json\/wp\/v2\/media\/124146"}],"wp:attachment":[{"href":"https:\/\/www.creaearredanegozi.it\/de\/wp-json\/wp\/v2\/media?parent=20656"}],"wp:term":[{"taxonomy":"product_brand","embeddable":true,"href":"https:\/\/www.creaearredanegozi.it\/de\/wp-json\/wp\/v2\/product_brand?post=20656"},{"taxonomy":"product_cat","embeddable":true,"href":"https:\/\/www.creaearredanegozi.it\/de\/wp-json\/wp\/v2\/product_cat?post=20656"},{"taxonomy":"product_tag","embeddable":true,"href":"https:\/\/www.creaearredanegozi.it\/de\/wp-json\/wp\/v2\/product_tag?post=20656"}],"curies":[{"name":"wp","href":"https:\/\/api.w.org\/{rel}","templated":true}]}}