{"id":20659,"date":"2019-03-04T11:21:38","date_gmt":"2019-03-04T10:21:38","guid":{"rendered":"https:\/\/www.creaearredanegozi.it\/?post_type=product&#038;p=20659"},"modified":"2025-12-03T20:39:41","modified_gmt":"2025-12-03T19:39:41","slug":"spulmaschinengestell-abs-53x56x92-21-cm-furcar-cp1447-cp1448","status":"publish","type":"product","link":"https:\/\/www.creaearredanegozi.it\/de\/spulmaschinengestell-abs-53x56x92-21-cm-furcar-cp1447-cp1448\/","title":{"rendered":"Sp\u00fclmaschinengestell f\u00fcr K\u00f6rbe max. 50\u00d750 ABS Wanne Forcar CP1447 - CP1448"},"content":{"rendered":"<h3>ABS Korbwagen cm Forcar<\/h3>\n<p><strong>CP 1447 Korbwagen (mit Griff) - CP 1448 (ohne Griff).<\/strong><\/p>\n<ul>\n<li class=\"p1\">Korbwagen f\u00fcr Geschirrsp\u00fclmaschinen.<\/li>\n<li>Maximale Korbgr\u00f6\u00dfe: 50\u00d750<\/li>\n<li>Erh\u00e4ltlich mit oder ohne Griff aus Edelstahl.<\/li>\n<li>ABS-Tank.<\/li>\n<li>Multidirektionale R\u00e4der \u00f8 125 mm.<\/li>\n<li>K\u00f6rbe sind nicht enthalten.<\/li>\n<li>Modell und \u00e4u\u00dfere Abmessungen:\n<ul>\n<li>CP1447 (mit Griff) 53x 56\u00d792(h)cm<\/li>\n<li>CP1448 (ohne Griff) 53x56x21(h) cm.<\/li>\n<\/ul>\n<\/li>\n<\/ul>","protected":false},"excerpt":{"rendered":"<p>Carrello portacestelli vasca ABS cm Forcar Carrello porta cestelli CP 1447 (con manico) &#8211; CP 1448 (senza manico). Carrello portacestelli per lavastoviglie. Dimensioni massime cesto: 50&#215;50 Disponibile con o senza manico in acciaio inox. Vasca in ABS. Ruote multidirezionali \u00f8 125 mm. Cestelli non inclusi. Modello e Dimensioni esterne: CP1447 (con manico) 53x 56&#215;92(h)cm CP1448 [&#8230;]","protected":false},"featured_media":124148,"comment_status":"closed","ping_status":"closed","template":"","meta":{"_monsterinsights_skip_tracking":false,"_monsterinsights_sitenote_active":false,"_monsterinsights_sitenote_note":"","_monsterinsights_sitenote_category":0},"product_brand":[624],"product_cat":[103,341,29,335],"product_tag":[],"class_list":{"0":"post-20659","1":"product","2":"type-product","3":"status-publish","4":"has-post-thumbnail","6":"product_brand-forcar","7":"product_cat-carrellicestelli","8":"product_cat-accessori-self-service","9":"product_cat-cesteria-e-carrelli","10":"product_cat-self-service","11":"pa_marca-forcar","13":"first","14":"instock","15":"taxable","16":"shipping-taxable","17":"purchasable","18":"product-type-variable"},"_links":{"self":[{"href":"https:\/\/www.creaearredanegozi.it\/de\/wp-json\/wp\/v2\/product\/20659","targetHints":{"allow":["GET"]}}],"collection":[{"href":"https:\/\/www.creaearredanegozi.it\/de\/wp-json\/wp\/v2\/product"}],"about":[{"href":"https:\/\/www.creaearredanegozi.it\/de\/wp-json\/wp\/v2\/types\/product"}],"replies":[{"embeddable":true,"href":"https:\/\/www.creaearredanegozi.it\/de\/wp-json\/wp\/v2\/comments?post=20659"}],"wp:featuredmedia":[{"embeddable":true,"href":"https:\/\/www.creaearredanegozi.it\/de\/wp-json\/wp\/v2\/media\/124148"}],"wp:attachment":[{"href":"https:\/\/www.creaearredanegozi.it\/de\/wp-json\/wp\/v2\/media?parent=20659"}],"wp:term":[{"taxonomy":"product_brand","embeddable":true,"href":"https:\/\/www.creaearredanegozi.it\/de\/wp-json\/wp\/v2\/product_brand?post=20659"},{"taxonomy":"product_cat","embeddable":true,"href":"https:\/\/www.creaearredanegozi.it\/de\/wp-json\/wp\/v2\/product_cat?post=20659"},{"taxonomy":"product_tag","embeddable":true,"href":"https:\/\/www.creaearredanegozi.it\/de\/wp-json\/wp\/v2\/product_tag?post=20659"}],"curies":[{"name":"wp","href":"https:\/\/api.w.org\/{rel}","templated":true}]}}