{"id":20676,"date":"2019-03-05T18:03:20","date_gmt":"2019-03-05T17:03:20","guid":{"rendered":"https:\/\/www.creaearredanegozi.it\/?post_type=product&#038;p=20676"},"modified":"2025-12-03T20:39:41","modified_gmt":"2025-12-03T19:39:41","slug":"carrello-portacestelli-professionale-acciaio-inox-52x58x96-20-cm-forcar-cp1445-cp1446","status":"publish","type":"product","link":"https:\/\/www.creaearredanegozi.it\/de\/carrello-portacestelli-professionale-acciaio-inox-52x58x96-20-cm-forcar-cp1445-cp1446\/","title":{"rendered":"Profi-Edelstahl-Korbwagen f\u00fcr K\u00f6rbe max. 50\u00d750 cm Forcar CP1445 - CP1446"},"content":{"rendered":"<h3>Carrello portacestelli acciaio inox 52x58x96\/20 cm Forcar<\/h3>\n<p><strong>Carrelli porta cestelli CP 1445 &#8211; CP 1446<\/strong><\/p>\n<ul>\n<li class=\"p1\">Korbwagen f\u00fcr Geschirrsp\u00fclmaschinen.<\/li>\n<li>Dimensioni cesti massima 50&#215;50 cm<\/li>\n<li>Beh\u00e4lter aus rostfreiem Stahl.<\/li>\n<li>Con manico o senza manico.<\/li>\n<li>Multidirektionale R\u00e4der \u00f8 125 mm.<\/li>\n<li>Ceste non incluse.<\/li>\n<li>Modelli e Dimensioni esterne: CP1445 con manico: 52x58x96h cm e CP1446 Senza manico: 52x52x20h cm.<\/li>\n<\/ul>","protected":false},"excerpt":{"rendered":"<p>Carrello portacestelli acciaio inox 52x58x96\/20 cm Forcar Carrelli porta cestelli CP 1445 &#8211; CP 1446 Carrello portacestelli per lavastoviglie. Dimensioni cesti massima 50&#215;50 cm Vasca in acciaio inox. Con manico o senza manico. Ruote multidirezionali \u00f8 125 mm. Ceste non incluse. Modelli e Dimensioni esterne: CP1445 con manico: 52x58x96h cm e CP1446 Senza manico: 52x52x20h [&#8230;]","protected":false},"featured_media":124150,"comment_status":"closed","ping_status":"closed","template":"","meta":{"_monsterinsights_skip_tracking":false,"_monsterinsights_sitenote_active":false,"_monsterinsights_sitenote_note":"","_monsterinsights_sitenote_category":0},"product_brand":[624],"product_cat":[103,341,29,335],"product_tag":[],"class_list":{"0":"post-20676","1":"product","2":"type-product","3":"status-publish","4":"has-post-thumbnail","6":"product_brand-forcar","7":"product_cat-carrellicestelli","8":"product_cat-accessori-self-service","9":"product_cat-cesteria-e-carrelli","10":"product_cat-self-service","11":"pa_marca-forcar","13":"first","14":"instock","15":"sale","16":"taxable","17":"shipping-taxable","18":"purchasable","19":"product-type-variable"},"_links":{"self":[{"href":"https:\/\/www.creaearredanegozi.it\/de\/wp-json\/wp\/v2\/product\/20676","targetHints":{"allow":["GET"]}}],"collection":[{"href":"https:\/\/www.creaearredanegozi.it\/de\/wp-json\/wp\/v2\/product"}],"about":[{"href":"https:\/\/www.creaearredanegozi.it\/de\/wp-json\/wp\/v2\/types\/product"}],"replies":[{"embeddable":true,"href":"https:\/\/www.creaearredanegozi.it\/de\/wp-json\/wp\/v2\/comments?post=20676"}],"wp:featuredmedia":[{"embeddable":true,"href":"https:\/\/www.creaearredanegozi.it\/de\/wp-json\/wp\/v2\/media\/124150"}],"wp:attachment":[{"href":"https:\/\/www.creaearredanegozi.it\/de\/wp-json\/wp\/v2\/media?parent=20676"}],"wp:term":[{"taxonomy":"product_brand","embeddable":true,"href":"https:\/\/www.creaearredanegozi.it\/de\/wp-json\/wp\/v2\/product_brand?post=20676"},{"taxonomy":"product_cat","embeddable":true,"href":"https:\/\/www.creaearredanegozi.it\/de\/wp-json\/wp\/v2\/product_cat?post=20676"},{"taxonomy":"product_tag","embeddable":true,"href":"https:\/\/www.creaearredanegozi.it\/de\/wp-json\/wp\/v2\/product_tag?post=20676"}],"curies":[{"name":"wp","href":"https:\/\/api.w.org\/{rel}","templated":true}]}}