{"id":20740,"date":"2019-03-07T11:01:05","date_gmt":"2019-03-07T10:01:05","guid":{"rendered":"https:\/\/www.creaearredanegozi.it\/?post_type=product&#038;p=20740"},"modified":"2025-12-03T20:39:43","modified_gmt":"2025-12-03T19:39:43","slug":"fruhstuckstischwagen-edelstahl-holzplatte-oder-80x80h-cm-furcar-cb980-und-cb980w","status":"publish","type":"product","link":"https:\/\/www.creaearredanegozi.it\/de\/fruhstuckstischwagen-edelstahl-holzplatte-oder-80x80h-cm-furcar-cb980-und-cb980w\/","title":{"rendered":"Trolley Fr\u00fchst\u00fcckstisch Edelstahl Holzplatte \u00d8 80x80h cm Forcar CB980 und CB980CA"},"content":{"rendered":"<h3>Fr\u00fchst\u00fcckswagen Edelstahl klappbar Holzplatte \u00d8 80x80h cm Forcar<\/h3>\n<p><strong>CB 980 Nussbaum und CB 980CA Carbon Fr\u00fchst\u00fcckswagen<\/strong><\/p>\n<ul>\n<li class=\"p1\">Tragende Struktur aus Edelstahlrohr.<\/li>\n<li class=\"p1\">Regal mit Fl\u00fcgelt\u00fcren, aus Melamin.<\/li>\n<li class=\"p1\">Bis zu 90\u00b0 drehbares Service-Regal mit der M\u00f6glichkeit, die Wagen ineinander zu schieben, um das Durcheinander zu minimieren.<\/li>\n<li class=\"p1\">Multidirektionale R\u00e4der, 2 davon mit Bremse.<\/li>\n<li>Erh\u00e4ltlich in den Farben: Walnuss und Carbon<\/li>\n<li>Au\u00dfenabmessungen: offen: <b>\u00d880\u00d780<\/b><strong>h cm <\/strong>geschlossen: <strong>80x53x80h cm.<\/strong><\/li>\n<\/ul>\n<p><em>*ohne untere Thermokassette<\/em><\/p>","protected":false},"excerpt":{"rendered":"<p>Carrelli breakfast acciaio inox richiudibile piano in legno \u00d8 80x80h cm Forcar Carrello per la colazione CB 980 Noce e CB 980CA Carbon Struttura portante in tubo di acciaio inox. Ripiano con antine ribaltabili, in nobilitato. Ripiano di servizio ruotabile sino a 90\u00b0, con possibilit\u00e0 di incastrare i carrelli uno dentro l\u2019altro per ridurre al [&#8230;]","protected":false},"featured_media":124159,"comment_status":"closed","ping_status":"closed","template":"","meta":{"_monsterinsights_skip_tracking":false,"_monsterinsights_sitenote_active":false,"_monsterinsights_sitenote_note":"","_monsterinsights_sitenote_category":0},"product_brand":[624],"product_cat":[341,103,29,335],"product_tag":[],"class_list":{"0":"post-20740","1":"product","2":"type-product","3":"status-publish","4":"has-post-thumbnail","6":"product_brand-forcar","7":"product_cat-accessori-self-service","8":"product_cat-carrellicestelli","9":"product_cat-cesteria-e-carrelli","10":"product_cat-self-service","11":"product_shipping_class-f","12":"pa_marca-forcar","14":"first","15":"instock","16":"sale","17":"taxable","18":"shipping-taxable","19":"purchasable","20":"product-type-variable"},"_links":{"self":[{"href":"https:\/\/www.creaearredanegozi.it\/de\/wp-json\/wp\/v2\/product\/20740","targetHints":{"allow":["GET"]}}],"collection":[{"href":"https:\/\/www.creaearredanegozi.it\/de\/wp-json\/wp\/v2\/product"}],"about":[{"href":"https:\/\/www.creaearredanegozi.it\/de\/wp-json\/wp\/v2\/types\/product"}],"replies":[{"embeddable":true,"href":"https:\/\/www.creaearredanegozi.it\/de\/wp-json\/wp\/v2\/comments?post=20740"}],"wp:featuredmedia":[{"embeddable":true,"href":"https:\/\/www.creaearredanegozi.it\/de\/wp-json\/wp\/v2\/media\/124159"}],"wp:attachment":[{"href":"https:\/\/www.creaearredanegozi.it\/de\/wp-json\/wp\/v2\/media?parent=20740"}],"wp:term":[{"taxonomy":"product_brand","embeddable":true,"href":"https:\/\/www.creaearredanegozi.it\/de\/wp-json\/wp\/v2\/product_brand?post=20740"},{"taxonomy":"product_cat","embeddable":true,"href":"https:\/\/www.creaearredanegozi.it\/de\/wp-json\/wp\/v2\/product_cat?post=20740"},{"taxonomy":"product_tag","embeddable":true,"href":"https:\/\/www.creaearredanegozi.it\/de\/wp-json\/wp\/v2\/product_tag?post=20740"}],"curies":[{"name":"wp","href":"https:\/\/api.w.org\/{rel}","templated":true}]}}