{"id":20760,"date":"2019-03-07T18:40:37","date_gmt":"2019-03-07T17:40:37","guid":{"rendered":"https:\/\/www.creaearredanegozi.it\/?post_type=product&#038;p=20760"},"modified":"2025-12-03T20:39:43","modified_gmt":"2025-12-03T19:39:43","slug":"warmekassettenwagen-edelstahl-struktur-155x61x132h-cm-furcar-cpc-600","status":"publish","type":"product","link":"https:\/\/www.creaearredanegozi.it\/de\/warmekassettenwagen-edelstahl-struktur-155x61x132h-cm-furcar-cpc-600\/","title":{"rendered":"Wagen f\u00fcr Thermokassetten Struktur aus rostfreiem Stahl 155x61x132h cm F\u00fcr Auto CPC 600"},"content":{"rendered":"<h3>Struktur aus rostfreiem Stahl f\u00fcr N 6 Thermokassetten 155x61x132h cm Forcar<\/h3>\n<p><strong>CPC 600 Thermokassettenwagen<\/strong><br \/>\nThermokassettenwagen Mod. CTS300 mit elektrischem Anschluss.<\/p>\n<ul>\n<li class=\"p1\">Rahmen aus rostfreiem Stahl 25\u00d725 cm.<\/li>\n<li class=\"p1\">Rutschen zur Aufnahme von 6 Thermokassetten. (Kassetten nicht enthalten).<\/li>\n<li class=\"p1\">Maximale Leistungsaufnahme 1500 W 230 V 50\/60Hz.<\/li>\n<li class=\"p1\">R\u00e4der \u00f8 125 mm, davon 2 mit Bremse.<\/li>\n<li>Au\u00dfenma\u00dfe: 155 x 61 x 132(h) cm - \u00f833 cm.<\/li>\n<\/ul>\n<blockquote><p>Ausgenommen Kassetten<\/p><\/blockquote>","protected":false},"excerpt":{"rendered":"<p>Struttura acciaio inox per N 6 cassette termiche 155x61x132h cm Forcar Carrello porta cassetta termica CPC 600 Carrello porta cassette termiche Mod. CTS300 con allacciamento elettrico. Struttura tubolare 25\u00d725 cm in acciaio inox. Guide per contenere n.6 cassette termiche. (cassette non incluse). Assorbimento massimo 1500 W 230 V 50\/60Hz. Ruote \u00f8 125 mm di cui [&#8230;]","protected":false},"featured_media":124166,"comment_status":"closed","ping_status":"closed","template":"","meta":{"_monsterinsights_skip_tracking":false,"_monsterinsights_sitenote_active":false,"_monsterinsights_sitenote_note":"","_monsterinsights_sitenote_category":0},"product_brand":[624],"product_cat":[210,29],"product_tag":[],"class_list":{"0":"post-20760","1":"product","2":"type-product","3":"status-publish","4":"has-post-thumbnail","6":"product_brand-forcar","7":"product_cat-carrelli-portapiatti","8":"product_cat-cesteria-e-carrelli","9":"product_shipping_class-f","10":"pa_marca-forcar","12":"first","13":"instock","14":"sale","15":"taxable","16":"shipping-taxable","17":"purchasable","18":"product-type-simple"},"_links":{"self":[{"href":"https:\/\/www.creaearredanegozi.it\/de\/wp-json\/wp\/v2\/product\/20760","targetHints":{"allow":["GET"]}}],"collection":[{"href":"https:\/\/www.creaearredanegozi.it\/de\/wp-json\/wp\/v2\/product"}],"about":[{"href":"https:\/\/www.creaearredanegozi.it\/de\/wp-json\/wp\/v2\/types\/product"}],"replies":[{"embeddable":true,"href":"https:\/\/www.creaearredanegozi.it\/de\/wp-json\/wp\/v2\/comments?post=20760"}],"wp:featuredmedia":[{"embeddable":true,"href":"https:\/\/www.creaearredanegozi.it\/de\/wp-json\/wp\/v2\/media\/124166"}],"wp:attachment":[{"href":"https:\/\/www.creaearredanegozi.it\/de\/wp-json\/wp\/v2\/media?parent=20760"}],"wp:term":[{"taxonomy":"product_brand","embeddable":true,"href":"https:\/\/www.creaearredanegozi.it\/de\/wp-json\/wp\/v2\/product_brand?post=20760"},{"taxonomy":"product_cat","embeddable":true,"href":"https:\/\/www.creaearredanegozi.it\/de\/wp-json\/wp\/v2\/product_cat?post=20760"},{"taxonomy":"product_tag","embeddable":true,"href":"https:\/\/www.creaearredanegozi.it\/de\/wp-json\/wp\/v2\/product_tag?post=20760"}],"curies":[{"name":"wp","href":"https:\/\/api.w.org\/{rel}","templated":true}]}}