{"id":20794,"date":"2019-03-08T10:03:21","date_gmt":"2019-03-08T09:03:21","guid":{"rendered":"https:\/\/www.creaearredanegozi.it\/?post_type=product&#038;p=20794"},"modified":"2025-12-03T20:39:43","modified_gmt":"2025-12-03T19:39:43","slug":"profi-behalter-115-lt-auf-radern-aus-edelstahl-61x40x73-cm-fur-wagen-av4666-av4680","status":"publish","type":"product","link":"https:\/\/www.creaearredanegozi.it\/de\/profi-behalter-115-lt-auf-radern-aus-edelstahl-61x40x73-cm-fur-wagen-av4666-av4680\/","title":{"rendered":"Professional Hopper 115 Lt auf Edelstahlr\u00e4dern 61x40x73 cm Forcar AV4666 \/ AV4680"},"content":{"rendered":"<h3>Professional Hopper 115 Lt auf Edelstahlr\u00e4dern 61x40x73 cm Forcar<\/h3>\n<p><strong>M\u00fclleimer und Abfallbeh\u00e4lter AV 4666 und AV 4680<\/strong><\/p>\n<ul>\n<li class=\"p1\">Beh\u00e4lter auf R\u00e4dern, komplett aus geb\u00fcrstetem Edelstahl, mit abnehmbarem Deckel.<\/li>\n<li>\u00c4u\u00dfere Abmessungen: <b>61x40x73h cm<\/b><\/li>\n<li>Auch mit internem wasserdichtem Abscheider erh\u00e4ltlich.<\/li>\n<\/ul>\n<p>Nicht f\u00fcr den direkten Kontakt mit Lebensmitteln geeignet.<\/p>","protected":false},"excerpt":{"rendered":"<p>Tramoggia Professionale 115 Lt su Ruote Acciaio Inox 61x40x73 cm Forcar Pattumiera e portarifiuti AV 4666 e AV 4680 Tramoggia su ruote costruita interamente in acciaio inox satinato con coperchio asportabile. Dimensioni esterne: 61x40x73h cm Disponibile anche con separatore interno a tenuta stagna. Non idonea al contatto diretto con gli alimenti.<\/p>","protected":false},"featured_media":125487,"comment_status":"closed","ping_status":"closed","template":"","meta":{"_monsterinsights_skip_tracking":false,"_monsterinsights_sitenote_active":false,"_monsterinsights_sitenote_note":"","_monsterinsights_sitenote_category":0},"product_brand":[624],"product_cat":[285,18],"product_tag":[],"class_list":{"0":"post-20794","1":"product","2":"type-product","3":"status-publish","4":"has-post-thumbnail","6":"product_brand-forcar","7":"product_cat-tramogge-e-pattumiere","8":"product_cat-arredo-acciaio-inox","9":"product_shipping_class-206","10":"pa_marca-forcar","12":"first","13":"instock","14":"sale","15":"taxable","16":"shipping-taxable","17":"purchasable","18":"product-type-variable"},"_links":{"self":[{"href":"https:\/\/www.creaearredanegozi.it\/de\/wp-json\/wp\/v2\/product\/20794","targetHints":{"allow":["GET"]}}],"collection":[{"href":"https:\/\/www.creaearredanegozi.it\/de\/wp-json\/wp\/v2\/product"}],"about":[{"href":"https:\/\/www.creaearredanegozi.it\/de\/wp-json\/wp\/v2\/types\/product"}],"replies":[{"embeddable":true,"href":"https:\/\/www.creaearredanegozi.it\/de\/wp-json\/wp\/v2\/comments?post=20794"}],"wp:featuredmedia":[{"embeddable":true,"href":"https:\/\/www.creaearredanegozi.it\/de\/wp-json\/wp\/v2\/media\/125487"}],"wp:attachment":[{"href":"https:\/\/www.creaearredanegozi.it\/de\/wp-json\/wp\/v2\/media?parent=20794"}],"wp:term":[{"taxonomy":"product_brand","embeddable":true,"href":"https:\/\/www.creaearredanegozi.it\/de\/wp-json\/wp\/v2\/product_brand?post=20794"},{"taxonomy":"product_cat","embeddable":true,"href":"https:\/\/www.creaearredanegozi.it\/de\/wp-json\/wp\/v2\/product_cat?post=20794"},{"taxonomy":"product_tag","embeddable":true,"href":"https:\/\/www.creaearredanegozi.it\/de\/wp-json\/wp\/v2\/product_tag?post=20794"}],"curies":[{"name":"wp","href":"https:\/\/api.w.org\/{rel}","templated":true}]}}