{"id":20800,"date":"2019-03-08T10:11:44","date_gmt":"2019-03-08T09:11:44","guid":{"rendered":"https:\/\/www.creaearredanegozi.it\/?post_type=product&#038;p=20800"},"modified":"2025-12-09T11:52:55","modified_gmt":"2025-12-09T10:52:55","slug":"professionelle-abfallbehalter-fur-recycling-polyethylen-80-l-furcar-av-4682","status":"publish","type":"product","link":"https:\/\/www.creaearredanegozi.it\/de\/professionelle-abfallbehalter-fur-recycling-polyethylen-80-l-furcar-av-4682\/","title":{"rendered":"Professionelle Abfallbeh\u00e4lter f\u00fcr die getrennte Sammlung Polyethylen 80 Lt Forcar AV 4682"},"content":{"rendered":"<h2>Recycling-Beh\u00e4lter aus Polyethylen 80 Lt 54x49x85 cm Forcar AV4682<\/h2>\n<p><strong>M\u00fclleimer und Abfallbeh\u00e4lter AV 4682Y - AV 4682B - AV 4682R - AV 4682G<\/strong><\/p>\n<ul>\n<li class=\"p1\">Polyethylen-Beh\u00e4lter f\u00fcr die getrennte Abfallsammlung.<\/li>\n<li class=\"p1\">Graue Struktur.<\/li>\n<li>Farbiger Deckel nach Wahl.<\/li>\n<li class=\"p1\">R\u00e4der \u00d8 143 mm.<\/li>\n<li class=\"p1\">Stapelbar mit montierten R\u00e4dern.<\/li>\n<li>Fassungsverm\u00f6gen 80 Liter.<\/li>\n<li>\u00c4u\u00dfere Abmessungen: <strong>54<\/strong><b>x49x85h cm.<\/b><\/li>\n<\/ul>\n<p><em>Mindestbestellmenge: 4 St\u00fcck<\/em><\/p>","protected":false},"excerpt":{"rendered":"<p><span style=\"font-size: 95%;\"><em>Mindestbestellmenge 4 St\u00fcck, auch gemischt<\/em><\/span><\/p>","protected":false},"featured_media":129103,"comment_status":"closed","ping_status":"closed","template":"","meta":{"_monsterinsights_skip_tracking":false,"_monsterinsights_sitenote_active":false,"_monsterinsights_sitenote_note":"","_monsterinsights_sitenote_category":0},"product_brand":[624],"product_cat":[285],"product_tag":[],"class_list":{"0":"post-20800","1":"product","2":"type-product","3":"status-publish","4":"has-post-thumbnail","6":"product_brand-forcar","7":"product_cat-tramogge-e-pattumiere","8":"product_shipping_class-38","9":"pa_marca-forcar","11":"first","12":"instock","13":"taxable","14":"shipping-taxable","15":"purchasable","16":"product-type-variable"},"_links":{"self":[{"href":"https:\/\/www.creaearredanegozi.it\/de\/wp-json\/wp\/v2\/product\/20800","targetHints":{"allow":["GET"]}}],"collection":[{"href":"https:\/\/www.creaearredanegozi.it\/de\/wp-json\/wp\/v2\/product"}],"about":[{"href":"https:\/\/www.creaearredanegozi.it\/de\/wp-json\/wp\/v2\/types\/product"}],"replies":[{"embeddable":true,"href":"https:\/\/www.creaearredanegozi.it\/de\/wp-json\/wp\/v2\/comments?post=20800"}],"wp:featuredmedia":[{"embeddable":true,"href":"https:\/\/www.creaearredanegozi.it\/de\/wp-json\/wp\/v2\/media\/129103"}],"wp:attachment":[{"href":"https:\/\/www.creaearredanegozi.it\/de\/wp-json\/wp\/v2\/media?parent=20800"}],"wp:term":[{"taxonomy":"product_brand","embeddable":true,"href":"https:\/\/www.creaearredanegozi.it\/de\/wp-json\/wp\/v2\/product_brand?post=20800"},{"taxonomy":"product_cat","embeddable":true,"href":"https:\/\/www.creaearredanegozi.it\/de\/wp-json\/wp\/v2\/product_cat?post=20800"},{"taxonomy":"product_tag","embeddable":true,"href":"https:\/\/www.creaearredanegozi.it\/de\/wp-json\/wp\/v2\/product_tag?post=20800"}],"curies":[{"name":"wp","href":"https:\/\/api.w.org\/{rel}","templated":true}]}}