{"id":20837,"date":"2019-03-08T10:58:59","date_gmt":"2019-03-08T09:58:59","guid":{"rendered":"https:\/\/www.creaearredanegozi.it\/?post_type=product&#038;p=20837"},"modified":"2025-12-03T20:39:44","modified_gmt":"2025-12-03T19:39:44","slug":"professioneller-edelstahl-pedaleimer-fur-auto-av4660-av4661-av4663","status":"publish","type":"product","link":"https:\/\/www.creaearredanegozi.it\/de\/professioneller-edelstahl-pedaleimer-fur-auto-av4660-av4661-av4663\/","title":{"rendered":"Professioneller M\u00fclleimer Edelstahl Fu\u00dfpedalsteuerung f\u00fcr Auto AV4660 AV4661 AV4663"},"content":{"rendered":"<h3>Pedalbet\u00e4tigter Abfallbeh\u00e4lter aus Edelstahl \u00d8 32\/41 Forcar<\/h3>\n<p><strong>Profi-Eimer und Abfalleimer AV 4660 - AV 4661 - AV 4663<\/strong><\/p>\n<ul>\n<li class=\"p1\">\n<p class=\"p1\">Runde Beh\u00e4lter aus rostfreiem Stahl mit innerem Metallkorb und Pedal.<\/p>\n<\/li>\n<li>\u00c4u\u00dfere Abmessungen:\n<ul>\n<li><b><strong>AV4660 <\/strong>\u00d8 32-59 h \/ 30 l<\/b><\/li>\n<li><b><strong>AV4661 <\/strong>\u00d8 32-74 h \/ 40 l<\/b><\/li>\n<li><strong><b>AV4663 \u00d8 41-71 h \/ 80 l<\/b><\/strong><\/li>\n<\/ul>\n<\/li>\n<\/ul>","protected":false},"excerpt":{"rendered":"<p>Portarifiuti acciaio inox comando pedale \u00d8 32\/41 Forcar Pattumiera e Portarifiuti Professionale\u00a0 AV 4660 &#8211; AV 4661 &#8211; AV 4663 Pattumiere tonde in acciaio inox con cestello interno in metallo e pedale. Dimensioni esterne: AV4660 \u00d8 32-59 h \/ 30 lt. AV4661 \u00d8 32-74 h \/ 40 lt. AV4663 \u00d8 41-71 h \/ 80 lt.<\/p>","protected":false},"featured_media":20839,"comment_status":"closed","ping_status":"closed","template":"","meta":{"_monsterinsights_skip_tracking":false,"_monsterinsights_sitenote_active":false,"_monsterinsights_sitenote_note":"","_monsterinsights_sitenote_category":0},"product_brand":[624],"product_cat":[285,18],"product_tag":[],"class_list":{"0":"post-20837","1":"product","2":"type-product","3":"status-publish","4":"has-post-thumbnail","6":"product_brand-forcar","7":"product_cat-tramogge-e-pattumiere","8":"product_cat-arredo-acciaio-inox","9":"product_shipping_class-215","10":"pa_marca-forcar","12":"first","13":"instock","14":"sale","15":"taxable","16":"shipping-taxable","17":"purchasable","18":"product-type-variable"},"_links":{"self":[{"href":"https:\/\/www.creaearredanegozi.it\/de\/wp-json\/wp\/v2\/product\/20837","targetHints":{"allow":["GET"]}}],"collection":[{"href":"https:\/\/www.creaearredanegozi.it\/de\/wp-json\/wp\/v2\/product"}],"about":[{"href":"https:\/\/www.creaearredanegozi.it\/de\/wp-json\/wp\/v2\/types\/product"}],"replies":[{"embeddable":true,"href":"https:\/\/www.creaearredanegozi.it\/de\/wp-json\/wp\/v2\/comments?post=20837"}],"wp:featuredmedia":[{"embeddable":true,"href":"https:\/\/www.creaearredanegozi.it\/de\/wp-json\/wp\/v2\/media\/20839"}],"wp:attachment":[{"href":"https:\/\/www.creaearredanegozi.it\/de\/wp-json\/wp\/v2\/media?parent=20837"}],"wp:term":[{"taxonomy":"product_brand","embeddable":true,"href":"https:\/\/www.creaearredanegozi.it\/de\/wp-json\/wp\/v2\/product_brand?post=20837"},{"taxonomy":"product_cat","embeddable":true,"href":"https:\/\/www.creaearredanegozi.it\/de\/wp-json\/wp\/v2\/product_cat?post=20837"},{"taxonomy":"product_tag","embeddable":true,"href":"https:\/\/www.creaearredanegozi.it\/de\/wp-json\/wp\/v2\/product_tag?post=20837"}],"curies":[{"name":"wp","href":"https:\/\/api.w.org\/{rel}","templated":true}]}}