{"id":20844,"date":"2019-03-08T11:21:27","date_gmt":"2019-03-08T10:21:27","guid":{"rendered":"https:\/\/www.creaearredanegozi.it\/?post_type=product&#038;p=20844"},"modified":"2025-12-03T20:39:44","modified_gmt":"2025-12-03T19:39:44","slug":"portarifiuti-professionale-acciaio-inox-con-ruote-o-39x60h-cm-63-litri-forcar-av4671","status":"publish","type":"product","link":"https:\/\/www.creaearredanegozi.it\/de\/portarifiuti-professionale-acciaio-inox-con-ruote-o-39x60h-cm-63-litri-forcar-av4671\/","title":{"rendered":"Profi-Abfalleimer Edelstahl mit R\u00e4dern \u00d8 39x60h cm 63 Liter Forcar AV4671"},"content":{"rendered":"<h3>Portarifiuti acciaio inox con ruote \u00d8 39&#215;60 h 63 Lt Forcar<\/h3>\n<p><strong>M\u00fclleimer und Abfallbeh\u00e4lter AV 4671<\/strong><\/p>\n<ul>\n<li class=\"p1\">Pattumiera portarifiuti tondo.<\/li>\n<li>Con ruote.<\/li>\n<li>Senza pedale.<\/li>\n<li>\u00c4u\u00dfere Abmessungen: <b>\u00d8 39-60 h \/ 63 litri.<\/b><\/li>\n<\/ul>","protected":false},"excerpt":{"rendered":"<p>Portarifiuti acciaio inox con ruote \u00d8 39&#215;60 h 63 Lt Forcar Pattumiera e portarifiuti AV 4671 Pattumiera portarifiuti tondo. Con ruote. Senza pedale. Dimensioni esterne: \u00d8 39-60 h \/ 63 litri.<\/p>","protected":false},"featured_media":125489,"comment_status":"closed","ping_status":"closed","template":"","meta":{"_monsterinsights_skip_tracking":false,"_monsterinsights_sitenote_active":false,"_monsterinsights_sitenote_note":"","_monsterinsights_sitenote_category":0},"product_brand":[624],"product_cat":[285,18],"product_tag":[],"class_list":{"0":"post-20844","1":"product","2":"type-product","3":"status-publish","4":"has-post-thumbnail","6":"product_brand-forcar","7":"product_cat-tramogge-e-pattumiere","8":"product_cat-arredo-acciaio-inox","9":"product_shipping_class-f","10":"pa_marca-forcar","12":"first","13":"instock","14":"sale","15":"taxable","16":"shipping-taxable","17":"purchasable","18":"product-type-simple"},"_links":{"self":[{"href":"https:\/\/www.creaearredanegozi.it\/de\/wp-json\/wp\/v2\/product\/20844","targetHints":{"allow":["GET"]}}],"collection":[{"href":"https:\/\/www.creaearredanegozi.it\/de\/wp-json\/wp\/v2\/product"}],"about":[{"href":"https:\/\/www.creaearredanegozi.it\/de\/wp-json\/wp\/v2\/types\/product"}],"replies":[{"embeddable":true,"href":"https:\/\/www.creaearredanegozi.it\/de\/wp-json\/wp\/v2\/comments?post=20844"}],"wp:featuredmedia":[{"embeddable":true,"href":"https:\/\/www.creaearredanegozi.it\/de\/wp-json\/wp\/v2\/media\/125489"}],"wp:attachment":[{"href":"https:\/\/www.creaearredanegozi.it\/de\/wp-json\/wp\/v2\/media?parent=20844"}],"wp:term":[{"taxonomy":"product_brand","embeddable":true,"href":"https:\/\/www.creaearredanegozi.it\/de\/wp-json\/wp\/v2\/product_brand?post=20844"},{"taxonomy":"product_cat","embeddable":true,"href":"https:\/\/www.creaearredanegozi.it\/de\/wp-json\/wp\/v2\/product_cat?post=20844"},{"taxonomy":"product_tag","embeddable":true,"href":"https:\/\/www.creaearredanegozi.it\/de\/wp-json\/wp\/v2\/product_tag?post=20844"}],"curies":[{"name":"wp","href":"https:\/\/api.w.org\/{rel}","templated":true}]}}