{"id":20851,"date":"2019-03-08T11:29:20","date_gmt":"2019-03-08T10:29:20","guid":{"rendered":"https:\/\/www.creaearredanegozi.it\/?post_type=product&#038;p=20851"},"modified":"2025-12-03T20:39:44","modified_gmt":"2025-12-03T19:39:44","slug":"professioneller-rechteckiger-abfallbehalter-aus-edelstahl-mit-radern-und-pedal-furcar-av-4652-av-4654","status":"publish","type":"product","link":"https:\/\/www.creaearredanegozi.it\/de\/professioneller-rechteckiger-abfallbehalter-aus-edelstahl-mit-radern-und-pedal-furcar-av-4652-av-4654\/","title":{"rendered":"Professioneller rechteckiger Abfalleimer aus Edelstahl mit R\u00e4dern und Pedal Forcar AV 4652 AV 4654"},"content":{"rendered":"<p><strong>Rechteckiger Edelstahlbeh\u00e4lter mit R\u00e4dern und Pedal 100\/70 Lt Forcar<\/strong><\/p>\n<p><strong>M\u00fclleimer und Abfallbeh\u00e4lter AV 4652 und AV 4654<\/strong><\/p>\n<ul>\n<li class=\"p1\">Professionelle rechteckige M\u00fclltonne.<\/li>\n<li>Rahmen aus rostfreiem Stahl mit \u00d6ffnungssteuerung per Fu\u00dfpedal.<\/li>\n<li class=\"p1\">Entnahme des vorderen Beutels.<\/li>\n<li>2 R\u00e4der.<\/li>\n<\/ul>\n<p>\u00c4u\u00dfere Abmessungen:<\/p>\n<ul>\n<li><b>AV4652 49x50x101h cm, 100 Liter <\/b><\/li>\n<li><strong>AV4654 49x50x79h cm, 70 Liter.<\/strong><\/li>\n<\/ul>","protected":false},"excerpt":{"rendered":"<p>Portarifiuti rettangolare acciaio inox ruote e pedale 100\/70 Lt Forcar Pattumiera e portarifiuti AV 4652 e AV 4654 Pattumiera rettangolare professionale. Struttura in acciaio inox comando apertura a pedale. Estrazione sacco anteriore. 2 ruote. Dimensioni esterne: AV4652 49x50x101h cm, 100 Litri AV4654 49x50x79h cm, 70 Litri.<\/p>","protected":false},"featured_media":125495,"comment_status":"closed","ping_status":"closed","template":"","meta":{"_monsterinsights_skip_tracking":false,"_monsterinsights_sitenote_active":false,"_monsterinsights_sitenote_note":"","_monsterinsights_sitenote_category":0},"product_brand":[624],"product_cat":[285,18],"product_tag":[],"class_list":{"0":"post-20851","1":"product","2":"type-product","3":"status-publish","4":"has-post-thumbnail","6":"product_brand-forcar","7":"product_cat-tramogge-e-pattumiere","8":"product_cat-arredo-acciaio-inox","9":"product_shipping_class-215","10":"pa_marca-forcar","12":"first","13":"instock","14":"sale","15":"taxable","16":"shipping-taxable","17":"purchasable","18":"product-type-variable"},"_links":{"self":[{"href":"https:\/\/www.creaearredanegozi.it\/de\/wp-json\/wp\/v2\/product\/20851","targetHints":{"allow":["GET"]}}],"collection":[{"href":"https:\/\/www.creaearredanegozi.it\/de\/wp-json\/wp\/v2\/product"}],"about":[{"href":"https:\/\/www.creaearredanegozi.it\/de\/wp-json\/wp\/v2\/types\/product"}],"replies":[{"embeddable":true,"href":"https:\/\/www.creaearredanegozi.it\/de\/wp-json\/wp\/v2\/comments?post=20851"}],"wp:featuredmedia":[{"embeddable":true,"href":"https:\/\/www.creaearredanegozi.it\/de\/wp-json\/wp\/v2\/media\/125495"}],"wp:attachment":[{"href":"https:\/\/www.creaearredanegozi.it\/de\/wp-json\/wp\/v2\/media?parent=20851"}],"wp:term":[{"taxonomy":"product_brand","embeddable":true,"href":"https:\/\/www.creaearredanegozi.it\/de\/wp-json\/wp\/v2\/product_brand?post=20851"},{"taxonomy":"product_cat","embeddable":true,"href":"https:\/\/www.creaearredanegozi.it\/de\/wp-json\/wp\/v2\/product_cat?post=20851"},{"taxonomy":"product_tag","embeddable":true,"href":"https:\/\/www.creaearredanegozi.it\/de\/wp-json\/wp\/v2\/product_tag?post=20851"}],"curies":[{"name":"wp","href":"https:\/\/api.w.org\/{rel}","templated":true}]}}