{"id":20938,"date":"2019-03-09T10:45:14","date_gmt":"2019-03-09T09:45:14","guid":{"rendered":"https:\/\/www.creaearredanegozi.it\/?post_type=product&#038;p=20938"},"modified":"2025-12-03T20:39:45","modified_gmt":"2025-12-03T19:39:45","slug":"goldener-stab-begrenzt-fahrspur","status":"publish","type":"product","link":"https:\/\/www.creaearredanegozi.it\/de\/goldener-stab-begrenzt-fahrspur\/","title":{"rendered":"Goldene Gangbegrenzungsstange H\u00f6he 90 cm f\u00fcr Forcar-Kordons"},"content":{"rendered":"<h3>Goldene Gangbegrenzungsstange 90 cm hoch f\u00fcr Kordons<\/h3>\n<p><strong>Produktcode: AC 5118D Vergoldeter Stab - GA 5144D Vermessingter Haken - CO 4099 Schnur f\u00fcr St\u00e4be - PU 5144D Vergoldete Zehenkappe<\/strong><\/p>\n<p>Stellen Sie Ihre Bahn zusammen, indem Sie die Mengen f\u00fcr jede Option addieren:<\/p>\n<table style=\"border-collapse: collapse; width: 100%;\">\n<tbody>\n<tr>\n<td style=\"width: 50%;\">C\/2-Haken und Ballastsockel.<\/td>\n<td style=\"width: 50%;\">Bestimmen Sie die Anzahl der ben\u00f6tigten Stangen unter Ber\u00fccksichtigung der Seill\u00e4nge. Wir empfehlen, alle 1,5 m eine Stange anzubringen, mit einem Abstand von max. 2 m zwischen den Stangen, um zu verhindern, dass das Seil die Stangen nach unten zieht.<\/td>\n<\/tr>\n<tr>\n<td style=\"width: 50%;\">Ein Paar vergoldete Kordelspitzen <a href=\"https:\/\/www.creaearredanegozi.it\/wp-content\/uploads\/2019\/03\/puntale.jpg\"><img decoding=\"async\" class=\"size-full wp-image-127492 alignright\" src=\"https:\/\/www.creaearredanegozi.it\/wp-content\/uploads\/2019\/03\/puntale.jpg\" alt=\"\" width=\"120\" height=\"120\" title=\"\" srcset=\"https:\/\/www.creaearredanegozi.it\/wp-content\/uploads\/2019\/03\/puntale.jpg 120w, https:\/\/www.creaearredanegozi.it\/wp-content\/uploads\/2019\/03\/puntale-100x100.jpg 100w, https:\/\/www.creaearredanegozi.it\/wp-content\/uploads\/2019\/03\/puntale-64x64.jpg 64w\" sizes=\"(max-width: 120px) 100vw, 120px\" \/><\/a><\/td>\n<td style=\"width: 50%;\">Wird an den \u00d6sen des Seils angebracht, um das Seil an der Stange oder am Wandhaken zu befestigen<\/td>\n<\/tr>\n<tr>\n<td style=\"width: 50%;\">Vermessingter Wandhaken <a href=\"https:\/\/www.creaearredanegozi.it\/wp-content\/uploads\/2019\/03\/gancio-a-muro.jpg\"><img decoding=\"async\" class=\"size-full wp-image-127491 alignright\" src=\"https:\/\/www.creaearredanegozi.it\/wp-content\/uploads\/2019\/03\/gancio-a-muro.jpg\" alt=\"\" width=\"150\" height=\"150\" title=\"\" srcset=\"https:\/\/www.creaearredanegozi.it\/wp-content\/uploads\/2019\/03\/gancio-a-muro.jpg 150w, https:\/\/www.creaearredanegozi.it\/wp-content\/uploads\/2019\/03\/gancio-a-muro-100x100.jpg 100w, https:\/\/www.creaearredanegozi.it\/wp-content\/uploads\/2019\/03\/gancio-a-muro-64x64.jpg 64w\" sizes=\"(max-width: 150px) 100vw, 150px\" \/><\/a><\/td>\n<td style=\"width: 50%;\">Durch die geeignete Befestigung an der Wand kann das Seil \u00fcber die Zwinge an der Wand befestigt werden.<\/td>\n<\/tr>\n<tr>\n<td style=\"width: 50%;\">Geflochtene Kordel <strong>\u00d8 30 mm <\/strong>Burgunderrot, Gold, Gr\u00fcn, Blau. <a href=\"https:\/\/www.creaearredanegozi.it\/wp-content\/uploads\/2019\/03\/cordone-1.jpg\"><img decoding=\"async\" class=\"size-full wp-image-127494 alignright\" src=\"https:\/\/www.creaearredanegozi.it\/wp-content\/uploads\/2019\/03\/cordone-1.jpg\" alt=\"\" width=\"128\" height=\"82\" title=\"\" srcset=\"https:\/\/www.creaearredanegozi.it\/wp-content\/uploads\/2019\/03\/cordone-1.jpg 128w, https:\/\/www.creaearredanegozi.it\/wp-content\/uploads\/2019\/03\/cordone-1-64x41.jpg 64w\" sizes=\"(max-width: 128px) 100vw, 128px\" \/><\/a><\/td>\n<td style=\"width: 50%;\">Meterware: F\u00fcgen Sie die Menge zu Ihrer gew\u00fcnschten Seilfarbe hinzu, Sie erhalten die angegebene Seill\u00e4nge<\/td>\n<\/tr>\n<\/tbody>\n<\/table>\n<p>Um eine Gasse zu bilden, f\u00fcgen Sie mindestens 2 Stangen oder 1 Stange und 1 Wandhaken, 1 Meter Seil und 2 Spikes zum Wagen hinzu, so dass Sie eine Barriere von etwa 1 Meter L\u00e4nge haben.<\/p>\n<p>Das gelieferte Seil hat die gew\u00e4hlte L\u00e4nge, es muss dann entsprechend zugeschnitten und die Enden hinzugef\u00fcgt werden.<\/p>\n<p>Wenn die zu errichtende Barriere 5 Meter lang sein soll, m\u00fcssen 3 Stangen, 5 Meter Seil und 4 Spikes gekauft werden (was eine Barriere von ca. 4,8 Metern ergibt).<\/p>\n<p>Um die Gesamtl\u00e4nge der Barriere zu ermitteln, muss die Kr\u00fcmmung des Seils ber\u00fccksichtigt werden, da es nicht vollkommen horizontal gespannt werden kann.<\/p>","protected":false},"excerpt":{"rendered":"<p>Asta dorata delimita corsia altezza 90 cm per cordoni Codice prodotti: AC 5118D Asta dorata &#8211; GA 5144D Gancio ottonato &#8211; CO 4099 Cordone per aste &#8211; PU 5144D Puntale dorato Componi la tua corsia aggiungendo le quantit\u00e0 su ogni opzione: Asta C\/2 ganci e base a zavorra. Specifica il numero di aste occorrenti tenendo [&#8230;]","protected":false},"featured_media":123448,"comment_status":"closed","ping_status":"closed","template":"","meta":{"_monsterinsights_skip_tracking":false,"_monsterinsights_sitenote_active":false,"_monsterinsights_sitenote_note":"","_monsterinsights_sitenote_category":0},"product_brand":[624],"product_cat":[105],"product_tag":[],"class_list":{"0":"post-20938","1":"product","2":"type-product","3":"status-publish","4":"has-post-thumbnail","6":"product_brand-forcar","7":"product_cat-passapersone","8":"product_shipping_class-f","9":"pa_marca-forcar","11":"first","12":"instock","13":"taxable","14":"shipping-taxable","15":"purchasable","16":"product-type-simple"},"_links":{"self":[{"href":"https:\/\/www.creaearredanegozi.it\/de\/wp-json\/wp\/v2\/product\/20938","targetHints":{"allow":["GET"]}}],"collection":[{"href":"https:\/\/www.creaearredanegozi.it\/de\/wp-json\/wp\/v2\/product"}],"about":[{"href":"https:\/\/www.creaearredanegozi.it\/de\/wp-json\/wp\/v2\/types\/product"}],"replies":[{"embeddable":true,"href":"https:\/\/www.creaearredanegozi.it\/de\/wp-json\/wp\/v2\/comments?post=20938"}],"wp:featuredmedia":[{"embeddable":true,"href":"https:\/\/www.creaearredanegozi.it\/de\/wp-json\/wp\/v2\/media\/123448"}],"wp:attachment":[{"href":"https:\/\/www.creaearredanegozi.it\/de\/wp-json\/wp\/v2\/media?parent=20938"}],"wp:term":[{"taxonomy":"product_brand","embeddable":true,"href":"https:\/\/www.creaearredanegozi.it\/de\/wp-json\/wp\/v2\/product_brand?post=20938"},{"taxonomy":"product_cat","embeddable":true,"href":"https:\/\/www.creaearredanegozi.it\/de\/wp-json\/wp\/v2\/product_cat?post=20938"},{"taxonomy":"product_tag","embeddable":true,"href":"https:\/\/www.creaearredanegozi.it\/de\/wp-json\/wp\/v2\/product_tag?post=20938"}],"curies":[{"name":"wp","href":"https:\/\/api.w.org\/{rel}","templated":true}]}}