{"id":20955,"date":"2019-03-09T11:29:21","date_gmt":"2019-03-09T10:29:21","guid":{"rendered":"https:\/\/www.creaearredanegozi.it\/?post_type=product&#038;p=20955"},"modified":"2024-03-22T11:51:53","modified_gmt":"2024-03-22T10:51:53","slug":"edelstahl-spurbegrenzungsstange","status":"publish","type":"product","link":"https:\/\/www.creaearredanegozi.it\/de\/edelstahl-spurbegrenzungsstange\/","title":{"rendered":"Gangbegrenzungsstange aus poliertem Edelstahl, H\u00f6he 90 cm, f\u00fcr Forcar-Absperrungen"},"content":{"rendered":"<h3>Gangbegrenzungsstange H\u00f6he 90 cm f\u00fcr Kordons Farbe Stahl verchromt<\/h3>\n<p><strong>Produktcode: AC 5118I Polierte Stahlstange - GA 5144I Edelstahlhaken - CO 4099 Polierte Stahlkordel - PU 5144I Polierte Stahlkappe<\/strong><\/p>\n<p>Stellen Sie Ihre Bahn zusammen, indem Sie die Mengen f\u00fcr jede Option addieren:<\/p>\n<table style=\"border-collapse: collapse; width: 100%;\">\n<tbody>\n<tr>\n<td style=\"width: 50%;\">C\/2-Haken und Ballastsockel.<\/td>\n<td style=\"width: 50%;\">Bestimmen Sie die Anzahl der ben\u00f6tigten Stangen unter Ber\u00fccksichtigung der Seill\u00e4nge. Wir empfehlen, alle 1,5 m eine Stange anzubringen, mit einem Abstand von max. 2 m zwischen den Stangen, um zu verhindern, dass das Seil die Stangen nach unten zieht.<\/td>\n<\/tr>\n<tr>\n<td style=\"width: 50%;\">Paar Stahlseilspitzen<\/td>\n<td style=\"width: 50%;\">Wird an den \u00d6sen des Seils angebracht, um das Seil an der Stange oder am Wandhaken zu befestigen<\/td>\n<\/tr>\n<tr>\n<td style=\"width: 50%;\">Verchromter Wandhaken<\/td>\n<td style=\"width: 50%;\">Durch die geeignete Befestigung an der Wand kann das Seil \u00fcber die Zwinge an der Wand befestigt werden.<\/td>\n<\/tr>\n<tr>\n<td style=\"width: 50%;\">Geflochtene Kordel <strong>\u00d8 30 mm <\/strong>Burgunderrot, Gold, Gr\u00fcn, Blau. <a href=\"https:\/\/www.creaearredanegozi.it\/wp-content\/uploads\/2019\/03\/cordone-1.jpg\"><img decoding=\"async\" class=\"size-full wp-image-127494 alignright\" src=\"https:\/\/www.creaearredanegozi.it\/wp-content\/uploads\/2019\/03\/cordone-1.jpg\" alt=\"\" width=\"128\" height=\"82\" title=\"\" srcset=\"https:\/\/www.creaearredanegozi.it\/wp-content\/uploads\/2019\/03\/cordone-1.jpg 128w, https:\/\/www.creaearredanegozi.it\/wp-content\/uploads\/2019\/03\/cordone-1-64x41.jpg 64w\" sizes=\"(max-width: 128px) 100vw, 128px\" \/><\/a><\/td>\n<td style=\"width: 50%;\">Meterware: F\u00fcgen Sie die Menge zu Ihrer gew\u00fcnschten Seilfarbe hinzu, Sie erhalten die angegebene Seill\u00e4nge<\/td>\n<\/tr>\n<\/tbody>\n<\/table>\n<p>Um eine Gasse zu bilden, f\u00fcgen Sie mindestens 2 Stangen oder 1 Stange und 1 Wandhaken, 1 Meter Seil und 2 Spikes zum Wagen hinzu, so dass Sie eine Barriere von etwa 1 Meter L\u00e4nge haben.<\/p>\n<p>Das gelieferte Seil hat die gew\u00e4hlte L\u00e4nge, es muss dann entsprechend zugeschnitten und die Enden hinzugef\u00fcgt werden.<\/p>\n<p>Wenn die zu errichtende Barriere 5 Meter lang sein soll, m\u00fcssen 3 Stangen, 5 Meter Seil und 4 Spikes gekauft werden (was eine Barriere von ca. 4,8 Metern ergibt).<\/p>\n<p>Um die Gesamtl\u00e4nge der Barriere zu ermitteln, muss die Kr\u00fcmmung des Seils ber\u00fccksichtigt werden, da es nicht vollkommen horizontal gespannt werden kann.<\/p>\n<p>&nbsp;<\/p>","protected":false},"excerpt":{"rendered":"<p>Asta delimita corsia altezza 90 cm per cordoni colore Acciaio cromato Codice prodotto: AC 5118I Asta acciaio lucido &#8211; GA 5144I Gancio Inox &#8211; CO 4099 Cordone aste &#8211; PU 5144I Puntale acciaio lucido Componi la tua corsia aggiungendo le quantit\u00e0 su ogni opzione: Asta C\/2 ganci e base a zavorra. Specifica il numero di [&#8230;]","protected":false},"featured_media":123452,"comment_status":"closed","ping_status":"closed","template":"","meta":{"_monsterinsights_skip_tracking":false,"_monsterinsights_sitenote_active":false,"_monsterinsights_sitenote_note":"","_monsterinsights_sitenote_category":0},"product_brand":[],"product_cat":[105],"product_tag":[],"class_list":{"0":"post-20955","1":"product","2":"type-product","3":"status-publish","4":"has-post-thumbnail","6":"product_cat-passapersone","7":"product_shipping_class-f","8":"pa_marca-forcar","10":"first","11":"instock","12":"taxable","13":"shipping-taxable","14":"purchasable","15":"product-type-simple"},"_links":{"self":[{"href":"https:\/\/www.creaearredanegozi.it\/de\/wp-json\/wp\/v2\/product\/20955","targetHints":{"allow":["GET"]}}],"collection":[{"href":"https:\/\/www.creaearredanegozi.it\/de\/wp-json\/wp\/v2\/product"}],"about":[{"href":"https:\/\/www.creaearredanegozi.it\/de\/wp-json\/wp\/v2\/types\/product"}],"replies":[{"embeddable":true,"href":"https:\/\/www.creaearredanegozi.it\/de\/wp-json\/wp\/v2\/comments?post=20955"}],"wp:featuredmedia":[{"embeddable":true,"href":"https:\/\/www.creaearredanegozi.it\/de\/wp-json\/wp\/v2\/media\/123452"}],"wp:attachment":[{"href":"https:\/\/www.creaearredanegozi.it\/de\/wp-json\/wp\/v2\/media?parent=20955"}],"wp:term":[{"taxonomy":"product_brand","embeddable":true,"href":"https:\/\/www.creaearredanegozi.it\/de\/wp-json\/wp\/v2\/product_brand?post=20955"},{"taxonomy":"product_cat","embeddable":true,"href":"https:\/\/www.creaearredanegozi.it\/de\/wp-json\/wp\/v2\/product_cat?post=20955"},{"taxonomy":"product_tag","embeddable":true,"href":"https:\/\/www.creaearredanegozi.it\/de\/wp-json\/wp\/v2\/product_tag?post=20955"}],"curies":[{"name":"wp","href":"https:\/\/api.w.org\/{rel}","templated":true}]}}