{"id":20979,"date":"2019-03-09T12:38:21","date_gmt":"2019-03-09T11:38:21","guid":{"rendered":"https:\/\/www.creaearredanegozi.it\/?post_type=product&#038;p=20979"},"modified":"2025-12-03T20:39:46","modified_gmt":"2025-12-03T19:39:46","slug":"professioneller-polyethylen-block-8-cm-dickes-edelstahl-rohrhocker-furcar-ccp","status":"publish","type":"product","link":"https:\/\/www.creaearredanegozi.it\/de\/professioneller-polyethylen-block-8-cm-dickes-edelstahl-rohrhocker-furcar-ccp\/","title":{"rendered":"Professioneller Polyethylen-Block 8 cm dick Rohrhocker aus Edelstahl Forcar CCP"},"content":{"rendered":"<h3>Polyethylen-Block Dicke 8 cm R\u00f6hrenhocker aus Edelstahl Forcar<\/h3>\n<p><strong>Polyethylen-Block und Hocker CCP 8000 - CCP 8001 - CCP 8002 - CCP 8003 - CCP 8004 - CCP 8005 - CCP 8006<\/strong><br \/>\nBlock aus Polyethylen und Hocker aus Edelstahl AISI 304. F\u00fcr St\u00e4mme, Hocker oder Sondergr\u00f6\u00dfen, fragen Sie nach Angebot<\/p>\n<ul>\n<li>Polyethylenblock 8 cm dick<\/li>\n<li>Mit Hocker aus Edelstahlrohr<\/li>\n<li>ausgestattet mit einem niedrigeren Rahmen f\u00fcr mehr Stabilit\u00e4t<\/li>\n<\/ul>\n<p>Der Fleischklopfer aus Polyethylen ist eine preiswertere Wahl als der Holzklotz, eignet sich aber aufgrund seiner Eigenschaften f\u00fcr die Verarbeitung von Fleisch und Fisch in Produktionsbetrieben. Er ist viel pflegeleichter als der klassische Holzklotz: Da er aus rostfreiem Stahl und Polyethylen besteht, kann er leichter gewaschen werden und nimmt keine R\u00fcckst\u00e4nde auf, wenn er damit in Kontakt kommt.<\/p>\n<p>Au\u00dferdem ist es weniger kostspielig und einfacher, die Arbeitsfl\u00e4che zu ersetzen, wenn sie besch\u00e4digt ist. Das Polyethylen kann dann einfach und unabh\u00e4ngig mit einem Schaber abgeschliffen werden, um die Rillen zu entfernen und das Holz wieder hygienisch einwandfrei zu machen.<\/p>\n<p>Verf\u00fcgbare Modelle und Gr\u00f6\u00dfen:<\/p>\n<ul>\n<li><strong>CCP8000 40x40x88<\/strong>h cm.<\/li>\n<li><strong>CCP8001 50x50x88<\/strong>h cm.<\/li>\n<li><strong>CCP8002 70x50x88<\/strong>h cm.<\/li>\n<li><strong>CCP8003 60x60x88<\/strong>h cm.<\/li>\n<li><strong>CCP8004 70x70x88<\/strong>h cm.<\/li>\n<li><strong>CCP8005 80x60x88<\/strong>h cm.<\/li>\n<li><strong>CCP8006 100x50x88<\/strong>h cm.<\/li>\n<\/ul>","protected":false},"excerpt":{"rendered":"<p>Ceppo Polietilene Spessore 8 cm Sgabello Tubolare Inox Forcar Ceppo in polietilene e sgabello CCP 8000 &#8211; CCP 8001 &#8211; CCP 8002 &#8211;\u00a0CCP 8003 &#8211; CCP 8004 &#8211; CCP 8005 &#8211; CCP 8006 Ceppo in polietilene e sgabello in acciaio inox AISI 304. Per ceppi, sgabelli o misure speciali, richiedere preventivo Ceppo in polietilene spessore [&#8230;]","protected":false},"featured_media":20980,"comment_status":"closed","ping_status":"closed","template":"","meta":{"_monsterinsights_skip_tracking":false,"_monsterinsights_sitenote_active":false,"_monsterinsights_sitenote_note":"","_monsterinsights_sitenote_category":0},"product_brand":[624],"product_cat":[59,26],"product_tag":[],"class_list":{"0":"post-20979","1":"product","2":"type-product","3":"status-publish","4":"has-post-thumbnail","6":"product_brand-forcar","7":"product_cat-ceppi-taglieri","8":"product_cat-macelleria-e-gastronomia","9":"pa_marca-forcar","11":"first","12":"instock","13":"sale","14":"taxable","15":"shipping-taxable","16":"purchasable","17":"product-type-variable"},"_links":{"self":[{"href":"https:\/\/www.creaearredanegozi.it\/de\/wp-json\/wp\/v2\/product\/20979","targetHints":{"allow":["GET"]}}],"collection":[{"href":"https:\/\/www.creaearredanegozi.it\/de\/wp-json\/wp\/v2\/product"}],"about":[{"href":"https:\/\/www.creaearredanegozi.it\/de\/wp-json\/wp\/v2\/types\/product"}],"replies":[{"embeddable":true,"href":"https:\/\/www.creaearredanegozi.it\/de\/wp-json\/wp\/v2\/comments?post=20979"}],"wp:featuredmedia":[{"embeddable":true,"href":"https:\/\/www.creaearredanegozi.it\/de\/wp-json\/wp\/v2\/media\/20980"}],"wp:attachment":[{"href":"https:\/\/www.creaearredanegozi.it\/de\/wp-json\/wp\/v2\/media?parent=20979"}],"wp:term":[{"taxonomy":"product_brand","embeddable":true,"href":"https:\/\/www.creaearredanegozi.it\/de\/wp-json\/wp\/v2\/product_brand?post=20979"},{"taxonomy":"product_cat","embeddable":true,"href":"https:\/\/www.creaearredanegozi.it\/de\/wp-json\/wp\/v2\/product_cat?post=20979"},{"taxonomy":"product_tag","embeddable":true,"href":"https:\/\/www.creaearredanegozi.it\/de\/wp-json\/wp\/v2\/product_tag?post=20979"}],"curies":[{"name":"wp","href":"https:\/\/api.w.org\/{rel}","templated":true}]}}