{"id":20990,"date":"2019-03-11T08:55:10","date_gmt":"2019-03-11T07:55:10","guid":{"rendered":"https:\/\/www.creaearredanegozi.it\/?post_type=product&#038;p=20990"},"modified":"2025-12-03T20:39:47","modified_gmt":"2025-12-03T19:39:47","slug":"fliesendeckel-aus-weisem-polyethylen-hohe-25-cm-furcar-kcp","status":"publish","type":"product","link":"https:\/\/www.creaearredanegozi.it\/de\/fliesendeckel-aus-weisem-polyethylen-hohe-25-cm-furcar-kcp\/","title":{"rendered":"Wei\u00dfes Polyethylen Dachabdeckung H\u00f6he 2,5 cm Forcar KCP"},"content":{"rendered":"<p><strong>Wei\u00dfes Polyethylen Fliesendeckel H\u00f6he 2,5 cm Forcar<\/strong><\/p>\n<p>Die Stammabdeckung wird h\u00e4ufig verwendet, um zu verhindern, dass der Holzstamm durch den Gebrauch besch\u00e4digt wird, so dass der Holzstamm nicht ausgetauscht werden muss, was teurer ist als die Polyethylenabdeckung.<\/p>\n<p>Der Vorteil ist auch, dass er leichter zu pflegen ist: Die Polyethylen-Abdeckkappe l\u00e4sst sich n\u00e4mlich leichter reinigen, da sie z. B. zu einem Waschbecken transportiert werden kann, um sie einzuseifen und mit reichlich Wasser abzusp\u00fclen.<\/p>\n<p>Das Polyethylen kann dann wieder aufbereitet werden, es kann leicht mit einem Schaber abgeschliffen werden, um die Rillen zu entfernen, so dass es wieder den Gesundheits- und Hygienevorschriften entspricht.<\/p>\n<p>Verf\u00fcgbare Modelle und Gr\u00f6\u00dfen<\/p>\n<ul>\n<li>KCP 2501<strong>\u00a040x40x2,5<\/strong>h cm.<\/li>\n<li>KCP 2502<strong> 50x50x2,5<\/strong>h cm.<\/li>\n<li>KCP 2503<strong> 60x40x2,5<\/strong>h cm.<\/li>\n<li>KCP 2504 <strong>60x60x2,5<\/strong>h cm.<\/li>\n<li>KCP 2505<strong> 70x40x2,5<\/strong>h cm.<\/li>\n<li>KCP 2506<strong> 70x50x2,5<\/strong>h cm.<\/li>\n<li>KCP 2508<strong>\u00a070x70x2,5<\/strong>h cm.<\/li>\n<\/ul>","protected":false},"excerpt":{"rendered":"<p>Copriceppo polietilene bianco altezza 2,5 cm Forcar Il copriceppo viene spesso utilizzato per evitare che il ceppo in legno venga rovinato dall&#8217;uso, evitando di dover cambiare il ceppo in legno, pi\u00f9 costoso del copriceppo in polietilene. Il vantaggio \u00e8 anche dato da una pi\u00f9 facile manutenzione, infatti, il copriceppo in polietilene, \u00e8 pi\u00f9 facile da [&#8230;]","protected":false},"featured_media":125030,"comment_status":"closed","ping_status":"closed","template":"","meta":{"_monsterinsights_skip_tracking":false,"_monsterinsights_sitenote_active":false,"_monsterinsights_sitenote_note":"","_monsterinsights_sitenote_category":0},"product_brand":[624],"product_cat":[59,26],"product_tag":[],"class_list":{"0":"post-20990","1":"product","2":"type-product","3":"status-publish","4":"has-post-thumbnail","6":"product_brand-forcar","7":"product_cat-ceppi-taglieri","8":"product_cat-macelleria-e-gastronomia","9":"pa_marca-forcar","11":"first","12":"instock","13":"taxable","14":"shipping-taxable","15":"purchasable","16":"product-type-variable"},"_links":{"self":[{"href":"https:\/\/www.creaearredanegozi.it\/de\/wp-json\/wp\/v2\/product\/20990","targetHints":{"allow":["GET"]}}],"collection":[{"href":"https:\/\/www.creaearredanegozi.it\/de\/wp-json\/wp\/v2\/product"}],"about":[{"href":"https:\/\/www.creaearredanegozi.it\/de\/wp-json\/wp\/v2\/types\/product"}],"replies":[{"embeddable":true,"href":"https:\/\/www.creaearredanegozi.it\/de\/wp-json\/wp\/v2\/comments?post=20990"}],"wp:featuredmedia":[{"embeddable":true,"href":"https:\/\/www.creaearredanegozi.it\/de\/wp-json\/wp\/v2\/media\/125030"}],"wp:attachment":[{"href":"https:\/\/www.creaearredanegozi.it\/de\/wp-json\/wp\/v2\/media?parent=20990"}],"wp:term":[{"taxonomy":"product_brand","embeddable":true,"href":"https:\/\/www.creaearredanegozi.it\/de\/wp-json\/wp\/v2\/product_brand?post=20990"},{"taxonomy":"product_cat","embeddable":true,"href":"https:\/\/www.creaearredanegozi.it\/de\/wp-json\/wp\/v2\/product_cat?post=20990"},{"taxonomy":"product_tag","embeddable":true,"href":"https:\/\/www.creaearredanegozi.it\/de\/wp-json\/wp\/v2\/product_tag?post=20990"}],"curies":[{"name":"wp","href":"https:\/\/api.w.org\/{rel}","templated":true}]}}