{"id":21020,"date":"2019-03-11T10:00:51","date_gmt":"2019-03-11T09:00:51","guid":{"rendered":"https:\/\/www.creaearredanegozi.it\/?post_type=product&#038;p=21020"},"modified":"2024-03-25T14:11:34","modified_gmt":"2024-03-25T13:11:34","slug":"tagliere-polietilene-alimentare-colorato-forcar-tp","status":"publish","type":"product","link":"https:\/\/www.creaearredanegozi.it\/de\/tagliere-polietilene-alimentare-colorato-forcar-tp\/","title":{"rendered":"Farbiges Schneidebrett aus lebensmittelechtem Polyethylen Forcar TP"},"content":{"rendered":"<p><strong>Wei\u00dfes oder farbiges Schneidebrett aus lebensmittelechtem Polyethylen Forcar TP:<\/strong><\/p>\n<p>Verf\u00fcgbare Gr\u00f6\u00dfen:<\/p>\n<ul>\n<li><strong>40x30x2<\/strong>h cm<\/li>\n<li><strong>50x30x2<\/strong>h cm<\/li>\n<li><strong>50x40x2<\/strong>h cm<\/li>\n<li><strong>60x40x2<\/strong>h cm<\/li>\n<li>70x40x2h cm<\/li>\n<li>80x40x2h cm<\/li>\n<li><\/li>\n<\/ul>\n<p>Disponibile bianco o nei colori <strong>Gelb<\/strong>, <strong>Marrone<\/strong>, <strong>Rot<\/strong>, <strong>Blau<\/strong>, <strong>Gr\u00fcn<\/strong>.<\/p>","protected":false},"excerpt":{"rendered":"<p>Tagliere polietilene alimentare bianco o colorato Forcar TP: Dimensioni disponibili: 40x30x2h cm 50x30x2h cm 50x40x2h cm 60x40x2h cm 70x40x2h cm 80x40x2h cm Disponibile bianco o nei colori Giallo, Marrone, Rosso, Blu, Verde.<\/p>","protected":false},"featured_media":21027,"comment_status":"closed","ping_status":"closed","template":"","meta":{"_monsterinsights_skip_tracking":false,"_monsterinsights_sitenote_active":false,"_monsterinsights_sitenote_note":"","_monsterinsights_sitenote_category":0},"product_brand":[],"product_cat":[59],"product_tag":[],"class_list":{"0":"post-21020","1":"product","2":"type-product","3":"status-publish","4":"has-post-thumbnail","6":"product_cat-ceppi-taglieri","7":"product_shipping_class-215","8":"pa_marca-forcar","10":"first","11":"instock","12":"taxable","13":"shipping-taxable","14":"purchasable","15":"product-type-variable"},"_links":{"self":[{"href":"https:\/\/www.creaearredanegozi.it\/de\/wp-json\/wp\/v2\/product\/21020","targetHints":{"allow":["GET"]}}],"collection":[{"href":"https:\/\/www.creaearredanegozi.it\/de\/wp-json\/wp\/v2\/product"}],"about":[{"href":"https:\/\/www.creaearredanegozi.it\/de\/wp-json\/wp\/v2\/types\/product"}],"replies":[{"embeddable":true,"href":"https:\/\/www.creaearredanegozi.it\/de\/wp-json\/wp\/v2\/comments?post=21020"}],"wp:featuredmedia":[{"embeddable":true,"href":"https:\/\/www.creaearredanegozi.it\/de\/wp-json\/wp\/v2\/media\/21027"}],"wp:attachment":[{"href":"https:\/\/www.creaearredanegozi.it\/de\/wp-json\/wp\/v2\/media?parent=21020"}],"wp:term":[{"taxonomy":"product_brand","embeddable":true,"href":"https:\/\/www.creaearredanegozi.it\/de\/wp-json\/wp\/v2\/product_brand?post=21020"},{"taxonomy":"product_cat","embeddable":true,"href":"https:\/\/www.creaearredanegozi.it\/de\/wp-json\/wp\/v2\/product_cat?post=21020"},{"taxonomy":"product_tag","embeddable":true,"href":"https:\/\/www.creaearredanegozi.it\/de\/wp-json\/wp\/v2\/product_tag?post=21020"}],"curies":[{"name":"wp","href":"https:\/\/api.w.org\/{rel}","templated":true}]}}