{"id":21030,"date":"2019-03-11T10:21:30","date_gmt":"2019-03-11T09:21:30","guid":{"rendered":"https:\/\/www.creaearredanegozi.it\/?post_type=product&#038;p=21030"},"modified":"2025-12-03T20:39:47","modified_gmt":"2025-12-03T19:39:47","slug":"raschietto-pulizia-ceppi-e-taglieri-forcar-rask-ricra","status":"publish","type":"product","link":"https:\/\/www.creaearredanegozi.it\/de\/raschietto-pulizia-ceppi-e-taglieri-forcar-rask-ricra\/","title":{"rendered":"Schaber Reinigungsbl\u00f6cke und Schneidbretter Forcar RASK - RICRA"},"content":{"rendered":"<h3>Raschietto pulizia ceppi e taglieri<\/h3>\n<p><strong>RASK &#8211; RICRA<\/strong><\/p>\n<p>Il raschietto viene utilizzato per pulire la superfice di ceppi e taglieri in polietilene quando i solchi diventano troppo profondi. Rende le superfici pi\u00f9 lisce senza lasciare segni di abrasioni tipiche delle carte abrasive.<\/p>\n<p>Agisce rimuovendo un sottilissimo strato di polietilene fino a pareggiare la superfice ai solchi rendendo di nuovo il tagliere o il ceppo idoneo all&#8217;utilizzo.<\/p>\n<p>La normativa HACCP infatti, rende i taglieri in polietilene non pi\u00f9 a norma quando si formano i microsolchi dovuti al taglio perch\u00e9, questi ultimi, non rendono pi\u00f9 possibile l&#8217;igienizzazione delle superfici e nei microsolchi avviene la proliferazione batterica.<\/p>\n<p>L&#8217;utilizzo del raschietto per la pulizia di ceppi e taglieri quindi, rende di nuovo le superfici in polietilene rispondenti alle normative igienico-sanitarie, in modo pi\u00f9 economico e pi\u00f9 rispettoso dell&#8217;ambiente, potendo utilizzare pi\u00f9 a lungo il tagliere o il ceppo in polietilene<\/p>\n<ul>\n<li>Il raschietto ha la lama sostituibile, in dotazione ha 4 lame e viene spedito nel colore bianco o rosso a seconda della disponibilit\u00e0 di magazzino.<\/li>\n<\/ul>","protected":false},"excerpt":{"rendered":"<p>Raschietto pulizia ceppi e taglieri RASK &#8211; RICRA Il raschietto viene utilizzato per pulire la superfice di ceppi e taglieri in polietilene quando i solchi diventano troppo profondi. Rende le superfici pi\u00f9 lisce senza lasciare segni di abrasioni tipiche delle carte abrasive. Agisce rimuovendo un sottilissimo strato di polietilene fino a pareggiare la superfice ai [&#8230;]","protected":false},"featured_media":127533,"comment_status":"closed","ping_status":"closed","template":"","meta":{"_monsterinsights_skip_tracking":false,"_monsterinsights_sitenote_active":false,"_monsterinsights_sitenote_note":"","_monsterinsights_sitenote_category":0},"product_brand":[624],"product_cat":[59,26],"product_tag":[],"class_list":{"0":"post-21030","1":"product","2":"type-product","3":"status-publish","4":"has-post-thumbnail","6":"product_brand-forcar","7":"product_cat-ceppi-taglieri","8":"product_cat-macelleria-e-gastronomia","9":"product_shipping_class-48","10":"pa_marca-forcar","12":"first","13":"instock","14":"sale","15":"taxable","16":"shipping-taxable","17":"purchasable","18":"product-type-simple"},"_links":{"self":[{"href":"https:\/\/www.creaearredanegozi.it\/de\/wp-json\/wp\/v2\/product\/21030","targetHints":{"allow":["GET"]}}],"collection":[{"href":"https:\/\/www.creaearredanegozi.it\/de\/wp-json\/wp\/v2\/product"}],"about":[{"href":"https:\/\/www.creaearredanegozi.it\/de\/wp-json\/wp\/v2\/types\/product"}],"replies":[{"embeddable":true,"href":"https:\/\/www.creaearredanegozi.it\/de\/wp-json\/wp\/v2\/comments?post=21030"}],"wp:featuredmedia":[{"embeddable":true,"href":"https:\/\/www.creaearredanegozi.it\/de\/wp-json\/wp\/v2\/media\/127533"}],"wp:attachment":[{"href":"https:\/\/www.creaearredanegozi.it\/de\/wp-json\/wp\/v2\/media?parent=21030"}],"wp:term":[{"taxonomy":"product_brand","embeddable":true,"href":"https:\/\/www.creaearredanegozi.it\/de\/wp-json\/wp\/v2\/product_brand?post=21030"},{"taxonomy":"product_cat","embeddable":true,"href":"https:\/\/www.creaearredanegozi.it\/de\/wp-json\/wp\/v2\/product_cat?post=21030"},{"taxonomy":"product_tag","embeddable":true,"href":"https:\/\/www.creaearredanegozi.it\/de\/wp-json\/wp\/v2\/product_tag?post=21030"}],"curies":[{"name":"wp","href":"https:\/\/api.w.org\/{rel}","templated":true}]}}