{"id":21083,"date":"2019-03-12T09:29:39","date_gmt":"2019-03-12T08:29:39","guid":{"rendered":"https:\/\/www.creaearredanegozi.it\/?post_type=product&#038;p=21083"},"modified":"2025-12-03T20:39:48","modified_gmt":"2025-12-03T19:39:48","slug":"professional-edelstahl-knie-tur-waschtisch-40x40x85cm-forcar-lm-48m","status":"publish","type":"product","link":"https:\/\/www.creaearredanegozi.it\/de\/professional-edelstahl-knie-tur-waschtisch-40x40x85cm-forcar-lm-48m\/","title":{"rendered":"Professionelles Handwaschbecken aus Edelstahl mit kniebet\u00e4tigter T\u00fcr 40x40x85cm Forcar LM 48M"},"content":{"rendered":"<p><strong>Kniebet\u00e4tigter Edelstahl-Waschtisch 40x40x85 cm Forcar LM 48M<\/strong><\/p>\n<p>Handwaschbecken mit Unterschrank und Kniebedienung.<\/p>\n<ul>\n<li>Edelstahl-Waschtisch auf Schrank mit Fl\u00fcgelt\u00fcren - Kniebedienung.<\/li>\n<li>\u00c4u\u00dfere Abmessungen: <strong>40x40x85<\/strong>h cm.<\/li>\n<\/ul>","protected":false},"excerpt":{"rendered":"<p>Lavamani inox porta battente comando a ginocchio 40x40x85 cm Forcar LM 48M Lavamani con mobile e comandi a ginocchio. Lavamani in acciaio inox su mobile con porte a battente \u2013 comando a ginocchio. Dimensioni esterne: 40x40x85h cm.<\/p>","protected":false},"featured_media":125341,"comment_status":"closed","ping_status":"closed","template":"","meta":{"_monsterinsights_skip_tracking":false,"_monsterinsights_sitenote_active":false,"_monsterinsights_sitenote_note":"","_monsterinsights_sitenote_category":0},"product_brand":[624],"product_cat":[119,18],"product_tag":[],"class_list":{"0":"post-21083","1":"product","2":"type-product","3":"status-publish","4":"has-post-thumbnail","6":"product_brand-forcar","7":"product_cat-lavatoi","8":"product_cat-arredo-acciaio-inox","9":"product_shipping_class-f","10":"pa_marca-forcar","12":"first","13":"instock","14":"sale","15":"taxable","16":"shipping-taxable","17":"purchasable","18":"product-type-simple"},"_links":{"self":[{"href":"https:\/\/www.creaearredanegozi.it\/de\/wp-json\/wp\/v2\/product\/21083","targetHints":{"allow":["GET"]}}],"collection":[{"href":"https:\/\/www.creaearredanegozi.it\/de\/wp-json\/wp\/v2\/product"}],"about":[{"href":"https:\/\/www.creaearredanegozi.it\/de\/wp-json\/wp\/v2\/types\/product"}],"replies":[{"embeddable":true,"href":"https:\/\/www.creaearredanegozi.it\/de\/wp-json\/wp\/v2\/comments?post=21083"}],"wp:featuredmedia":[{"embeddable":true,"href":"https:\/\/www.creaearredanegozi.it\/de\/wp-json\/wp\/v2\/media\/125341"}],"wp:attachment":[{"href":"https:\/\/www.creaearredanegozi.it\/de\/wp-json\/wp\/v2\/media?parent=21083"}],"wp:term":[{"taxonomy":"product_brand","embeddable":true,"href":"https:\/\/www.creaearredanegozi.it\/de\/wp-json\/wp\/v2\/product_brand?post=21083"},{"taxonomy":"product_cat","embeddable":true,"href":"https:\/\/www.creaearredanegozi.it\/de\/wp-json\/wp\/v2\/product_cat?post=21083"},{"taxonomy":"product_tag","embeddable":true,"href":"https:\/\/www.creaearredanegozi.it\/de\/wp-json\/wp\/v2\/product_tag?post=21083"}],"curies":[{"name":"wp","href":"https:\/\/api.w.org\/{rel}","templated":true}]}}