{"id":23168,"date":"2019-05-09T14:33:57","date_gmt":"2019-05-09T12:33:57","guid":{"rendered":"https:\/\/www.creaearredanegozi.it\/?post_type=product&#038;p=23168"},"modified":"2023-07-25T19:26:24","modified_gmt":"2023-07-25T17:26:24","slug":"tavolo-a-giorno-acciaio-aisi-304-con-alzatina-profondita-70-cm","status":"publish","type":"product","link":"https:\/\/www.creaearredanegozi.it\/de\/tavolo-a-giorno-acciaio-aisi-304-con-alzatina-profondita-70-cm\/","title":{"rendered":"Offener Tisch aus Stahl Aisi 304 mit Spritzwandtiefe 70 cm"},"content":{"rendered":"<p><strong>Offener Tisch aus Stahl Aisi 304 mit Spritzwandtiefe 70 cm<\/strong><\/p>\n<ul>\n<li>Arbeitstisch aus Stahl<\/li>\n<li>Materiale: Acciaio inox Aisi 304<\/li>\n<li>con ripiano di fondo,<\/li>\n<li>con alzatina.<\/li>\n<li>Tiefe 70 cm<\/li>\n<li>H\u00f6he 85 cm<\/li>\n<li>Wird zerlegt geliefert<\/li>\n<\/ul>\n<p><img decoding=\"async\" class=\"alignnone size-medium wp-image-23082 aligncenter\" src=\"https:\/\/www.creaearredanegozi.it\/wp-content\/uploads\/2019\/05\/8-2-500x275.png\" alt=\"\" width=\"500\" height=\"275\" title=\"\" srcset=\"https:\/\/www.creaearredanegozi.it\/wp-content\/uploads\/2019\/05\/8-2.png 500w, https:\/\/www.creaearredanegozi.it\/wp-content\/uploads\/2019\/05\/8-2-64x35.png 64w, https:\/\/www.creaearredanegozi.it\/wp-content\/uploads\/2019\/05\/8-2-200x110.png 200w, https:\/\/www.creaearredanegozi.it\/wp-content\/uploads\/2019\/05\/8-2-400x220.png 400w\" sizes=\"(max-width: 500px) 100vw, 500px\" \/><\/p>\n<p><strong>Verf\u00fcgbare Gr\u00f6\u00dfen<\/strong><\/p>\n<table style=\"table table-striped; width: 100%;\">\n<tbody>\n<tr>\n<td style=\"text-align: center;\"><strong>L\u00e4nge (cm)<\/strong><\/td>\n<td style=\"text-align: center;\"><strong>Gewicht (kg)<\/strong><\/td>\n<td style=\"text-align: center;\"><strong>Tiefe (cm)<\/strong><\/td>\n<td style=\"text-align: center;\"><strong>H\u00f6he (cm)<\/strong><\/td>\n<\/tr>\n<tr>\n<td style=\"text-align: center;\">40<\/td>\n<td style=\"text-align: center;\">17<\/td>\n<td style=\"text-align: center;\" rowspan=\"17\">70<\/td>\n<td style=\"text-align: center;\" rowspan=\"17\">85<\/td>\n<\/tr>\n<tr>\n<td style=\"text-align: center;\">50<\/td>\n<td style=\"text-align: center;\">19<\/td>\n<\/tr>\n<tr>\n<td style=\"text-align: center;\">60<\/td>\n<td style=\"text-align: center;\">21<\/td>\n<\/tr>\n<tr>\n<td style=\"text-align: center;\">70<\/td>\n<td style=\"text-align: center;\">23<\/td>\n<\/tr>\n<tr>\n<td style=\"text-align: center;\">80<\/td>\n<td style=\"text-align: center;\">25<\/td>\n<\/tr>\n<tr>\n<td style=\"text-align: center;\">90<\/td>\n<td style=\"text-align: center;\">28<\/td>\n<\/tr>\n<tr>\n<td style=\"text-align: center;\">100<\/td>\n<td style=\"text-align: center;\">32<\/td>\n<\/tr>\n<tr>\n<td style=\"text-align: center;\">110<\/td>\n<td style=\"text-align: center;\">35<\/td>\n<\/tr>\n<tr>\n<td style=\"text-align: center;\">120<\/td>\n<td style=\"text-align: center;\">38<\/td>\n<\/tr>\n<tr>\n<td style=\"text-align: center;\">130<\/td>\n<td style=\"text-align: center;\">41<\/td>\n<\/tr>\n<tr>\n<td style=\"text-align: center;\">140<\/td>\n<td style=\"text-align: center;\">44<\/td>\n<\/tr>\n<tr>\n<td style=\"text-align: center;\">150<\/td>\n<td style=\"text-align: center;\">47<\/td>\n<\/tr>\n<tr>\n<td style=\"text-align: center;\">160<\/td>\n<td style=\"text-align: center;\">50<\/td>\n<\/tr>\n<tr>\n<td style=\"text-align: center;\">170<\/td>\n<td style=\"text-align: center;\">54<\/td>\n<\/tr>\n<tr>\n<td style=\"text-align: center;\">180<\/td>\n<td style=\"text-align: center;\">56<\/td>\n<\/tr>\n<tr>\n<td style=\"text-align: center;\">190<\/td>\n<td style=\"text-align: center;\">59<\/td>\n<\/tr>\n<tr>\n<td style=\"text-align: center;\">200<\/td>\n<td style=\"text-align: center;\">61<\/td>\n<\/tr>\n<\/tbody>\n<\/table>\n<p>&nbsp;<\/p>","protected":false},"excerpt":{"rendered":"<p>Tavolo a giorno acciaio Aisi 304 con alzatina profondit\u00e0 70 cm Tavolo da lavoro in acciaio Materiale: Acciaio inox Aisi 304 con ripiano di fondo, con alzatina. Profondit\u00e0 70 cm Altezza 85 cm Fornito smontato Dimensioni disponibili Lunghezza (cm) Peso (kg) Profondit\u00e0 (cm) Altezza (cm) 40 17 70 85 50 19 60 21 70 23 [&#8230;]","protected":false},"featured_media":125233,"comment_status":"closed","ping_status":"closed","template":"","meta":{"_monsterinsights_skip_tracking":false,"_monsterinsights_sitenote_active":false,"_monsterinsights_sitenote_note":"","_monsterinsights_sitenote_category":0},"product_brand":[],"product_cat":[121,18],"product_tag":[],"class_list":{"0":"post-23168","1":"product","2":"type-product","3":"status-publish","4":"has-post-thumbnail","6":"product_cat-tavoli-refrigerati-lavorazione-inox","7":"product_cat-arredo-acciaio-inox","8":"pa_dotazione-con-alzatina","9":"pa_dotazione-con-ripiano-inferiore","10":"pa_profondita-linea-70","11":"pa_tipo-acciaio-aisi-linea-hq-aisi-304","12":"pa_versione-a-giorno","14":"first","15":"instock","16":"taxable","17":"shipping-taxable","18":"purchasable","19":"product-type-variable"},"_links":{"self":[{"href":"https:\/\/www.creaearredanegozi.it\/de\/wp-json\/wp\/v2\/product\/23168","targetHints":{"allow":["GET"]}}],"collection":[{"href":"https:\/\/www.creaearredanegozi.it\/de\/wp-json\/wp\/v2\/product"}],"about":[{"href":"https:\/\/www.creaearredanegozi.it\/de\/wp-json\/wp\/v2\/types\/product"}],"replies":[{"embeddable":true,"href":"https:\/\/www.creaearredanegozi.it\/de\/wp-json\/wp\/v2\/comments?post=23168"}],"wp:featuredmedia":[{"embeddable":true,"href":"https:\/\/www.creaearredanegozi.it\/de\/wp-json\/wp\/v2\/media\/125233"}],"wp:attachment":[{"href":"https:\/\/www.creaearredanegozi.it\/de\/wp-json\/wp\/v2\/media?parent=23168"}],"wp:term":[{"taxonomy":"product_brand","embeddable":true,"href":"https:\/\/www.creaearredanegozi.it\/de\/wp-json\/wp\/v2\/product_brand?post=23168"},{"taxonomy":"product_cat","embeddable":true,"href":"https:\/\/www.creaearredanegozi.it\/de\/wp-json\/wp\/v2\/product_cat?post=23168"},{"taxonomy":"product_tag","embeddable":true,"href":"https:\/\/www.creaearredanegozi.it\/de\/wp-json\/wp\/v2\/product_tag?post=23168"}],"curies":[{"name":"wp","href":"https:\/\/api.w.org\/{rel}","templated":true}]}}