{"id":23256,"date":"2019-05-09T22:20:38","date_gmt":"2019-05-09T20:20:38","guid":{"rendered":"https:\/\/www.creaearredanegozi.it\/?post_type=product&#038;p=23256"},"modified":"2023-09-20T15:19:31","modified_gmt":"2023-09-20T13:19:31","slug":"offener-tisch-stahl-aisi-340-mit-spritzwand-tiefe-60-cm","status":"publish","type":"product","link":"https:\/\/www.creaearredanegozi.it\/de\/offener-tisch-stahl-aisi-340-mit-spritzwand-tiefe-60-cm\/","title":{"rendered":"Offener Tisch Untergestell aus Stahl Aisi 304 mit Aufkantung Tiefe 60 cm"},"content":{"rendered":"<p><strong>Offener Stahltisch mit Aufkantung, Tiefe 60 cm<\/strong><\/p>\n<p>Mit Bodenrahmen an 3 Seiten zum Abstellen von M\u00fclltonnen oder Ger\u00e4ten.<\/p>\n<p>Arbeitstisch aus Stahl Aisi 304, mit Aufkantung.<\/p>\n<p>Demontiert geliefert<\/p>\n<p><img decoding=\"async\" class=\"alignnone wp-image-125380 size-full aligncenter\" src=\"https:\/\/www.creaearredanegozi.it\/wp-content\/uploads\/2019\/05\/misure_tavolo_telaio.jpg\" alt=\"\" width=\"500\" height=\"275\" title=\"\" srcset=\"https:\/\/www.creaearredanegozi.it\/wp-content\/uploads\/2019\/05\/misure_tavolo_telaio.jpg 500w, https:\/\/www.creaearredanegozi.it\/wp-content\/uploads\/2019\/05\/misure_tavolo_telaio-64x35.jpg 64w\" sizes=\"(max-width: 500px) 100vw, 500px\" \/><\/p>\n<p><strong>Verf\u00fcgbare Gr\u00f6\u00dfen:<\/strong><\/p>\n<table style=\"border-collapse: collapse; width: 100%;\">\n<tbody>\n<tr>\n<td style=\"width: 25%; text-align: center;\"><strong>L\u00e4nge<\/strong><\/td>\n<td style=\"width: 25%; text-align: center;\"><strong>Tiefe<\/strong><\/td>\n<td style=\"width: 25%; text-align: center;\"><strong>H\u00f6he<\/strong><\/td>\n<td style=\"width: 25%; text-align: center;\"><strong>Gewicht<\/strong><\/td>\n<\/tr>\n<tr>\n<td style=\"width: 25%; text-align: center;\">40<\/td>\n<td style=\"width: 25%; text-align: center;\" rowspan=\"17\">60<\/td>\n<td style=\"width: 25%; text-align: center;\" rowspan=\"17\">85<\/td>\n<td style=\"width: 25%; text-align: center;\">11<\/td>\n<\/tr>\n<tr>\n<td style=\"width: 25%; text-align: center;\">50<\/td>\n<td style=\"width: 25%; text-align: center;\">13<\/td>\n<\/tr>\n<tr>\n<td style=\"width: 25%; text-align: center;\">60<\/td>\n<td style=\"width: 25%; text-align: center;\">15<\/td>\n<\/tr>\n<tr>\n<td style=\"width: 25%; text-align: center;\">70<\/td>\n<td style=\"width: 25%; text-align: center;\">16<\/td>\n<\/tr>\n<tr>\n<td style=\"width: 25%; text-align: center;\">80<\/td>\n<td style=\"width: 25%; text-align: center;\">18<\/td>\n<\/tr>\n<tr>\n<td style=\"width: 25%; text-align: center;\">90<\/td>\n<td style=\"width: 25%; text-align: center;\">20<\/td>\n<\/tr>\n<tr>\n<td style=\"width: 25%; text-align: center;\">100<\/td>\n<td style=\"width: 25%; text-align: center;\">22<\/td>\n<\/tr>\n<tr>\n<td style=\"width: 25%; text-align: center;\">110<\/td>\n<td style=\"width: 25%; text-align: center;\">24<\/td>\n<\/tr>\n<tr>\n<td style=\"width: 25%; text-align: center;\">120<\/td>\n<td style=\"width: 25%; text-align: center;\">27<\/td>\n<\/tr>\n<tr>\n<td style=\"width: 25%; text-align: center;\">130<\/td>\n<td style=\"width: 25%; text-align: center;\">29<\/td>\n<\/tr>\n<tr>\n<td style=\"width: 25%; text-align: center;\">140<\/td>\n<td style=\"width: 25%; text-align: center;\">31<\/td>\n<\/tr>\n<tr>\n<td style=\"width: 25%; text-align: center;\">150<\/td>\n<td style=\"width: 25%; text-align: center;\">33<\/td>\n<\/tr>\n<tr>\n<td style=\"width: 25%; text-align: center;\">160<\/td>\n<td style=\"width: 25%; text-align: center;\">36<\/td>\n<\/tr>\n<tr>\n<td style=\"width: 25%; text-align: center;\">170<\/td>\n<td style=\"width: 25%; text-align: center;\">38<\/td>\n<\/tr>\n<tr>\n<td style=\"width: 25%; text-align: center;\">180<\/td>\n<td style=\"width: 25%; text-align: center;\">39<\/td>\n<\/tr>\n<tr>\n<td style=\"width: 25%; text-align: center;\">190<\/td>\n<td style=\"width: 25%; text-align: center;\">41<\/td>\n<\/tr>\n<tr>\n<td style=\"width: 25%; text-align: center;\">200<\/td>\n<td style=\"width: 25%; text-align: center;\">43<\/td>\n<\/tr>\n<\/tbody>\n<\/table>\n<p>&nbsp;<\/p>\n<table style=\"border-collapse: collapse; width: 100%;\" class=\"mtr-one-row-table mtr-tr-td\">\n<tbody>\n<tr>\n<td style=\"width: 50%;\" class=\"mtr-td-tag\">\n<p style=\"text-align: center;\"><strong>Optional<\/strong><\/p>\n<p><strong>Abfluss\u00f6ffnung<\/strong> direkt in die M\u00fclltonne darunter<\/p>\n<p>Lochdurchmesser: 22 cm<\/p>\n<p>Komplett mit Gummiring<\/p>\n<p>Bitte geben Sie Ihre bevorzugte Seite in den Bestellnotizen an.<\/p><\/td>\n<td style=\"width: 50%;\" class=\"mtr-td-tag\"><img decoding=\"async\" class=\"alignnone size-full wp-image-123413\" style=\"color: #555555;\" src=\"https:\/\/www.creaearredanegozi.it\/wp-content\/uploads\/2015\/07\/Foro_sbarazzo.jpg\" alt=\"\" width=\"467\" height=\"270\" title=\"\" srcset=\"https:\/\/www.creaearredanegozi.it\/wp-content\/uploads\/2015\/07\/Foro_sbarazzo.jpg 467w, https:\/\/www.creaearredanegozi.it\/wp-content\/uploads\/2015\/07\/Foro_sbarazzo-64x37.jpg 64w\" sizes=\"(max-width: 467px) 100vw, 467px\"><\/td>\n<\/tr>\n<\/tbody>\n<\/table>","protected":false},"excerpt":{"rendered":"<p>Tavolo a giorno acciaio con alzatina profondit\u00e0 60 cm Con telaio inferiore su 3 lati per il posizionamento di pattumiere o elettrodomestici. Tavolo da lavoro in acciaio Aisi 304, con alzatina. Fornito Smontato Dimensioni disponibili: Lunghezza Profondit\u00e0 Altezza Peso 40 60 85 11 50 13 60 15 70 16 80 18 90 20 100 22 [&#8230;]","protected":false},"featured_media":125389,"comment_status":"closed","ping_status":"closed","template":"","meta":{"_monsterinsights_skip_tracking":false,"_monsterinsights_sitenote_active":false,"_monsterinsights_sitenote_note":"","_monsterinsights_sitenote_category":0},"product_brand":[],"product_cat":[121,18],"product_tag":[],"class_list":{"0":"post-23256","1":"product","2":"type-product","3":"status-publish","4":"has-post-thumbnail","6":"product_cat-tavoli-refrigerati-lavorazione-inox","7":"product_cat-arredo-acciaio-inox","8":"pa_dotazione-con-alzatina","9":"pa_profondita-linea-60","10":"pa_tipo-acciaio-aisi-linea-hq-aisi-304","11":"pa_versione-a-giorno","13":"first","14":"instock","15":"taxable","16":"shipping-taxable","17":"purchasable","18":"product-type-variable"},"_links":{"self":[{"href":"https:\/\/www.creaearredanegozi.it\/de\/wp-json\/wp\/v2\/product\/23256","targetHints":{"allow":["GET"]}}],"collection":[{"href":"https:\/\/www.creaearredanegozi.it\/de\/wp-json\/wp\/v2\/product"}],"about":[{"href":"https:\/\/www.creaearredanegozi.it\/de\/wp-json\/wp\/v2\/types\/product"}],"replies":[{"embeddable":true,"href":"https:\/\/www.creaearredanegozi.it\/de\/wp-json\/wp\/v2\/comments?post=23256"}],"wp:featuredmedia":[{"embeddable":true,"href":"https:\/\/www.creaearredanegozi.it\/de\/wp-json\/wp\/v2\/media\/125389"}],"wp:attachment":[{"href":"https:\/\/www.creaearredanegozi.it\/de\/wp-json\/wp\/v2\/media?parent=23256"}],"wp:term":[{"taxonomy":"product_brand","embeddable":true,"href":"https:\/\/www.creaearredanegozi.it\/de\/wp-json\/wp\/v2\/product_brand?post=23256"},{"taxonomy":"product_cat","embeddable":true,"href":"https:\/\/www.creaearredanegozi.it\/de\/wp-json\/wp\/v2\/product_cat?post=23256"},{"taxonomy":"product_tag","embeddable":true,"href":"https:\/\/www.creaearredanegozi.it\/de\/wp-json\/wp\/v2\/product_tag?post=23256"}],"curies":[{"name":"wp","href":"https:\/\/api.w.org\/{rel}","templated":true}]}}