{"id":23335,"date":"2019-05-09T23:19:50","date_gmt":"2019-05-09T21:19:50","guid":{"rendered":"https:\/\/www.creaearredanegozi.it\/?post_type=product&#038;p=23335"},"modified":"2023-10-11T12:57:42","modified_gmt":"2023-10-11T10:57:42","slug":"tavolo-a-giorno-acciaio-aisi-430-senza-alzatina-profondita-70-cm-2","status":"publish","type":"product","link":"https:\/\/www.creaearredanegozi.it\/de\/tavolo-a-giorno-acciaio-aisi-430-senza-alzatina-profondita-70-cm-2\/","title":{"rendered":"Offener Tisch Stahl Aisi 430 ohne Aufkantung Tiefe 70 cm"},"content":{"rendered":"<p><strong>Offener Tisch Stahl Aisi 430 ohne Aufkantung Tiefe 70 cm<\/strong><\/p>\n<p>Tavolo da lavoro in acciaio Aisi 430 senza piano di fondo, senza alzatina, con telaio su 3 lati<\/p>\n<ul>\n<li>Tiefe 70 cm<\/li>\n<li>H\u00f6he 85 cm<\/li>\n<\/ul>\n<p><img decoding=\"async\" class=\"alignnone size-medium wp-image-23020 aligncenter\" src=\"https:\/\/www.creaearredanegozi.it\/wp-content\/uploads\/2019\/05\/8-1-500x250.png\" alt=\"\" width=\"500\" height=\"250\" title=\"\" srcset=\"https:\/\/www.creaearredanegozi.it\/wp-content\/uploads\/2019\/05\/8-1.png 500w, https:\/\/www.creaearredanegozi.it\/wp-content\/uploads\/2019\/05\/8-1-64x32.png 64w, https:\/\/www.creaearredanegozi.it\/wp-content\/uploads\/2019\/05\/8-1-200x100.png 200w, https:\/\/www.creaearredanegozi.it\/wp-content\/uploads\/2019\/05\/8-1-400x200.png 400w\" sizes=\"(max-width: 500px) 100vw, 500px\" \/><\/p>\n<p><strong>Verf\u00fcgbare Gr\u00f6\u00dfen:<\/strong><\/p>\n<table style=\"border-collapse: collapse; width: 100%;\">\n<tbody>\n<tr>\n<td style=\"width: 25%; text-align: center;\"><strong>L\u00e4nge (cm)<\/strong><\/td>\n<td style=\"width: 25%; text-align: center;\"><strong>Tiefe (cm)<\/strong><\/td>\n<td style=\"width: 25%; text-align: center;\"><strong>H\u00f6he (cm)<\/strong><\/td>\n<td style=\"width: 25%; text-align: center;\"><strong>Gewicht (kg)<\/strong><\/td>\n<\/tr>\n<tr>\n<td style=\"width: 25%; text-align: center;\">40<\/td>\n<td style=\"width: 25%; text-align: center;\" rowspan=\"17\">70<\/td>\n<td style=\"width: 25%; text-align: center;\" rowspan=\"17\">85<\/td>\n<td style=\"width: 25%; text-align: center;\">12<\/td>\n<\/tr>\n<tr>\n<td style=\"width: 25%; text-align: center;\">50<\/td>\n<td style=\"width: 25%; text-align: center;\">14<\/td>\n<\/tr>\n<tr>\n<td style=\"width: 25%; text-align: center;\">60<\/td>\n<td style=\"width: 25%; text-align: center;\">16<\/td>\n<\/tr>\n<tr>\n<td style=\"width: 25%; text-align: center;\">70<\/td>\n<td style=\"width: 25%; text-align: center;\">18<\/td>\n<\/tr>\n<tr>\n<td style=\"width: 25%; text-align: center;\">80<\/td>\n<td style=\"width: 25%; text-align: center;\">20<\/td>\n<\/tr>\n<tr>\n<td style=\"width: 25%; text-align: center;\">90<\/td>\n<td style=\"width: 25%; text-align: center;\">22<\/td>\n<\/tr>\n<tr>\n<td style=\"width: 25%; text-align: center;\">100<\/td>\n<td style=\"width: 25%; text-align: center;\">25<\/td>\n<\/tr>\n<tr>\n<td style=\"width: 25%; text-align: center;\">110<\/td>\n<td style=\"width: 25%; text-align: center;\">27<\/td>\n<\/tr>\n<tr>\n<td style=\"width: 25%; text-align: center;\">120<\/td>\n<td style=\"width: 25%; text-align: center;\">30<\/td>\n<\/tr>\n<tr>\n<td style=\"width: 25%; text-align: center;\">130<\/td>\n<td style=\"width: 25%; text-align: center;\">32<\/td>\n<\/tr>\n<tr>\n<td style=\"width: 25%; text-align: center;\">140<\/td>\n<td style=\"width: 25%; text-align: center;\">35<\/td>\n<\/tr>\n<tr>\n<td style=\"width: 25%; text-align: center;\">150<\/td>\n<td style=\"width: 25%; text-align: center;\">37<\/td>\n<\/tr>\n<tr>\n<td style=\"width: 25%; text-align: center;\">160<\/td>\n<td style=\"width: 25%; text-align: center;\">40<\/td>\n<\/tr>\n<tr>\n<td style=\"width: 25%; text-align: center;\">170<\/td>\n<td style=\"width: 25%; text-align: center;\">42<\/td>\n<\/tr>\n<tr>\n<td style=\"width: 25%; text-align: center;\">180<\/td>\n<td style=\"width: 25%; text-align: center;\">44<\/td>\n<\/tr>\n<tr>\n<td style=\"width: 25%; text-align: center;\">190<\/td>\n<td style=\"width: 25%; text-align: center;\">46<\/td>\n<\/tr>\n<tr>\n<td style=\"width: 25%; text-align: center;\">200<\/td>\n<td style=\"width: 25%; text-align: center;\">48<\/td>\n<\/tr>\n<\/tbody>\n<\/table>\n<p>&nbsp;<\/p>","protected":false},"excerpt":{"rendered":"<p>Tavolo a giorno acciaio Aisi 430 senza alzatina profondit\u00e0 70 cm Tavolo da lavoro in acciaio Aisi 430 senza piano di fondo, senza alzatina, con telaio su 3 lati Profondit\u00e0 70 cm Altezza 85 cm Dimensioni disponibili: Lunghezza (cm) Profondit\u00e0 (cm) Altezza (cm) Peso (kg) 40 70 85 12 50 14 60 16 70 18 [&#8230;]","protected":false},"featured_media":125799,"comment_status":"closed","ping_status":"closed","template":"","meta":{"_monsterinsights_skip_tracking":false,"_monsterinsights_sitenote_active":false,"_monsterinsights_sitenote_note":"","_monsterinsights_sitenote_category":0},"product_brand":[772],"product_cat":[18,121],"product_tag":[],"class_list":{"0":"post-23335","1":"product","2":"type-product","3":"status-publish","4":"has-post-thumbnail","6":"product_brand-crea-e-arreda-negozi","7":"product_cat-arredo-acciaio-inox","8":"product_cat-tavoli-refrigerati-lavorazione-inox","9":"pa_dotazione-senza-alzatina","10":"pa_profondita-linea-70","11":"pa_tipo-acciaio-aisi-linea-eco-aisi-430","12":"pa_versione-a-giorno","14":"first","15":"instock","16":"taxable","17":"shipping-taxable","18":"purchasable","19":"product-type-variable"},"_links":{"self":[{"href":"https:\/\/www.creaearredanegozi.it\/de\/wp-json\/wp\/v2\/product\/23335","targetHints":{"allow":["GET"]}}],"collection":[{"href":"https:\/\/www.creaearredanegozi.it\/de\/wp-json\/wp\/v2\/product"}],"about":[{"href":"https:\/\/www.creaearredanegozi.it\/de\/wp-json\/wp\/v2\/types\/product"}],"replies":[{"embeddable":true,"href":"https:\/\/www.creaearredanegozi.it\/de\/wp-json\/wp\/v2\/comments?post=23335"}],"wp:featuredmedia":[{"embeddable":true,"href":"https:\/\/www.creaearredanegozi.it\/de\/wp-json\/wp\/v2\/media\/125799"}],"wp:attachment":[{"href":"https:\/\/www.creaearredanegozi.it\/de\/wp-json\/wp\/v2\/media?parent=23335"}],"wp:term":[{"taxonomy":"product_brand","embeddable":true,"href":"https:\/\/www.creaearredanegozi.it\/de\/wp-json\/wp\/v2\/product_brand?post=23335"},{"taxonomy":"product_cat","embeddable":true,"href":"https:\/\/www.creaearredanegozi.it\/de\/wp-json\/wp\/v2\/product_cat?post=23335"},{"taxonomy":"product_tag","embeddable":true,"href":"https:\/\/www.creaearredanegozi.it\/de\/wp-json\/wp\/v2\/product_tag?post=23335"}],"curies":[{"name":"wp","href":"https:\/\/api.w.org\/{rel}","templated":true}]}}