{"id":23418,"date":"2019-05-10T00:41:47","date_gmt":"2019-05-09T22:41:47","guid":{"rendered":"https:\/\/www.creaearredanegozi.it\/?post_type=product&#038;p=23418"},"modified":"2023-07-25T18:08:02","modified_gmt":"2023-07-25T16:08:02","slug":"tavolo-a-giorno-acciaio-aisi-430-due-ripiani-senza-alzatina-profondita-60-cm","status":"publish","type":"product","link":"https:\/\/www.creaearredanegozi.it\/de\/tavolo-a-giorno-acciaio-aisi-430-due-ripiani-senza-alzatina-profondita-60-cm\/","title":{"rendered":"Offener Tisch Stahl Aisi 430 2 Ablagen ohne Aufkantung Tiefe 60 cm"},"content":{"rendered":"<p><strong>Offener Tisch Stahl Aisi 430 2 Ablagen ohne Aufkantung Tiefe 60 cm<\/strong><\/p>\n<p>Tavolo da lavoro in acciaio inox Aisi 430 con due ripiani, senza alzatina.<\/p>\n<ul>\n<li>Beine mit quadratischem Querschnitt<\/li>\n<li>Tiefe 60 cm<\/li>\n<li>H\u00f6he 85 cm<\/li>\n<li>Wird zerlegt geliefert<\/li>\n<\/ul>\n<p><img decoding=\"async\" class=\"alignnone size-medium wp-image-23020 aligncenter\" src=\"https:\/\/www.creaearredanegozi.it\/wp-content\/uploads\/2019\/05\/8-1-500x250.png\" alt=\"\" width=\"500\" height=\"250\" title=\"\" srcset=\"https:\/\/www.creaearredanegozi.it\/wp-content\/uploads\/2019\/05\/8-1.png 500w, https:\/\/www.creaearredanegozi.it\/wp-content\/uploads\/2019\/05\/8-1-64x32.png 64w, https:\/\/www.creaearredanegozi.it\/wp-content\/uploads\/2019\/05\/8-1-200x100.png 200w, https:\/\/www.creaearredanegozi.it\/wp-content\/uploads\/2019\/05\/8-1-400x200.png 400w\" sizes=\"(max-width: 500px) 100vw, 500px\" \/><\/p>\n<p><strong>Verf\u00fcgbare Gr\u00f6\u00dfen<\/strong><\/p>\n<table class=\"table table-striped\" style=\"width: 100%;\">\n<tbody>\n<tr>\n<td style=\"text-align: center;\"><strong>L\u00e4nge (cm)<\/strong><\/td>\n<td style=\"text-align: center;\"><strong>Gewicht (kg)<\/strong><\/td>\n<td style=\"text-align: center;\"><strong>Tiefe (cm)<\/strong><\/td>\n<td style=\"text-align: center;\"><strong>H\u00f6he (cm)<\/strong><\/td>\n<\/tr>\n<tr>\n<td style=\"text-align: center;\">40<\/td>\n<td style=\"text-align: center;\">16<\/td>\n<td style=\"text-align: center;\" rowspan=\"17\">60<\/td>\n<td style=\"text-align: center;\" rowspan=\"17\">85<\/td>\n<\/tr>\n<tr>\n<td style=\"text-align: center;\">50<\/td>\n<td style=\"text-align: center;\">18<\/td>\n<\/tr>\n<tr>\n<td style=\"text-align: center;\">60<\/td>\n<td style=\"text-align: center;\">20<\/td>\n<\/tr>\n<tr>\n<td style=\"text-align: center;\">70<\/td>\n<td style=\"text-align: center;\">22<\/td>\n<\/tr>\n<tr>\n<td style=\"text-align: center;\">80<\/td>\n<td style=\"text-align: center;\">23<\/td>\n<\/tr>\n<tr>\n<td style=\"text-align: center;\">90<\/td>\n<td style=\"text-align: center;\">26<\/td>\n<\/tr>\n<tr>\n<td style=\"text-align: center;\">100<\/td>\n<td style=\"text-align: center;\">29<\/td>\n<\/tr>\n<tr>\n<td style=\"text-align: center;\">110<\/td>\n<td style=\"text-align: center;\">31<\/td>\n<\/tr>\n<tr>\n<td style=\"text-align: center;\">120<\/td>\n<td style=\"text-align: center;\">34<\/td>\n<\/tr>\n<tr>\n<td style=\"text-align: center;\">130<\/td>\n<td style=\"text-align: center;\">36<\/td>\n<\/tr>\n<tr>\n<td style=\"text-align: center;\">140<\/td>\n<td style=\"text-align: center;\">39<\/td>\n<\/tr>\n<tr>\n<td style=\"text-align: center;\">150<\/td>\n<td style=\"text-align: center;\">41<\/td>\n<\/tr>\n<tr>\n<td style=\"text-align: center;\">160<\/td>\n<td style=\"text-align: center;\">44<\/td>\n<\/tr>\n<tr>\n<td style=\"text-align: center;\">170<\/td>\n<td style=\"text-align: center;\">46<\/td>\n<\/tr>\n<tr>\n<td style=\"text-align: center;\">180<\/td>\n<td style=\"text-align: center;\">48<\/td>\n<\/tr>\n<tr>\n<td style=\"text-align: center;\">190<\/td>\n<td style=\"text-align: center;\">51<\/td>\n<\/tr>\n<tr>\n<td style=\"text-align: center;\">200<\/td>\n<td style=\"text-align: center;\">52<\/td>\n<\/tr>\n<\/tbody>\n<\/table>","protected":false},"excerpt":{"rendered":"<p>Tavolo a giorno acciaio Aisi 430 2 ripiani senza alzatina profondit\u00e0 60 cm Tavolo da lavoro in acciaio inox Aisi 430 con due ripiani, senza alzatina. Gambe a sezione quadrata Profondit\u00e0 60 cm Altezza 85 cm Fornito smontato Dimensioni disponibili Lunghezza (cm) Peso (kg) Profondit\u00e0 (cm) Altezza (cm) 40 16 60 85 50 18 60 [&#8230;]","protected":false},"featured_media":125241,"comment_status":"closed","ping_status":"closed","template":"","meta":{"_monsterinsights_skip_tracking":false,"_monsterinsights_sitenote_active":false,"_monsterinsights_sitenote_note":"","_monsterinsights_sitenote_category":0},"product_brand":[],"product_cat":[121,18],"product_tag":[],"class_list":{"0":"post-23418","1":"product","2":"type-product","3":"status-publish","4":"has-post-thumbnail","6":"product_cat-tavoli-refrigerati-lavorazione-inox","7":"product_cat-arredo-acciaio-inox","8":"pa_dotazione-con-ripiano-inferiore","9":"pa_dotazione-senza-alzatina","10":"pa_profondita-linea-60","11":"pa_tipo-acciaio-aisi-linea-eco-aisi-430","12":"pa_versione-a-giorno","14":"first","15":"instock","16":"taxable","17":"shipping-taxable","18":"purchasable","19":"product-type-variable"},"_links":{"self":[{"href":"https:\/\/www.creaearredanegozi.it\/de\/wp-json\/wp\/v2\/product\/23418","targetHints":{"allow":["GET"]}}],"collection":[{"href":"https:\/\/www.creaearredanegozi.it\/de\/wp-json\/wp\/v2\/product"}],"about":[{"href":"https:\/\/www.creaearredanegozi.it\/de\/wp-json\/wp\/v2\/types\/product"}],"replies":[{"embeddable":true,"href":"https:\/\/www.creaearredanegozi.it\/de\/wp-json\/wp\/v2\/comments?post=23418"}],"wp:featuredmedia":[{"embeddable":true,"href":"https:\/\/www.creaearredanegozi.it\/de\/wp-json\/wp\/v2\/media\/125241"}],"wp:attachment":[{"href":"https:\/\/www.creaearredanegozi.it\/de\/wp-json\/wp\/v2\/media?parent=23418"}],"wp:term":[{"taxonomy":"product_brand","embeddable":true,"href":"https:\/\/www.creaearredanegozi.it\/de\/wp-json\/wp\/v2\/product_brand?post=23418"},{"taxonomy":"product_cat","embeddable":true,"href":"https:\/\/www.creaearredanegozi.it\/de\/wp-json\/wp\/v2\/product_cat?post=23418"},{"taxonomy":"product_tag","embeddable":true,"href":"https:\/\/www.creaearredanegozi.it\/de\/wp-json\/wp\/v2\/product_tag?post=23418"}],"curies":[{"name":"wp","href":"https:\/\/api.w.org\/{rel}","templated":true}]}}