{"id":23478,"date":"2019-05-10T09:16:46","date_gmt":"2019-05-10T07:16:46","guid":{"rendered":"https:\/\/www.creaearredanegozi.it\/?post_type=product&#038;p=23478"},"modified":"2023-07-25T18:13:37","modified_gmt":"2023-07-25T16:13:37","slug":"offener-tisch-edelstahl-aisi-304-2-einlegeboden-ohne-spritzschutz-tiefe-70-cm","status":"publish","type":"product","link":"https:\/\/www.creaearredanegozi.it\/de\/offener-tisch-edelstahl-aisi-304-2-einlegeboden-ohne-spritzschutz-tiefe-70-cm\/","title":{"rendered":"Offener Tisch Stahl Aisi 304 2 Ablagen ohne Spritzschutz Tiefe 70 cm"},"content":{"rendered":"<p><strong>Offener Tisch Stahl Aisi 304 2 Ablagen ohne Spritzschutz Tiefe 70 cm<\/strong><\/p>\n<p>Arbeitstisch aus Stahl Aisi 304 ohne Spritzschutz, zwei Bodenplatten.<\/p>\n<ul>\n<li>Beine mit quadratischem Querschnitt<\/li>\n<li>Tiefe 70 cm<\/li>\n<li>H\u00f6he 85 cm<\/li>\n<li>Demontiert geliefert<\/li>\n<\/ul>\n<p><img decoding=\"async\" class=\"alignnone size-medium wp-image-23020 aligncenter\" src=\"https:\/\/www.creaearredanegozi.it\/wp-content\/uploads\/2019\/05\/8-1-500x250.png\" alt=\"\" width=\"500\" height=\"250\" title=\"\" srcset=\"https:\/\/www.creaearredanegozi.it\/wp-content\/uploads\/2019\/05\/8-1.png 500w, https:\/\/www.creaearredanegozi.it\/wp-content\/uploads\/2019\/05\/8-1-64x32.png 64w, https:\/\/www.creaearredanegozi.it\/wp-content\/uploads\/2019\/05\/8-1-200x100.png 200w, https:\/\/www.creaearredanegozi.it\/wp-content\/uploads\/2019\/05\/8-1-400x200.png 400w\" sizes=\"(max-width: 500px) 100vw, 500px\" \/><\/p>\n<p><strong>Verf\u00fcgbare Gr\u00f6\u00dfen:<\/strong><\/p>\n<table class=\"table table-striped\" style=\"width: 100%;\">\n<tbody>\n<tr>\n<td style=\"text-align: center;\"><strong>L\u00e4nge (cm)<\/strong><\/td>\n<td style=\"text-align: center;\"><strong>Gewicht (kg)<\/strong><\/td>\n<td style=\"text-align: center;\"><strong>Tiefe (cm)<\/strong><\/td>\n<td style=\"text-align: center;\"><strong>H\u00f6he (cm)<\/strong><\/td>\n<\/tr>\n<tr>\n<td style=\"text-align: center;\">40<\/td>\n<td style=\"text-align: center;\">18<\/td>\n<td style=\"text-align: center;\" rowspan=\"17\">70<\/td>\n<td style=\"text-align: center;\" rowspan=\"17\">85<\/td>\n<\/tr>\n<tr>\n<td style=\"text-align: center;\">50<\/td>\n<td style=\"text-align: center;\">19<\/td>\n<\/tr>\n<tr>\n<td style=\"text-align: center;\">60<\/td>\n<td style=\"text-align: center;\">21<\/td>\n<\/tr>\n<tr>\n<td style=\"text-align: center;\">70<\/td>\n<td style=\"text-align: center;\">23<\/td>\n<\/tr>\n<tr>\n<td style=\"text-align: center;\">80<\/td>\n<td style=\"text-align: center;\">25<\/td>\n<\/tr>\n<tr>\n<td style=\"text-align: center;\">90<\/td>\n<td style=\"text-align: center;\">27<\/td>\n<\/tr>\n<tr>\n<td style=\"text-align: center;\">100<\/td>\n<td style=\"text-align: center;\">30<\/td>\n<\/tr>\n<tr>\n<td style=\"text-align: center;\">110<\/td>\n<td style=\"text-align: center;\">33<\/td>\n<\/tr>\n<tr>\n<td style=\"text-align: center;\">120<\/td>\n<td style=\"text-align: center;\">36<\/td>\n<\/tr>\n<tr>\n<td style=\"text-align: center;\">130<\/td>\n<td style=\"text-align: center;\">39<\/td>\n<\/tr>\n<tr>\n<td style=\"text-align: center;\">140<\/td>\n<td style=\"text-align: center;\">42<\/td>\n<\/tr>\n<tr>\n<td style=\"text-align: center;\">150<\/td>\n<td style=\"text-align: center;\">45<\/td>\n<\/tr>\n<tr>\n<td style=\"text-align: center;\">160<\/td>\n<td style=\"text-align: center;\">48<\/td>\n<\/tr>\n<tr>\n<td style=\"text-align: center;\">170<\/td>\n<td style=\"text-align: center;\">51<\/td>\n<\/tr>\n<tr>\n<td style=\"text-align: center;\">180<\/td>\n<td style=\"text-align: center;\">54<\/td>\n<\/tr>\n<tr>\n<td style=\"text-align: center;\">190<\/td>\n<td style=\"text-align: center;\">56<\/td>\n<\/tr>\n<tr>\n<td style=\"text-align: center;\">200<\/td>\n<td style=\"text-align: center;\">59<\/td>\n<\/tr>\n<\/tbody>\n<\/table>","protected":false},"excerpt":{"rendered":"<p>Tavolo a giorno acciaio Aisi 304 2 ripiani senza alzatina profondit\u00e0 70 cm Tavolo da lavoro in acciaio Aisi 304 senza alzatina, due piani di fondo. Gambe a sezione quadrata Profondit\u00e0 70 cm Altezza 85 cm Fornito Smontato Dimensioni disponibili: Lunghezza (cm) Peso (kg) Profondit\u00e0 (cm) Altezza (cm) 40 18 70 85 50 19 60 [&#8230;]","protected":false},"featured_media":125242,"comment_status":"closed","ping_status":"closed","template":"","meta":{"_monsterinsights_skip_tracking":false,"_monsterinsights_sitenote_active":false,"_monsterinsights_sitenote_note":"","_monsterinsights_sitenote_category":0},"product_brand":[],"product_cat":[121,18],"product_tag":[],"class_list":{"0":"post-23478","1":"product","2":"type-product","3":"status-publish","4":"has-post-thumbnail","6":"product_cat-tavoli-refrigerati-lavorazione-inox","7":"product_cat-arredo-acciaio-inox","8":"pa_dotazione-con-ripiano-inferiore","9":"pa_dotazione-senza-alzatina","10":"pa_profondita-linea-70","11":"pa_tipo-acciaio-aisi-linea-hq-aisi-304","12":"pa_versione-a-giorno","14":"first","15":"instock","16":"taxable","17":"shipping-taxable","18":"purchasable","19":"product-type-variable"},"_links":{"self":[{"href":"https:\/\/www.creaearredanegozi.it\/de\/wp-json\/wp\/v2\/product\/23478","targetHints":{"allow":["GET"]}}],"collection":[{"href":"https:\/\/www.creaearredanegozi.it\/de\/wp-json\/wp\/v2\/product"}],"about":[{"href":"https:\/\/www.creaearredanegozi.it\/de\/wp-json\/wp\/v2\/types\/product"}],"replies":[{"embeddable":true,"href":"https:\/\/www.creaearredanegozi.it\/de\/wp-json\/wp\/v2\/comments?post=23478"}],"wp:featuredmedia":[{"embeddable":true,"href":"https:\/\/www.creaearredanegozi.it\/de\/wp-json\/wp\/v2\/media\/125242"}],"wp:attachment":[{"href":"https:\/\/www.creaearredanegozi.it\/de\/wp-json\/wp\/v2\/media?parent=23478"}],"wp:term":[{"taxonomy":"product_brand","embeddable":true,"href":"https:\/\/www.creaearredanegozi.it\/de\/wp-json\/wp\/v2\/product_brand?post=23478"},{"taxonomy":"product_cat","embeddable":true,"href":"https:\/\/www.creaearredanegozi.it\/de\/wp-json\/wp\/v2\/product_cat?post=23478"},{"taxonomy":"product_tag","embeddable":true,"href":"https:\/\/www.creaearredanegozi.it\/de\/wp-json\/wp\/v2\/product_tag?post=23478"}],"curies":[{"name":"wp","href":"https:\/\/api.w.org\/{rel}","templated":true}]}}