{"id":23520,"date":"2019-05-10T09:39:10","date_gmt":"2019-05-10T07:39:10","guid":{"rendered":"https:\/\/www.creaearredanegozi.it\/?post_type=product&#038;p=23520"},"modified":"2023-07-03T20:11:16","modified_gmt":"2023-07-03T18:11:16","slug":"offener-tisch-edelstahl-aisi-304-2-einlegeboden-mit-spritzwand-tiefe-70-cm","status":"publish","type":"product","link":"https:\/\/www.creaearredanegozi.it\/de\/offener-tisch-edelstahl-aisi-304-2-einlegeboden-mit-spritzwand-tiefe-70-cm\/","title":{"rendered":"Offener Tisch Stahl Aisi 304 2 Ablagen mit R\u00fcckwand Tiefe 70 cm"},"content":{"rendered":"<p><strong>Offener Tisch aus rostfreiem Stahl Aisi 304 2 Ablagen mit Aufkantung Tiefe 70 cm<\/strong><\/p>\n<p>Arbeitstisch aus Edelstahl Aisi 304 mit Aufkantung und zwei Ablagen<\/p>\n<p>Wird zerlegt geliefert.<\/p>\n<p>Tiefe 70 cm, H\u00f6he 85 cm<\/p>\n<p><img decoding=\"async\" class=\"alignnone size-medium wp-image-23082 aligncenter\" src=\"https:\/\/www.creaearredanegozi.it\/wp-content\/uploads\/2019\/05\/8-2-500x275.png\" alt=\"\" width=\"500\" height=\"275\" title=\"\" srcset=\"https:\/\/www.creaearredanegozi.it\/wp-content\/uploads\/2019\/05\/8-2.png 500w, https:\/\/www.creaearredanegozi.it\/wp-content\/uploads\/2019\/05\/8-2-64x35.png 64w, https:\/\/www.creaearredanegozi.it\/wp-content\/uploads\/2019\/05\/8-2-200x110.png 200w, https:\/\/www.creaearredanegozi.it\/wp-content\/uploads\/2019\/05\/8-2-400x220.png 400w\" sizes=\"(max-width: 500px) 100vw, 500px\" \/><\/p>\n<p><strong>Verf\u00fcgbare Gr\u00f6\u00dfen<\/strong><\/p>\n<table class=\"table table-striped mtr-table mtr-tr-td\" style=\"width: 100%;\">\n<tbody>\n<tr>\n<td style=\"width: 33.3333%; text-align: center;\" data-mtr-content=\"Lunghezza (L) cm\" class=\"mtr-td-tag\"><div class=\"mtr-cell-content\"><strong>L\u00e4nge (L) cm<\/strong><\/div><\/td>\n<td style=\"width: 33.3333%; text-align: center;\" data-mtr-content=\"Profondit\u00e0 (P) cm\" class=\"mtr-td-tag\"><div class=\"mtr-cell-content\"><strong>Tiefe (D) cm<\/strong><\/div><\/td>\n<td style=\"width: 33.3333%; text-align: center;\" data-mtr-content=\"Altezza (cm)\" class=\"mtr-td-tag\"><div class=\"mtr-cell-content\"><strong>H\u00f6he (cm)<\/strong><\/div><\/td>\n<\/tr>\n<tr>\n<td style=\"width: 33.3333%; text-align: center;\" data-mtr-content=\"Lunghezza (L) cm\" class=\"mtr-td-tag\"><div class=\"mtr-cell-content\"><strong>40<\/strong><\/div><\/td>\n<td style=\"width: 33.3333%; text-align: center;\" data-mtr-content=\"Profondit\u00e0 (P) cm\" class=\"mtr-td-tag\"><div class=\"mtr-cell-content\">70<\/div><\/td>\n<td style=\"width: 33.3333%; text-align: center;\" data-mtr-content=\"Altezza (cm)\" class=\"mtr-td-tag\"><div class=\"mtr-cell-content\">85<\/div><\/td>\n<\/tr>\n<tr>\n<td style=\"width: 33.3333%; text-align: center;\" data-mtr-content=\"Lunghezza (L) cm\" class=\"mtr-td-tag\"><div class=\"mtr-cell-content\"><strong>50<\/strong><\/div><\/td>\n<td style=\"width: 33.3333%; text-align: center;\" data-mtr-content=\"Profondit\u00e0 (P) cm\" class=\"mtr-td-tag\"><div class=\"mtr-cell-content\">70<\/div><\/td>\n<td style=\"width: 33.3333%; text-align: center;\" data-mtr-content=\"Altezza (cm)\" class=\"mtr-td-tag\"><div class=\"mtr-cell-content\">85<\/div><\/td>\n<\/tr>\n<tr>\n<td style=\"width: 33.3333%; text-align: center;\" data-mtr-content=\"Lunghezza (L) cm\" class=\"mtr-td-tag\"><div class=\"mtr-cell-content\"><strong>60<\/strong><\/div><\/td>\n<td style=\"width: 33.3333%; text-align: center;\" data-mtr-content=\"Profondit\u00e0 (P) cm\" class=\"mtr-td-tag\"><div class=\"mtr-cell-content\">70<\/div><\/td>\n<td style=\"width: 33.3333%; text-align: center;\" data-mtr-content=\"Altezza (cm)\" class=\"mtr-td-tag\"><div class=\"mtr-cell-content\">85<\/div><\/td>\n<\/tr>\n<tr>\n<td style=\"width: 33.3333%; text-align: center;\" data-mtr-content=\"Lunghezza (L) cm\" class=\"mtr-td-tag\"><div class=\"mtr-cell-content\"><strong>70<\/strong><\/div><\/td>\n<td style=\"width: 33.3333%; text-align: center;\" data-mtr-content=\"Profondit\u00e0 (P) cm\" class=\"mtr-td-tag\"><div class=\"mtr-cell-content\">70<\/div><\/td>\n<td style=\"width: 33.3333%; text-align: center;\" data-mtr-content=\"Altezza (cm)\" class=\"mtr-td-tag\"><div class=\"mtr-cell-content\">85<\/div><\/td>\n<\/tr>\n<tr>\n<td style=\"width: 33.3333%; text-align: center;\" data-mtr-content=\"Lunghezza (L) cm\" class=\"mtr-td-tag\"><div class=\"mtr-cell-content\"><strong>80<\/strong><\/div><\/td>\n<td style=\"width: 33.3333%; text-align: center;\" data-mtr-content=\"Profondit\u00e0 (P) cm\" class=\"mtr-td-tag\"><div class=\"mtr-cell-content\">70<\/div><\/td>\n<td style=\"width: 33.3333%; text-align: center;\" data-mtr-content=\"Altezza (cm)\" class=\"mtr-td-tag\"><div class=\"mtr-cell-content\">85<\/div><\/td>\n<\/tr>\n<tr>\n<td style=\"width: 33.3333%; text-align: center;\" data-mtr-content=\"Lunghezza (L) cm\" class=\"mtr-td-tag\"><div class=\"mtr-cell-content\"><strong>90<\/strong><\/div><\/td>\n<td style=\"width: 33.3333%; text-align: center;\" data-mtr-content=\"Profondit\u00e0 (P) cm\" class=\"mtr-td-tag\"><div class=\"mtr-cell-content\">70<\/div><\/td>\n<td style=\"width: 33.3333%; text-align: center;\" data-mtr-content=\"Altezza (cm)\" class=\"mtr-td-tag\"><div class=\"mtr-cell-content\">85<\/div><\/td>\n<\/tr>\n<tr>\n<td style=\"width: 33.3333%; text-align: center;\" data-mtr-content=\"Lunghezza (L) cm\" class=\"mtr-td-tag\"><div class=\"mtr-cell-content\"><strong>100<\/strong><\/div><\/td>\n<td style=\"width: 33.3333%; text-align: center;\" data-mtr-content=\"Profondit\u00e0 (P) cm\" class=\"mtr-td-tag\"><div class=\"mtr-cell-content\">70<\/div><\/td>\n<td style=\"width: 33.3333%; text-align: center;\" data-mtr-content=\"Altezza (cm)\" class=\"mtr-td-tag\"><div class=\"mtr-cell-content\">85<\/div><\/td>\n<\/tr>\n<tr>\n<td style=\"width: 33.3333%; text-align: center;\" data-mtr-content=\"Lunghezza (L) cm\" class=\"mtr-td-tag\"><div class=\"mtr-cell-content\"><strong>110<\/strong><\/div><\/td>\n<td style=\"width: 33.3333%; text-align: center;\" data-mtr-content=\"Profondit\u00e0 (P) cm\" class=\"mtr-td-tag\"><div class=\"mtr-cell-content\">70<\/div><\/td>\n<td style=\"width: 33.3333%; text-align: center;\" data-mtr-content=\"Altezza (cm)\" class=\"mtr-td-tag\"><div class=\"mtr-cell-content\">85<\/div><\/td>\n<\/tr>\n<tr>\n<td style=\"width: 33.3333%; text-align: center;\" data-mtr-content=\"Lunghezza (L) cm\" class=\"mtr-td-tag\"><div class=\"mtr-cell-content\"><strong>120<\/strong><\/div><\/td>\n<td style=\"width: 33.3333%; text-align: center;\" data-mtr-content=\"Profondit\u00e0 (P) cm\" class=\"mtr-td-tag\"><div class=\"mtr-cell-content\">70<\/div><\/td>\n<td style=\"width: 33.3333%; text-align: center;\" data-mtr-content=\"Altezza (cm)\" class=\"mtr-td-tag\"><div class=\"mtr-cell-content\">85<\/div><\/td>\n<\/tr>\n<tr>\n<td style=\"width: 33.3333%; text-align: center;\" data-mtr-content=\"Lunghezza (L) cm\" class=\"mtr-td-tag\"><div class=\"mtr-cell-content\"><strong>130<\/strong><\/div><\/td>\n<td style=\"width: 33.3333%; text-align: center;\" data-mtr-content=\"Profondit\u00e0 (P) cm\" class=\"mtr-td-tag\"><div class=\"mtr-cell-content\">70<\/div><\/td>\n<td style=\"width: 33.3333%; text-align: center;\" data-mtr-content=\"Altezza (cm)\" class=\"mtr-td-tag\"><div class=\"mtr-cell-content\">85<\/div><\/td>\n<\/tr>\n<tr>\n<td style=\"width: 33.3333%; text-align: center;\" data-mtr-content=\"Lunghezza (L) cm\" class=\"mtr-td-tag\"><div class=\"mtr-cell-content\"><strong>140<\/strong><\/div><\/td>\n<td style=\"width: 33.3333%; text-align: center;\" data-mtr-content=\"Profondit\u00e0 (P) cm\" class=\"mtr-td-tag\"><div class=\"mtr-cell-content\">70<\/div><\/td>\n<td style=\"width: 33.3333%; text-align: center;\" data-mtr-content=\"Altezza (cm)\" class=\"mtr-td-tag\"><div class=\"mtr-cell-content\">85<\/div><\/td>\n<\/tr>\n<tr>\n<td style=\"width: 33.3333%; text-align: center;\" data-mtr-content=\"Lunghezza (L) cm\" class=\"mtr-td-tag\"><div class=\"mtr-cell-content\"><strong>150<\/strong><\/div><\/td>\n<td style=\"width: 33.3333%; text-align: center;\" data-mtr-content=\"Profondit\u00e0 (P) cm\" class=\"mtr-td-tag\"><div class=\"mtr-cell-content\">70<\/div><\/td>\n<td style=\"width: 33.3333%; text-align: center;\" data-mtr-content=\"Altezza (cm)\" class=\"mtr-td-tag\"><div class=\"mtr-cell-content\">85<\/div><\/td>\n<\/tr>\n<tr>\n<td style=\"width: 33.3333%; text-align: center;\" data-mtr-content=\"Lunghezza (L) cm\" class=\"mtr-td-tag\"><div class=\"mtr-cell-content\"><strong>160<\/strong><\/div><\/td>\n<td style=\"width: 33.3333%; text-align: center;\" data-mtr-content=\"Profondit\u00e0 (P) cm\" class=\"mtr-td-tag\"><div class=\"mtr-cell-content\">70<\/div><\/td>\n<td style=\"width: 33.3333%; text-align: center;\" data-mtr-content=\"Altezza (cm)\" class=\"mtr-td-tag\"><div class=\"mtr-cell-content\">85<\/div><\/td>\n<\/tr>\n<tr>\n<td style=\"width: 33.3333%; text-align: center;\" data-mtr-content=\"Lunghezza (L) cm\" class=\"mtr-td-tag\"><div class=\"mtr-cell-content\"><strong>170<\/strong><\/div><\/td>\n<td style=\"width: 33.3333%; text-align: center;\" data-mtr-content=\"Profondit\u00e0 (P) cm\" class=\"mtr-td-tag\"><div class=\"mtr-cell-content\">70<\/div><\/td>\n<td style=\"width: 33.3333%; text-align: center;\" data-mtr-content=\"Altezza (cm)\" class=\"mtr-td-tag\"><div class=\"mtr-cell-content\">85<\/div><\/td>\n<\/tr>\n<tr>\n<td style=\"width: 33.3333%; text-align: center;\" data-mtr-content=\"Lunghezza (L) cm\" class=\"mtr-td-tag\"><div class=\"mtr-cell-content\"><strong>180<\/strong><\/div><\/td>\n<td style=\"width: 33.3333%; text-align: center;\" data-mtr-content=\"Profondit\u00e0 (P) cm\" class=\"mtr-td-tag\"><div class=\"mtr-cell-content\">70<\/div><\/td>\n<td style=\"width: 33.3333%; text-align: center;\" data-mtr-content=\"Altezza (cm)\" class=\"mtr-td-tag\"><div class=\"mtr-cell-content\">85<\/div><\/td>\n<\/tr>\n<tr>\n<td style=\"width: 33.3333%; text-align: center;\" data-mtr-content=\"Lunghezza (L) cm\" class=\"mtr-td-tag\"><div class=\"mtr-cell-content\"><strong>190<\/strong><\/div><\/td>\n<td style=\"width: 33.3333%; text-align: center;\" data-mtr-content=\"Profondit\u00e0 (P) cm\" class=\"mtr-td-tag\"><div class=\"mtr-cell-content\">70<\/div><\/td>\n<td style=\"width: 33.3333%; text-align: center;\" data-mtr-content=\"Altezza (cm)\" class=\"mtr-td-tag\"><div class=\"mtr-cell-content\">85<\/div><\/td>\n<\/tr>\n<tr>\n<td style=\"width: 33.3333%; text-align: center;\" data-mtr-content=\"Lunghezza (L) cm\" class=\"mtr-td-tag\"><div class=\"mtr-cell-content\"><strong>200<\/strong><\/div><\/td>\n<td style=\"width: 33.3333%; text-align: center;\" data-mtr-content=\"Profondit\u00e0 (P) cm\" class=\"mtr-td-tag\"><div class=\"mtr-cell-content\">70<\/div><\/td>\n<td style=\"width: 33.3333%; text-align: center;\" data-mtr-content=\"Altezza (cm)\" class=\"mtr-td-tag\"><div class=\"mtr-cell-content\">85<\/div><\/td>\n<\/tr>\n<\/tbody>\n<\/table>\n<p>&nbsp;<\/p>","protected":false},"excerpt":{"rendered":"<p>Tavolo a giorno acciaio inox Aisi 304 2 ripiani con alzatina profondit\u00e0 70 cm Tavolo da lavoro in acciaio inox Aisi 304 con alzatina e due ripiani Fornito Smontato. Profondit\u00e0 70 cm, Altezza 85 cm Dimensioni disponibili Lunghezza (L) cm Profondit\u00e0 (P) cm Altezza (cm) 40 70 85 50 70 85 60 70 85 70 [&#8230;]","protected":false},"featured_media":124510,"comment_status":"closed","ping_status":"closed","template":"","meta":{"_monsterinsights_skip_tracking":false,"_monsterinsights_sitenote_active":false,"_monsterinsights_sitenote_note":"","_monsterinsights_sitenote_category":0},"product_brand":[],"product_cat":[121,18],"product_tag":[],"class_list":{"0":"post-23520","1":"product","2":"type-product","3":"status-publish","4":"has-post-thumbnail","6":"product_cat-tavoli-refrigerati-lavorazione-inox","7":"product_cat-arredo-acciaio-inox","8":"pa_dotazione-con-alzatina","9":"pa_dotazione-con-ripiano-inferiore","10":"pa_profondita-linea-70","11":"pa_tipo-acciaio-aisi-linea-hq-aisi-304","12":"pa_versione-a-giorno","14":"first","15":"instock","16":"taxable","17":"shipping-taxable","18":"purchasable","19":"product-type-variable"},"_links":{"self":[{"href":"https:\/\/www.creaearredanegozi.it\/de\/wp-json\/wp\/v2\/product\/23520","targetHints":{"allow":["GET"]}}],"collection":[{"href":"https:\/\/www.creaearredanegozi.it\/de\/wp-json\/wp\/v2\/product"}],"about":[{"href":"https:\/\/www.creaearredanegozi.it\/de\/wp-json\/wp\/v2\/types\/product"}],"replies":[{"embeddable":true,"href":"https:\/\/www.creaearredanegozi.it\/de\/wp-json\/wp\/v2\/comments?post=23520"}],"wp:featuredmedia":[{"embeddable":true,"href":"https:\/\/www.creaearredanegozi.it\/de\/wp-json\/wp\/v2\/media\/124510"}],"wp:attachment":[{"href":"https:\/\/www.creaearredanegozi.it\/de\/wp-json\/wp\/v2\/media?parent=23520"}],"wp:term":[{"taxonomy":"product_brand","embeddable":true,"href":"https:\/\/www.creaearredanegozi.it\/de\/wp-json\/wp\/v2\/product_brand?post=23520"},{"taxonomy":"product_cat","embeddable":true,"href":"https:\/\/www.creaearredanegozi.it\/de\/wp-json\/wp\/v2\/product_cat?post=23520"},{"taxonomy":"product_tag","embeddable":true,"href":"https:\/\/www.creaearredanegozi.it\/de\/wp-json\/wp\/v2\/product_tag?post=23520"}],"curies":[{"name":"wp","href":"https:\/\/api.w.org\/{rel}","templated":true}]}}