{"id":24007,"date":"2019-05-13T11:57:43","date_gmt":"2019-05-13T09:57:43","guid":{"rendered":"https:\/\/www.creaearredanegozi.it\/?post_type=product&#038;p=24007"},"modified":"2023-07-03T20:11:25","modified_gmt":"2023-07-03T18:11:25","slug":"offener-tisch-runde-beine-oder-50-cm-aisi-304-tiefe-70-cm","status":"publish","type":"product","link":"https:\/\/www.creaearredanegozi.it\/de\/offener-tisch-runde-beine-oder-50-cm-aisi-304-tiefe-70-cm\/","title":{"rendered":"Offener Tisch runde Beine \u00d8 50 cm Aisi 304 Tiefe 70 cm"},"content":{"rendered":"<p><strong>Offener Tisch runde Beine \u00d8 50 cm Aisi 304 Tiefe 70 cm<\/strong><\/p>\n<p>Arbeitstisch aus Stahl Aisi 304 auf runden Beinen mit Rahmen, ohne Spritzschutz.<\/p>\n<p>Durchmesser der Beine \u00d8 50 cm.<\/p>\n<p>Rohrrahmen Durchmesser \u00d8 40 cm<\/p>\n<p>Tiefe 70 cm<\/p>\n<p><strong>H\u00f6he 85 cm<\/strong><\/p>\n<p><img decoding=\"async\" class=\"alignnone size-medium wp-image-23020\" src=\"https:\/\/www.creaearredanegozi.it\/wp-content\/uploads\/2019\/05\/8-1-500x250.png\" alt=\"\" width=\"500\" height=\"250\" title=\"\" srcset=\"https:\/\/www.creaearredanegozi.it\/wp-content\/uploads\/2019\/05\/8-1.png 500w, https:\/\/www.creaearredanegozi.it\/wp-content\/uploads\/2019\/05\/8-1-64x32.png 64w, https:\/\/www.creaearredanegozi.it\/wp-content\/uploads\/2019\/05\/8-1-200x100.png 200w, https:\/\/www.creaearredanegozi.it\/wp-content\/uploads\/2019\/05\/8-1-400x200.png 400w\" sizes=\"(max-width: 500px) 100vw, 500px\" \/><\/p>\n<p><strong>Verf\u00fcgbare Gr\u00f6\u00dfen:<\/strong><\/p>\n<ul>\n<li>40x70x85 cm<\/li>\n<li>50x70x85 cm<\/li>\n<li>60x70x85 cm<\/li>\n<li>70x70x85 cm<\/li>\n<li>80x70x85 cm<\/li>\n<li>90x70x85 cm<\/li>\n<li>100x70x85 cm<\/li>\n<li>110x70x85 cm<\/li>\n<li>120x70x85 cm<\/li>\n<li>130x70x85 cm<\/li>\n<li>140x70x85 cm<\/li>\n<li>150x70x85 cm<\/li>\n<li>160x70x85 cm<\/li>\n<li>170x70x85 cm<\/li>\n<li>180x70x85 cm<\/li>\n<li>190x70x85 cm<\/li>\n<li>200x70x85 cm<\/li>\n<\/ul>","protected":false},"excerpt":{"rendered":"<p>Tavolo a giorno gambe tonde \u00d8 50 cm Aisi 304 profondit\u00e0 70 cm Tavolo da lavoro in acciaio Aisi 304 su gambe tonde con telaio, senza alzatina. Gambe diametro \u00d8 50 cm. Tubolari telaio diametro \u00d8 40 cm Profondit\u00e0 70 cm Altezza 85 cm Dimensioni disponibili: 40x70x85 cm 50x70x85 cm 60x70x85 cm 70x70x85 cm 80x70x85 [&#8230;]","protected":false},"featured_media":23921,"comment_status":"closed","ping_status":"closed","template":"","meta":{"_monsterinsights_skip_tracking":false,"_monsterinsights_sitenote_active":false,"_monsterinsights_sitenote_note":"","_monsterinsights_sitenote_category":0},"product_brand":[],"product_cat":[18,121],"product_tag":[],"class_list":{"0":"post-24007","1":"product","2":"type-product","3":"status-publish","4":"has-post-thumbnail","6":"product_cat-arredo-acciaio-inox","7":"product_cat-tavoli-refrigerati-lavorazione-inox","8":"pa_dotazione-senza-alzatina","9":"pa_dotazione-senza-ripiano-inferiore","10":"pa_profondita-linea-70","11":"pa_tipo-acciaio-aisi-linea-hq-aisi-304","12":"pa_versione-a-giorno","14":"first","15":"instock","16":"taxable","17":"shipping-taxable","18":"purchasable","19":"product-type-variable"},"_links":{"self":[{"href":"https:\/\/www.creaearredanegozi.it\/de\/wp-json\/wp\/v2\/product\/24007","targetHints":{"allow":["GET"]}}],"collection":[{"href":"https:\/\/www.creaearredanegozi.it\/de\/wp-json\/wp\/v2\/product"}],"about":[{"href":"https:\/\/www.creaearredanegozi.it\/de\/wp-json\/wp\/v2\/types\/product"}],"replies":[{"embeddable":true,"href":"https:\/\/www.creaearredanegozi.it\/de\/wp-json\/wp\/v2\/comments?post=24007"}],"wp:featuredmedia":[{"embeddable":true,"href":"https:\/\/www.creaearredanegozi.it\/de\/wp-json\/wp\/v2\/media\/23921"}],"wp:attachment":[{"href":"https:\/\/www.creaearredanegozi.it\/de\/wp-json\/wp\/v2\/media?parent=24007"}],"wp:term":[{"taxonomy":"product_brand","embeddable":true,"href":"https:\/\/www.creaearredanegozi.it\/de\/wp-json\/wp\/v2\/product_brand?post=24007"},{"taxonomy":"product_cat","embeddable":true,"href":"https:\/\/www.creaearredanegozi.it\/de\/wp-json\/wp\/v2\/product_cat?post=24007"},{"taxonomy":"product_tag","embeddable":true,"href":"https:\/\/www.creaearredanegozi.it\/de\/wp-json\/wp\/v2\/product_tag?post=24007"}],"curies":[{"name":"wp","href":"https:\/\/api.w.org\/{rel}","templated":true}]}}