{"id":24495,"date":"2019-05-15T21:54:45","date_gmt":"2019-05-15T19:54:45","guid":{"rendered":"https:\/\/www.creaearredanegozi.it\/?post_type=product&#038;p=24495"},"modified":"2023-07-21T19:53:48","modified_gmt":"2023-07-21T17:53:48","slug":"tavolo-a-giorno-acciaio-alzatina-aisi-304-2-ripiani-profondita-70-cm","status":"publish","type":"product","link":"https:\/\/www.creaearredanegozi.it\/de\/tavolo-a-giorno-acciaio-alzatina-aisi-304-2-ripiani-profondita-70-cm\/","title":{"rendered":"Offener Tisch Stahl Aisi 304 2 Ablagen Tiefe 70 cm"},"content":{"rendered":"<p><strong>Aisi 304 Stahl Schranktisch 2 Regale Tiefe 70 cm<\/strong><\/p>\n<ul>\n<li>Stahlschranktisch<\/li>\n<li>Material: Stahl Aisi 304<\/li>\n<li>offen, klappenlos<\/li>\n<li>mit 1 verschiebbarem Zwischenboden und 1 Bodenplatte<\/li>\n<li>ohne Tragegurt.<\/li>\n<li>Tiefe 70 cm<\/li>\n<li>H\u00f6he 85 cm<\/li>\n<\/ul>\n<p><img decoding=\"async\" class=\"size-medium wp-image-23020 aligncenter\" src=\"https:\/\/www.creaearredanegozi.it\/wp-content\/uploads\/2019\/05\/8-1-500x250.png\" alt=\"\" width=\"500\" height=\"250\" title=\"\" srcset=\"https:\/\/www.creaearredanegozi.it\/wp-content\/uploads\/2019\/05\/8-1.png 500w, https:\/\/www.creaearredanegozi.it\/wp-content\/uploads\/2019\/05\/8-1-64x32.png 64w, https:\/\/www.creaearredanegozi.it\/wp-content\/uploads\/2019\/05\/8-1-200x100.png 200w, https:\/\/www.creaearredanegozi.it\/wp-content\/uploads\/2019\/05\/8-1-400x200.png 400w\" sizes=\"(max-width: 500px) 100vw, 500px\" \/><\/p>\n<p><strong>Verf\u00fcgbare Gr\u00f6\u00dfen<\/strong><\/p>\n<table style=\"table table-striped; width: 100%;\">\n<tbody>\n<tr>\n<td style=\"text-align: center;\"><strong>L\u00e4nge (cm)<\/strong><\/td>\n<td style=\"text-align: center;\"><strong>Gewicht (kg)<\/strong><\/td>\n<td style=\"text-align: center;\"><strong>Tiefe (cm)<\/strong><\/td>\n<td style=\"text-align: center;\"><strong>H\u00f6he (cm)<\/strong><\/td>\n<\/tr>\n<tr>\n<td style=\"text-align: center;\">100<\/td>\n<td style=\"text-align: center;\">66<\/td>\n<td style=\"text-align: center;\" rowspan=\"11\">70<\/td>\n<td style=\"text-align: center;\" rowspan=\"11\">85<\/td>\n<\/tr>\n<tr>\n<td style=\"text-align: center;\">110<\/td>\n<td style=\"text-align: center;\">69<\/td>\n<\/tr>\n<tr>\n<td style=\"text-align: center;\">120<\/td>\n<td style=\"text-align: center;\">73<\/td>\n<\/tr>\n<tr>\n<td style=\"text-align: center;\">130<\/td>\n<td style=\"text-align: center;\">77<\/td>\n<\/tr>\n<tr>\n<td style=\"text-align: center;\">140<\/td>\n<td style=\"text-align: center;\">80<\/td>\n<\/tr>\n<tr>\n<td style=\"text-align: center;\">150<\/td>\n<td style=\"text-align: center;\">84<\/td>\n<\/tr>\n<tr>\n<td style=\"text-align: center;\">160<\/td>\n<td style=\"text-align: center;\">88<\/td>\n<\/tr>\n<tr>\n<td style=\"text-align: center;\">170<\/td>\n<td style=\"text-align: center;\">92<\/td>\n<\/tr>\n<tr>\n<td style=\"text-align: center;\">180<\/td>\n<td style=\"text-align: center;\">96<\/td>\n<\/tr>\n<tr>\n<td style=\"text-align: center;\">190<\/td>\n<td style=\"text-align: center;\">100<\/td>\n<\/tr>\n<tr>\n<td style=\"text-align: center;\">200<\/td>\n<td style=\"text-align: center;\">105<\/td>\n<\/tr>\n<\/tbody>\n<\/table>","protected":false},"excerpt":{"rendered":"<p>Tavolo armadiato acciaio Aisi 304 2 ripiani profondit\u00e0 70 cm Tavolo armadiato in acciaio Materiale: Acciaio Aisi 304 a giorno, senza sportelli con 1 ripiano intermedio riposizionabile ed 1 ripiano di fondo senza alzatina. Profondit\u00e0 70 cm Altezza 85 cm Dimensioni disponibili Lunghezza (cm) Peso (kg) Profondit\u00e0 (cm) Altezza (cm) 100 66 70 85 110 [&#8230;]","protected":false},"featured_media":125181,"comment_status":"closed","ping_status":"closed","template":"","meta":{"_monsterinsights_skip_tracking":false,"_monsterinsights_sitenote_active":false,"_monsterinsights_sitenote_note":"","_monsterinsights_sitenote_category":0},"product_brand":[],"product_cat":[121,18],"product_tag":[],"class_list":{"0":"post-24495","1":"product","2":"type-product","3":"status-publish","4":"has-post-thumbnail","6":"product_cat-tavoli-refrigerati-lavorazione-inox","7":"product_cat-arredo-acciaio-inox","8":"pa_dotazione-con-ripiano-inferiore","9":"pa_dotazione-senza-alzatina","10":"pa_profondita-linea-70","11":"pa_tipo-acciaio-aisi-linea-hq-aisi-304","12":"pa_versione-a-giorno","14":"first","15":"instock","16":"taxable","17":"shipping-taxable","18":"purchasable","19":"product-type-variable"},"_links":{"self":[{"href":"https:\/\/www.creaearredanegozi.it\/de\/wp-json\/wp\/v2\/product\/24495","targetHints":{"allow":["GET"]}}],"collection":[{"href":"https:\/\/www.creaearredanegozi.it\/de\/wp-json\/wp\/v2\/product"}],"about":[{"href":"https:\/\/www.creaearredanegozi.it\/de\/wp-json\/wp\/v2\/types\/product"}],"replies":[{"embeddable":true,"href":"https:\/\/www.creaearredanegozi.it\/de\/wp-json\/wp\/v2\/comments?post=24495"}],"wp:featuredmedia":[{"embeddable":true,"href":"https:\/\/www.creaearredanegozi.it\/de\/wp-json\/wp\/v2\/media\/125181"}],"wp:attachment":[{"href":"https:\/\/www.creaearredanegozi.it\/de\/wp-json\/wp\/v2\/media?parent=24495"}],"wp:term":[{"taxonomy":"product_brand","embeddable":true,"href":"https:\/\/www.creaearredanegozi.it\/de\/wp-json\/wp\/v2\/product_brand?post=24495"},{"taxonomy":"product_cat","embeddable":true,"href":"https:\/\/www.creaearredanegozi.it\/de\/wp-json\/wp\/v2\/product_cat?post=24495"},{"taxonomy":"product_tag","embeddable":true,"href":"https:\/\/www.creaearredanegozi.it\/de\/wp-json\/wp\/v2\/product_tag?post=24495"}],"curies":[{"name":"wp","href":"https:\/\/api.w.org\/{rel}","templated":true}]}}