{"id":24550,"date":"2019-05-16T11:09:35","date_gmt":"2019-05-16T09:09:35","guid":{"rendered":"https:\/\/www.creaearredanegozi.it\/?post_type=product&#038;p=24550"},"modified":"2023-07-21T18:55:02","modified_gmt":"2023-07-21T16:55:02","slug":"offener-tisch-stahl-aisi-304-schubladen-tiefe-60-cm","status":"publish","type":"product","link":"https:\/\/www.creaearredanegozi.it\/de\/offener-tisch-stahl-aisi-304-schubladen-tiefe-60-cm\/","title":{"rendered":"Offener Tisch Stahl Aisi 304 Schubladen Tiefe 60 cm"},"content":{"rendered":"<p><strong>Offener Tisch Stahl Aisi 304 Schubladen Tiefe 60 cm<\/strong><\/p>\n<ul>\n<li>Arbeitstisch aus Stahl<\/li>\n<li>Material: Stahl Aisi 304<\/li>\n<li>offen, klappenlos<\/li>\n<li>mit Schubladen und unterer Ablage, ohne Spritzschutz.<\/li>\n<li>Tiefe 60 cm<\/li>\n<li>H\u00f6he 85 cm<\/li>\n<\/ul>\n<p>Optional: Zwischenboden<\/p>\n<p><strong>Verf\u00fcgbare Gr\u00f6\u00dfen<\/strong><\/p>\n<table style=\"table table-striped; width: 100%;\">\n<tbody>\n<tr>\n<td style=\"width: 20%; text-align: center;\"><strong>L\u00e4nge (cm)<\/strong><\/td>\n<td style=\"width: 20%; text-align: center;\"><strong>Anzahl der Schubladen<\/strong><\/td>\n<td style=\"width: 20%; text-align: center;\"><strong>Gewicht (kg)<\/strong><\/td>\n<td style=\"width: 20%; text-align: center;\"><strong>Tiefe (cm)<\/strong><\/td>\n<td style=\"width: 20%; text-align: center;\"><strong>H\u00f6he (cm)<\/strong><\/td>\n<\/tr>\n<tr>\n<td style=\"width: 20%; text-align: center;\">100<\/td>\n<td style=\"width: 20%; text-align: center;\">2<\/td>\n<td style=\"width: 20%; text-align: center;\">68<\/td>\n<td style=\"width: 20%; text-align: center;\" rowspan=\"6\">60<\/td>\n<td style=\"width: 20%; text-align: center;\" rowspan=\"6\">85<\/td>\n<\/tr>\n<tr>\n<td style=\"width: 20%; text-align: center;\">120<\/td>\n<td style=\"width: 20%; text-align: center;\">2<\/td>\n<td style=\"width: 20%; text-align: center;\">75<\/td>\n<\/tr>\n<tr>\n<td style=\"width: 20%; text-align: center;\">140<\/td>\n<td style=\"width: 20%; text-align: center;\">3<\/td>\n<td style=\"width: 20%; text-align: center;\">84<\/td>\n<\/tr>\n<tr>\n<td style=\"width: 20%; text-align: center;\">160<\/td>\n<td style=\"width: 20%; text-align: center;\">3<\/td>\n<td style=\"width: 20%; text-align: center;\">93<\/td>\n<\/tr>\n<tr>\n<td style=\"width: 20%; text-align: center;\">180<\/td>\n<td style=\"width: 20%; text-align: center;\">4<\/td>\n<td style=\"width: 20%; text-align: center;\">104<\/td>\n<\/tr>\n<tr>\n<td style=\"width: 20%; text-align: center;\">200<\/td>\n<td style=\"width: 20%; text-align: center;\">4<\/td>\n<td style=\"width: 20%; text-align: center;\">113<\/td>\n<\/tr>\n<\/tbody>\n<\/table>","protected":false},"excerpt":{"rendered":"<p>Tavolo a giorno acciaio Aisi 304 cassetti profondit\u00e0 60 cm Tavolo da lavoro in acciaio Materiale: acciaio Aisi 304 a giorno, senza sportelli con cassetti e piano di fondo, senza alzatina. Profondit\u00e0 60 cm Altezza 85 cm Optional: ripiano intermedio Dimensioni disponibili Lunghezza (cm) Numero cassetti Peso (kg) Profondit\u00e0 (cm) Altezza (cm) 100 2 68 [&#8230;]","protected":false},"featured_media":125223,"comment_status":"closed","ping_status":"closed","template":"","meta":{"_monsterinsights_skip_tracking":false,"_monsterinsights_sitenote_active":false,"_monsterinsights_sitenote_note":"","_monsterinsights_sitenote_category":0},"product_brand":[],"product_cat":[18,121],"product_tag":[],"class_list":{"0":"post-24550","1":"product","2":"type-product","3":"status-publish","4":"has-post-thumbnail","6":"product_cat-arredo-acciaio-inox","7":"product_cat-tavoli-refrigerati-lavorazione-inox","8":"pa_dotazione-con-cassetti","9":"pa_dotazione-con-ripiano-inferiore","10":"pa_dotazione-senza-alzatina","11":"pa_profondita-linea-60","12":"pa_tipo-acciaio-aisi-linea-hq-aisi-304","13":"pa_versione-a-giorno","15":"first","16":"instock","17":"taxable","18":"shipping-taxable","19":"purchasable","20":"product-type-variable"},"_links":{"self":[{"href":"https:\/\/www.creaearredanegozi.it\/de\/wp-json\/wp\/v2\/product\/24550","targetHints":{"allow":["GET"]}}],"collection":[{"href":"https:\/\/www.creaearredanegozi.it\/de\/wp-json\/wp\/v2\/product"}],"about":[{"href":"https:\/\/www.creaearredanegozi.it\/de\/wp-json\/wp\/v2\/types\/product"}],"replies":[{"embeddable":true,"href":"https:\/\/www.creaearredanegozi.it\/de\/wp-json\/wp\/v2\/comments?post=24550"}],"wp:featuredmedia":[{"embeddable":true,"href":"https:\/\/www.creaearredanegozi.it\/de\/wp-json\/wp\/v2\/media\/125223"}],"wp:attachment":[{"href":"https:\/\/www.creaearredanegozi.it\/de\/wp-json\/wp\/v2\/media?parent=24550"}],"wp:term":[{"taxonomy":"product_brand","embeddable":true,"href":"https:\/\/www.creaearredanegozi.it\/de\/wp-json\/wp\/v2\/product_brand?post=24550"},{"taxonomy":"product_cat","embeddable":true,"href":"https:\/\/www.creaearredanegozi.it\/de\/wp-json\/wp\/v2\/product_cat?post=24550"},{"taxonomy":"product_tag","embeddable":true,"href":"https:\/\/www.creaearredanegozi.it\/de\/wp-json\/wp\/v2\/product_tag?post=24550"}],"curies":[{"name":"wp","href":"https:\/\/api.w.org\/{rel}","templated":true}]}}