{"id":24625,"date":"2019-05-16T13:08:45","date_gmt":"2019-05-16T11:08:45","guid":{"rendered":"https:\/\/www.creaearredanegozi.it\/?post_type=product&#038;p=24625"},"modified":"2023-07-03T20:12:24","modified_gmt":"2023-07-03T18:12:24","slug":"tavolo-a-giorno-alzatina-acciaio-aisi-304-cassetti-profondita-70-cm","status":"publish","type":"product","link":"https:\/\/www.creaearredanegozi.it\/de\/tavolo-a-giorno-alzatina-acciaio-aisi-304-cassetti-profondita-70-cm\/","title":{"rendered":"Offener Tisch mit Spritzschutz Aisi 304 Stahl Schubladen Tiefe 70 cm"},"content":{"rendered":"<p><strong>Offener Tisch mit Spritzschutz Aisi 304 Stahl Schubladen Tiefe 70 cm<\/strong><\/p>\n<p>Tavolo da lavoro in acciaio Aisi 304 a giorno con cassetti e piano di fondo, con alzatina.<\/p>\n<p>Tiefe 70 cm<\/p>\n<p><strong>H\u00f6he 85 cm<\/strong><\/p>\n<p><img decoding=\"async\" class=\"alignnone size-medium wp-image-23082\" src=\"https:\/\/www.creaearredanegozi.it\/wp-content\/uploads\/2019\/05\/8-2-500x275.png\" alt=\"\" width=\"500\" height=\"275\" title=\"\" srcset=\"https:\/\/www.creaearredanegozi.it\/wp-content\/uploads\/2019\/05\/8-2.png 500w, https:\/\/www.creaearredanegozi.it\/wp-content\/uploads\/2019\/05\/8-2-64x35.png 64w, https:\/\/www.creaearredanegozi.it\/wp-content\/uploads\/2019\/05\/8-2-200x110.png 200w, https:\/\/www.creaearredanegozi.it\/wp-content\/uploads\/2019\/05\/8-2-400x220.png 400w\" sizes=\"(max-width: 500px) 100vw, 500px\" \/><\/p>\n<p><strong>Verf\u00fcgbare Gr\u00f6\u00dfen:<\/strong><\/p>\n<ul>\n<li>100x70x85 cm con <strong>Nr. 2 Schubladen<\/strong><\/li>\n<li>120x70x85 cm con <strong>Nr. 2 Schubladen<\/strong><\/li>\n<li>140x70x85 cm con <strong>Nr. 3 Schubladen<\/strong><\/li>\n<li>160x70x85 cm con <strong>Nr. 3 Schubladen<\/strong><\/li>\n<li>180x70x85 cm con<strong> Nr. 4 Schubladen<\/strong><\/li>\n<li>200x70x85 cm con <strong>Nr. 4 Schubladen<\/strong><\/li>\n<\/ul>","protected":false},"excerpt":{"rendered":"<p>Tavolo a giorno alzatina acciaio Aisi 304 cassetti profondit\u00e0 70 cm Tavolo da lavoro in acciaio Aisi 304 a giorno con cassetti e piano di fondo, con alzatina. Profondit\u00e0 70 cm Altezza 85 cm Dimensioni disponibili: 100x70x85 cm con N. 2 Cassetti 120x70x85 cm con N. 2 Cassetti 140x70x85 cm con N.3 Cassetti 160x70x85 cm [&#8230;]","protected":false},"featured_media":24570,"comment_status":"closed","ping_status":"closed","template":"","meta":{"_monsterinsights_skip_tracking":false,"_monsterinsights_sitenote_active":false,"_monsterinsights_sitenote_note":"","_monsterinsights_sitenote_category":0},"product_brand":[],"product_cat":[18,121],"product_tag":[],"class_list":{"0":"post-24625","1":"product","2":"type-product","3":"status-publish","4":"has-post-thumbnail","6":"product_cat-arredo-acciaio-inox","7":"product_cat-tavoli-refrigerati-lavorazione-inox","8":"pa_dotazione-con-alzatina","9":"pa_dotazione-con-cassetti","10":"pa_dotazione-con-ripiano-inferiore","11":"pa_profondita-linea-70","12":"pa_tipo-acciaio-aisi-linea-hq-aisi-304","13":"pa_versione-a-giorno","15":"first","16":"instock","17":"taxable","18":"shipping-taxable","19":"purchasable","20":"product-type-variable"},"_links":{"self":[{"href":"https:\/\/www.creaearredanegozi.it\/de\/wp-json\/wp\/v2\/product\/24625","targetHints":{"allow":["GET"]}}],"collection":[{"href":"https:\/\/www.creaearredanegozi.it\/de\/wp-json\/wp\/v2\/product"}],"about":[{"href":"https:\/\/www.creaearredanegozi.it\/de\/wp-json\/wp\/v2\/types\/product"}],"replies":[{"embeddable":true,"href":"https:\/\/www.creaearredanegozi.it\/de\/wp-json\/wp\/v2\/comments?post=24625"}],"wp:featuredmedia":[{"embeddable":true,"href":"https:\/\/www.creaearredanegozi.it\/de\/wp-json\/wp\/v2\/media\/24570"}],"wp:attachment":[{"href":"https:\/\/www.creaearredanegozi.it\/de\/wp-json\/wp\/v2\/media?parent=24625"}],"wp:term":[{"taxonomy":"product_brand","embeddable":true,"href":"https:\/\/www.creaearredanegozi.it\/de\/wp-json\/wp\/v2\/product_brand?post=24625"},{"taxonomy":"product_cat","embeddable":true,"href":"https:\/\/www.creaearredanegozi.it\/de\/wp-json\/wp\/v2\/product_cat?post=24625"},{"taxonomy":"product_tag","embeddable":true,"href":"https:\/\/www.creaearredanegozi.it\/de\/wp-json\/wp\/v2\/product_tag?post=24625"}],"curies":[{"name":"wp","href":"https:\/\/api.w.org\/{rel}","templated":true}]}}