{"id":25003,"date":"2019-05-23T00:57:24","date_gmt":"2019-05-22T22:57:24","guid":{"rendered":"https:\/\/www.creaearredanegozi.it\/?post_type=product&#038;p=25003"},"modified":"2024-03-14T13:05:00","modified_gmt":"2024-03-14T12:05:00","slug":"schranktisch-mit-schiebeturen-aisi-304-stahl-tiefe-70-cm","status":"publish","type":"product","link":"https:\/\/www.creaearredanegozi.it\/de\/schranktisch-mit-schiebeturen-aisi-304-stahl-tiefe-70-cm\/","title":{"rendered":"Schranktisch mit Schiebet\u00fcren Stahl Aisi 304 Tiefe 70 cm"},"content":{"rendered":"<p style=\"text-align: center;\"><strong>Schranktisch mit Schiebet\u00fcren Stahl Aisi 304 Tiefe 70 cm<\/strong><\/p>\n<p>Arbeitstisch aus Stahl Aisi 304 mit Schiebet\u00fcren, ohne Spritzschutz.<\/p>\n<ul>\n<li><em>(die 60 cm und 80 cm langen Tische haben 1 Fl\u00fcgelt\u00fcr)<\/em><\/li>\n<li>Tiefe 70 cm<\/li>\n<li>H\u00f6he 85 cm<\/li>\n<\/ul>\n<p><img decoding=\"async\" class=\"alignnone size-medium wp-image-23020 aligncenter\" src=\"https:\/\/www.creaearredanegozi.it\/wp-content\/uploads\/2019\/05\/8-1-500x250.png\" alt=\"\" width=\"500\" height=\"250\" title=\"\" srcset=\"https:\/\/www.creaearredanegozi.it\/wp-content\/uploads\/2019\/05\/8-1.png 500w, https:\/\/www.creaearredanegozi.it\/wp-content\/uploads\/2019\/05\/8-1-64x32.png 64w, https:\/\/www.creaearredanegozi.it\/wp-content\/uploads\/2019\/05\/8-1-200x100.png 200w, https:\/\/www.creaearredanegozi.it\/wp-content\/uploads\/2019\/05\/8-1-400x200.png 400w\" sizes=\"(max-width: 500px) 100vw, 500px\" \/><\/p>\n<p><strong>Verf\u00fcgbare Gr\u00f6\u00dfen:<\/strong><\/p>\n<ul>\n<li>60x70x85 cm (1 <strong>SASHING DOOR<\/strong>)<\/li>\n<li>80x70x85 cm (1 <strong>SASHING DOOR<\/strong>)<\/li>\n<li>100x70x85 cm<\/li>\n<li>110x70x85 cm<\/li>\n<li>120x70x85 cm<\/li>\n<li>130x70x85 cm<\/li>\n<li>140x70x85 cm<\/li>\n<li>150x70x85 cm<\/li>\n<li>160x70x85 cm<\/li>\n<li>170x70x85 cm<\/li>\n<li>180x70x85 cm<\/li>\n<li>190x70x85 cm<\/li>\n<li>200x70x85 cm<\/li>\n<\/ul>","protected":false},"excerpt":{"rendered":"<p>Tavolo armadiato con porte scorrevoli acciaio Aisi 304 profondit\u00e0 70 cm Tavolo da lavoro in acciaio Aisi 304 armadiato con porte scorrevoli, senza alzatina. (i tavoli di lunghezza 60 cm e 80 cm hanno 1 porta battente) Profondit\u00e0 70 cm Altezza 85 cm Dimensioni disponibili: 60x70x85 cm (1 PORTA BATTENTE) 80x70x85 cm (1 PORTA BATTENTE) [&#8230;]","protected":false},"featured_media":127293,"comment_status":"closed","ping_status":"closed","template":"","meta":{"_monsterinsights_skip_tracking":false,"_monsterinsights_sitenote_active":false,"_monsterinsights_sitenote_note":"","_monsterinsights_sitenote_category":0},"product_brand":[772],"product_cat":[18,121],"product_tag":[],"class_list":{"0":"post-25003","1":"product","2":"type-product","3":"status-publish","4":"has-post-thumbnail","6":"product_brand-crea-e-arreda-negozi","7":"product_cat-arredo-acciaio-inox","8":"product_cat-tavoli-refrigerati-lavorazione-inox","9":"pa_dotazione-con-ripiano-inferiore","10":"pa_dotazione-senza-alzatina","11":"pa_profondita-linea-70","12":"pa_tipo-acciaio-aisi-linea-hq-aisi-304","13":"pa_versione-armadiato-con-porte","15":"first","16":"instock","17":"taxable","18":"shipping-taxable","19":"purchasable","20":"product-type-variable"},"_links":{"self":[{"href":"https:\/\/www.creaearredanegozi.it\/de\/wp-json\/wp\/v2\/product\/25003","targetHints":{"allow":["GET"]}}],"collection":[{"href":"https:\/\/www.creaearredanegozi.it\/de\/wp-json\/wp\/v2\/product"}],"about":[{"href":"https:\/\/www.creaearredanegozi.it\/de\/wp-json\/wp\/v2\/types\/product"}],"replies":[{"embeddable":true,"href":"https:\/\/www.creaearredanegozi.it\/de\/wp-json\/wp\/v2\/comments?post=25003"}],"wp:featuredmedia":[{"embeddable":true,"href":"https:\/\/www.creaearredanegozi.it\/de\/wp-json\/wp\/v2\/media\/127293"}],"wp:attachment":[{"href":"https:\/\/www.creaearredanegozi.it\/de\/wp-json\/wp\/v2\/media?parent=25003"}],"wp:term":[{"taxonomy":"product_brand","embeddable":true,"href":"https:\/\/www.creaearredanegozi.it\/de\/wp-json\/wp\/v2\/product_brand?post=25003"},{"taxonomy":"product_cat","embeddable":true,"href":"https:\/\/www.creaearredanegozi.it\/de\/wp-json\/wp\/v2\/product_cat?post=25003"},{"taxonomy":"product_tag","embeddable":true,"href":"https:\/\/www.creaearredanegozi.it\/de\/wp-json\/wp\/v2\/product_tag?post=25003"}],"curies":[{"name":"wp","href":"https:\/\/api.w.org\/{rel}","templated":true}]}}