{"id":25033,"date":"2019-05-23T01:29:36","date_gmt":"2019-05-22T23:29:36","guid":{"rendered":"https:\/\/www.creaearredanegozi.it\/?post_type=product&#038;p=25033"},"modified":"2024-03-14T13:15:26","modified_gmt":"2024-03-14T12:15:26","slug":"tavolo-armadiato-con-porte-scorrevoli-alzatina-acciaio-aisi-304-profondita-70-cm","status":"publish","type":"product","link":"https:\/\/www.creaearredanegozi.it\/de\/tavolo-armadiato-con-porte-scorrevoli-alzatina-acciaio-aisi-304-profondita-70-cm\/","title":{"rendered":"Schranktisch mit Schiebet\u00fcren Stahl Aisi 304 R\u00fcckwandtiefe 70 cm"},"content":{"rendered":"<p style=\"text-align: center;\"><strong>Schranktisch mit Schiebet\u00fcren Stahl Aisi 304 R\u00fcckwandtiefe 70 cm<\/strong><\/p>\n<p>Arbeitstisch aus Stahl Aisi 304 mit Schiebet\u00fcren (60 cm und 80 cm lange Tische haben 1 Fl\u00fcgelt\u00fcr), mit Spritzschutz.<\/p>\n<ul>\n<li>Tiefe 70 cm<\/li>\n<li>H\u00f6he 85 cm<\/li>\n<\/ul>\n<p><img decoding=\"async\" class=\"alignnone size-medium wp-image-23082 aligncenter\" src=\"https:\/\/www.creaearredanegozi.it\/wp-content\/uploads\/2019\/05\/8-2-500x275.png\" alt=\"\" width=\"500\" height=\"275\" title=\"\" srcset=\"https:\/\/www.creaearredanegozi.it\/wp-content\/uploads\/2019\/05\/8-2.png 500w, https:\/\/www.creaearredanegozi.it\/wp-content\/uploads\/2019\/05\/8-2-64x35.png 64w, https:\/\/www.creaearredanegozi.it\/wp-content\/uploads\/2019\/05\/8-2-200x110.png 200w, https:\/\/www.creaearredanegozi.it\/wp-content\/uploads\/2019\/05\/8-2-400x220.png 400w\" sizes=\"(max-width: 500px) 100vw, 500px\" \/><\/p>\n<p><strong>Verf\u00fcgbare Gr\u00f6\u00dfen:<\/strong><\/p>\n<ul>\n<li>60x70x85 cm (1 <strong>SASHING DOOR<\/strong>)<\/li>\n<li>80x70x85 cm (1 <strong>SASHING DOOR<\/strong>)<\/li>\n<li>100x70x85 cm<\/li>\n<li>110x70x85 cm<\/li>\n<li>120x70x85 cm<\/li>\n<li>130x70x85 cm<\/li>\n<li>140x70x85 cm<\/li>\n<li>150x70x85 cm<\/li>\n<li>160x70x85 cm<\/li>\n<li>170x70x85 cm<\/li>\n<li>180x70x85 cm<\/li>\n<li>190x70x85 cm<\/li>\n<li>200x70x85 cm<\/li>\n<\/ul>","protected":false},"excerpt":{"rendered":"<p>Tavolo armadiato con porte scorrevoli alzatina acciaio Aisi 304 profondit\u00e0 70 cm Tavolo da lavoro in acciaio Aisi 304 armadiato con porte scorrevoli (i tavoli di lunghezza 60 cm e 80 cm hanno 1 porta battente), con alzatina. Profondit\u00e0 70 cm Altezza 85 cm Dimensioni disponibili: 60x70x85 cm (1 PORTA BATTENTE) 80x70x85 cm (1 PORTA [&#8230;]","protected":false},"featured_media":127266,"comment_status":"closed","ping_status":"closed","template":"","meta":{"_monsterinsights_skip_tracking":false,"_monsterinsights_sitenote_active":false,"_monsterinsights_sitenote_note":"","_monsterinsights_sitenote_category":0},"product_brand":[772],"product_cat":[121,18],"product_tag":[],"class_list":{"0":"post-25033","1":"product","2":"type-product","3":"status-publish","4":"has-post-thumbnail","6":"product_brand-crea-e-arreda-negozi","7":"product_cat-tavoli-refrigerati-lavorazione-inox","8":"product_cat-arredo-acciaio-inox","9":"pa_dotazione-con-alzatina","10":"pa_dotazione-con-ripiano-inferiore","11":"pa_profondita-linea-70","12":"pa_tipo-acciaio-aisi-linea-hq-aisi-304","13":"pa_versione-armadiato-con-porte","15":"first","16":"instock","17":"taxable","18":"shipping-taxable","19":"purchasable","20":"product-type-variable"},"_links":{"self":[{"href":"https:\/\/www.creaearredanegozi.it\/de\/wp-json\/wp\/v2\/product\/25033","targetHints":{"allow":["GET"]}}],"collection":[{"href":"https:\/\/www.creaearredanegozi.it\/de\/wp-json\/wp\/v2\/product"}],"about":[{"href":"https:\/\/www.creaearredanegozi.it\/de\/wp-json\/wp\/v2\/types\/product"}],"replies":[{"embeddable":true,"href":"https:\/\/www.creaearredanegozi.it\/de\/wp-json\/wp\/v2\/comments?post=25033"}],"wp:featuredmedia":[{"embeddable":true,"href":"https:\/\/www.creaearredanegozi.it\/de\/wp-json\/wp\/v2\/media\/127266"}],"wp:attachment":[{"href":"https:\/\/www.creaearredanegozi.it\/de\/wp-json\/wp\/v2\/media?parent=25033"}],"wp:term":[{"taxonomy":"product_brand","embeddable":true,"href":"https:\/\/www.creaearredanegozi.it\/de\/wp-json\/wp\/v2\/product_brand?post=25033"},{"taxonomy":"product_cat","embeddable":true,"href":"https:\/\/www.creaearredanegozi.it\/de\/wp-json\/wp\/v2\/product_cat?post=25033"},{"taxonomy":"product_tag","embeddable":true,"href":"https:\/\/www.creaearredanegozi.it\/de\/wp-json\/wp\/v2\/product_tag?post=25033"}],"curies":[{"name":"wp","href":"https:\/\/api.w.org\/{rel}","templated":true}]}}