{"id":25080,"date":"2019-05-23T11:15:44","date_gmt":"2019-05-23T09:15:44","guid":{"rendered":"https:\/\/www.creaearredanegozi.it\/?post_type=product&#038;p=25080"},"modified":"2024-04-10T20:59:06","modified_gmt":"2024-04-10T18:59:06","slug":"durchgehender-schranktisch-mit-schiebeturen-auf-zwei-seiten-stahl-aisi-430-tiefe-60-cm","status":"publish","type":"product","link":"https:\/\/www.creaearredanegozi.it\/de\/durchgehender-schranktisch-mit-schiebeturen-auf-zwei-seiten-stahl-aisi-430-tiefe-60-cm\/","title":{"rendered":"Durchreiche-Schranktisch mit Schiebet\u00fcren auf zwei Seiten Stahl Aisi 430 Tiefe 60 cm"},"content":{"rendered":"<p><strong>Durchreiche-Schranktisch mit Schiebet\u00fcren auf zwei Seiten Stahl Aisi 430 Tiefe 60 cm<\/strong><\/p>\n<p>Arbeitstisch aus Aisi 430-Stahl mit Durchreicheschrank und Schiebet\u00fcren an zwei Seiten.<\/p>\n<p>Tiefe 60 cm<\/p>\n<p><strong>H\u00f6he 85 cm<\/strong><\/p>\n<p><img decoding=\"async\" class=\"alignnone size-medium wp-image-23020\" src=\"https:\/\/www.creaearredanegozi.it\/wp-content\/uploads\/2019\/05\/8-1-500x250.png\" alt=\"\" width=\"500\" height=\"250\" title=\"\" srcset=\"https:\/\/www.creaearredanegozi.it\/wp-content\/uploads\/2019\/05\/8-1.png 500w, https:\/\/www.creaearredanegozi.it\/wp-content\/uploads\/2019\/05\/8-1-64x32.png 64w, https:\/\/www.creaearredanegozi.it\/wp-content\/uploads\/2019\/05\/8-1-200x100.png 200w, https:\/\/www.creaearredanegozi.it\/wp-content\/uploads\/2019\/05\/8-1-400x200.png 400w\" sizes=\"(max-width: 500px) 100vw, 500px\" \/><\/p>\n<p><strong>Verf\u00fcgbare Gr\u00f6\u00dfen:<\/strong><\/p>\n<ul>\n<li>100x60x85 cm<\/li>\n<li>110x60x85 cm<\/li>\n<li>120x60x85 cm<\/li>\n<li>130x60x85 cm<\/li>\n<li>140x60x85 cm<\/li>\n<li>150x60x85 cm<\/li>\n<li>160x60x85 cm<\/li>\n<li>170x60x85 cm<\/li>\n<li>180x60x85 cm<\/li>\n<li>190x60x85 cm<\/li>\n<li>200x60x85 cm<\/li>\n<\/ul>","protected":false},"excerpt":{"rendered":"<p>Tavolo armadiato passante con porte scorrevoli due lati acciaio Aisi 430 profondit\u00e0 60 cm Tavolo da lavoro in acciaio Aisi 430 armadiato passante con porte scorrevoli su due lati. Profondit\u00e0 60 cm Altezza 85 cm Dimensioni disponibili: 100x60x85 cm 110x60x85 cm 120x60x85 cm 130x60x85 cm 140x60x85 cm 150x60x85 cm 160x60x85 cm 170x60x85 cm 180x60x85 cm [&#8230;]","protected":false},"featured_media":25078,"comment_status":"closed","ping_status":"closed","template":"","meta":{"_monsterinsights_skip_tracking":false,"_monsterinsights_sitenote_active":false,"_monsterinsights_sitenote_note":"","_monsterinsights_sitenote_category":0},"product_brand":[],"product_cat":[18,121],"product_tag":[],"class_list":{"0":"post-25080","1":"product","2":"type-product","3":"status-publish","4":"has-post-thumbnail","6":"product_cat-arredo-acciaio-inox","7":"product_cat-tavoli-refrigerati-lavorazione-inox","8":"pa_dotazione-con-ripiano-inferiore","9":"pa_dotazione-senza-alzatina","10":"pa_profondita-linea-60","11":"pa_tipo-acciaio-aisi-linea-eco-aisi-430","12":"pa_versione-doppia-apertura-passante","14":"first","15":"instock","16":"taxable","17":"shipping-taxable","18":"purchasable","19":"product-type-variable"},"_links":{"self":[{"href":"https:\/\/www.creaearredanegozi.it\/de\/wp-json\/wp\/v2\/product\/25080","targetHints":{"allow":["GET"]}}],"collection":[{"href":"https:\/\/www.creaearredanegozi.it\/de\/wp-json\/wp\/v2\/product"}],"about":[{"href":"https:\/\/www.creaearredanegozi.it\/de\/wp-json\/wp\/v2\/types\/product"}],"replies":[{"embeddable":true,"href":"https:\/\/www.creaearredanegozi.it\/de\/wp-json\/wp\/v2\/comments?post=25080"}],"wp:featuredmedia":[{"embeddable":true,"href":"https:\/\/www.creaearredanegozi.it\/de\/wp-json\/wp\/v2\/media\/25078"}],"wp:attachment":[{"href":"https:\/\/www.creaearredanegozi.it\/de\/wp-json\/wp\/v2\/media?parent=25080"}],"wp:term":[{"taxonomy":"product_brand","embeddable":true,"href":"https:\/\/www.creaearredanegozi.it\/de\/wp-json\/wp\/v2\/product_brand?post=25080"},{"taxonomy":"product_cat","embeddable":true,"href":"https:\/\/www.creaearredanegozi.it\/de\/wp-json\/wp\/v2\/product_cat?post=25080"},{"taxonomy":"product_tag","embeddable":true,"href":"https:\/\/www.creaearredanegozi.it\/de\/wp-json\/wp\/v2\/product_tag?post=25080"}],"curies":[{"name":"wp","href":"https:\/\/api.w.org\/{rel}","templated":true}]}}