{"id":25124,"date":"2019-05-23T12:08:02","date_gmt":"2019-05-23T10:08:02","guid":{"rendered":"https:\/\/www.creaearredanegozi.it\/?post_type=product&#038;p=25124"},"modified":"2024-10-15T11:23:44","modified_gmt":"2024-10-15T09:23:44","slug":"eckschrank-tisch-flugeltur-aisi-304-stahl-tiefe-60-cm","status":"publish","type":"product","link":"https:\/\/www.creaearredanegozi.it\/de\/eckschrank-tisch-flugeltur-aisi-304-stahl-tiefe-60-cm\/","title":{"rendered":"Eckschrank Tisch Fl\u00fcgelt\u00fcr Stahl Aisi 304 Tiefe 60 cm"},"content":{"rendered":"<p><strong>Eckschrank Tisch Fl\u00fcgelt\u00fcr Stahl Aisi 304 Tiefe 60 cm<\/strong><\/p>\n<p>Arbeitstisch aus Stahl Aisi 304 mit Eckschrank und Fl\u00fcgelt\u00fcr.<\/p>\n<p>Abmessungen 100\u00d7100 cm.<\/p>\n<p>Tiefe 60 cm.<\/p>\n<p><strong>H\u00f6he 85 cm<\/strong><\/p>","protected":false},"excerpt":{"rendered":"<p>Tavolo armadiato angolo porta a battente acciaio Aisi 304 profondit\u00e0 60 cm Tavolo da lavoro in acciaio Aisi 304 armadiato ad angolo con porta a battente. Dimensioni 100&#215;100 cm. Profondit\u00e0 60 cm. Altezza 85 cm<\/p>","protected":false},"featured_media":128473,"comment_status":"closed","ping_status":"closed","template":"","meta":{"_monsterinsights_skip_tracking":false,"_monsterinsights_sitenote_active":false,"_monsterinsights_sitenote_note":"","_monsterinsights_sitenote_category":0},"product_brand":[],"product_cat":[18,121],"product_tag":[],"class_list":{"0":"post-25124","1":"product","2":"type-product","3":"status-publish","4":"has-post-thumbnail","6":"product_cat-arredo-acciaio-inox","7":"product_cat-tavoli-refrigerati-lavorazione-inox","8":"product_shipping_class-33","9":"pa_dotazione-con-ripiano-inferiore","10":"pa_dotazione-senza-alzatina","11":"pa_profondita-linea-60","12":"pa_tipo-acciaio-aisi-linea-hq-aisi-304","13":"pa_versione-armadiato-con-porte","15":"first","16":"instock","17":"taxable","18":"shipping-taxable","19":"purchasable","20":"product-type-simple"},"_links":{"self":[{"href":"https:\/\/www.creaearredanegozi.it\/de\/wp-json\/wp\/v2\/product\/25124","targetHints":{"allow":["GET"]}}],"collection":[{"href":"https:\/\/www.creaearredanegozi.it\/de\/wp-json\/wp\/v2\/product"}],"about":[{"href":"https:\/\/www.creaearredanegozi.it\/de\/wp-json\/wp\/v2\/types\/product"}],"replies":[{"embeddable":true,"href":"https:\/\/www.creaearredanegozi.it\/de\/wp-json\/wp\/v2\/comments?post=25124"}],"wp:featuredmedia":[{"embeddable":true,"href":"https:\/\/www.creaearredanegozi.it\/de\/wp-json\/wp\/v2\/media\/128473"}],"wp:attachment":[{"href":"https:\/\/www.creaearredanegozi.it\/de\/wp-json\/wp\/v2\/media?parent=25124"}],"wp:term":[{"taxonomy":"product_brand","embeddable":true,"href":"https:\/\/www.creaearredanegozi.it\/de\/wp-json\/wp\/v2\/product_brand?post=25124"},{"taxonomy":"product_cat","embeddable":true,"href":"https:\/\/www.creaearredanegozi.it\/de\/wp-json\/wp\/v2\/product_cat?post=25124"},{"taxonomy":"product_tag","embeddable":true,"href":"https:\/\/www.creaearredanegozi.it\/de\/wp-json\/wp\/v2\/product_tag?post=25124"}],"curies":[{"name":"wp","href":"https:\/\/api.w.org\/{rel}","templated":true}]}}