{"id":25155,"date":"2019-05-23T12:45:15","date_gmt":"2019-05-23T10:45:15","guid":{"rendered":"https:\/\/www.creaearredanegozi.it\/?post_type=product&#038;p=25155"},"modified":"2024-10-15T11:37:19","modified_gmt":"2024-10-15T09:37:19","slug":"flugeltur-eckschrank-tisch-edelstahl-aisi-430-tiefe-70-cm","status":"publish","type":"product","link":"https:\/\/www.creaearredanegozi.it\/de\/flugeltur-eckschrank-tisch-edelstahl-aisi-430-tiefe-70-cm\/","title":{"rendered":"Fl\u00fcgelt\u00fcr-Eckschrank Tisch Stahl Aisi 430 Tiefe 70 cm"},"content":{"rendered":"<p><strong>Fl\u00fcgelt\u00fcr-Eckschrank Tisch Stahl Aisi 430 Tiefe 70 cm<\/strong><\/p>\n<p>Arbeitstisch aus Stahl Aisi 430, Eckschrank mit Fl\u00fcgelt\u00fcr, mit Spritzschutz.<\/p>\n<p>Abmessungen 100\u00d7100 cm.<\/p>\n<p>Tiefe 70 cm.<\/p>\n<p><strong>H\u00f6he 85 cm<\/strong><\/p>","protected":false},"excerpt":{"rendered":"<p>Tavolo armadiato angolo porta a battente alzatina acciaio Aisi 430 profondit\u00e0 70 cm Tavolo da lavoro in acciaio Aisi 430 armadiato ad angolo con porta a battente, con alzatina. Dimensioni 100&#215;100 cm. Profondit\u00e0 70 cm. Altezza 85 cm<\/p>","protected":false},"featured_media":125567,"comment_status":"closed","ping_status":"closed","template":"","meta":{"_monsterinsights_skip_tracking":false,"_monsterinsights_sitenote_active":false,"_monsterinsights_sitenote_note":"","_monsterinsights_sitenote_category":0},"product_brand":[],"product_cat":[18,121],"product_tag":[],"class_list":{"0":"post-25155","1":"product","2":"type-product","3":"status-publish","4":"has-post-thumbnail","6":"product_cat-arredo-acciaio-inox","7":"product_cat-tavoli-refrigerati-lavorazione-inox","8":"product_shipping_class-33","9":"pa_dotazione-con-alzatina","10":"pa_dotazione-con-ripiano-inferiore","11":"pa_profondita-linea-70","12":"pa_tipo-acciaio-aisi-linea-eco-aisi-430","13":"pa_versione-armadiato-con-porte","15":"first","16":"instock","17":"taxable","18":"shipping-taxable","19":"purchasable","20":"product-type-simple"},"_links":{"self":[{"href":"https:\/\/www.creaearredanegozi.it\/de\/wp-json\/wp\/v2\/product\/25155","targetHints":{"allow":["GET"]}}],"collection":[{"href":"https:\/\/www.creaearredanegozi.it\/de\/wp-json\/wp\/v2\/product"}],"about":[{"href":"https:\/\/www.creaearredanegozi.it\/de\/wp-json\/wp\/v2\/types\/product"}],"replies":[{"embeddable":true,"href":"https:\/\/www.creaearredanegozi.it\/de\/wp-json\/wp\/v2\/comments?post=25155"}],"wp:featuredmedia":[{"embeddable":true,"href":"https:\/\/www.creaearredanegozi.it\/de\/wp-json\/wp\/v2\/media\/125567"}],"wp:attachment":[{"href":"https:\/\/www.creaearredanegozi.it\/de\/wp-json\/wp\/v2\/media?parent=25155"}],"wp:term":[{"taxonomy":"product_brand","embeddable":true,"href":"https:\/\/www.creaearredanegozi.it\/de\/wp-json\/wp\/v2\/product_brand?post=25155"},{"taxonomy":"product_cat","embeddable":true,"href":"https:\/\/www.creaearredanegozi.it\/de\/wp-json\/wp\/v2\/product_cat?post=25155"},{"taxonomy":"product_tag","embeddable":true,"href":"https:\/\/www.creaearredanegozi.it\/de\/wp-json\/wp\/v2\/product_tag?post=25155"}],"curies":[{"name":"wp","href":"https:\/\/api.w.org\/{rel}","templated":true}]}}