{"id":25174,"date":"2019-05-24T08:57:18","date_gmt":"2019-05-24T06:57:18","guid":{"rendered":"https:\/\/www.creaearredanegozi.it\/?post_type=product&#038;p=25174"},"modified":"2024-04-10T20:59:04","modified_gmt":"2024-04-10T18:59:04","slug":"durchgehender-schranktisch-mit-schiebeturen-und-schubladen-aisi-430-stahl-tiefe-60-cm","status":"publish","type":"product","link":"https:\/\/www.creaearredanegozi.it\/de\/durchgehender-schranktisch-mit-schiebeturen-und-schubladen-aisi-430-stahl-tiefe-60-cm\/","title":{"rendered":"Schranktisch mit Schiebet\u00fcren und Schubladen Stahl Aisi 430 Tiefe 60 cm"},"content":{"rendered":"<p><strong>Schranktisch mit Schiebet\u00fcren und Schubladen Stahl Aisi 430 Tiefe 60 cm<\/strong><\/p>\n<p>Arbeitstisch aus Aisi 430 Stahl mit Schiebet\u00fcren und Schubladen.<\/p>\n<p>Tiefe 60 cm<\/p>\n<p><strong>H\u00f6he 85 cm<\/strong><\/p>\n<p><img decoding=\"async\" class=\"alignnone size-medium wp-image-23020\" src=\"https:\/\/www.creaearredanegozi.it\/wp-content\/uploads\/2019\/05\/8-1-500x250.png\" alt=\"\" width=\"500\" height=\"250\" title=\"\" srcset=\"https:\/\/www.creaearredanegozi.it\/wp-content\/uploads\/2019\/05\/8-1.png 500w, https:\/\/www.creaearredanegozi.it\/wp-content\/uploads\/2019\/05\/8-1-64x32.png 64w, https:\/\/www.creaearredanegozi.it\/wp-content\/uploads\/2019\/05\/8-1-200x100.png 200w, https:\/\/www.creaearredanegozi.it\/wp-content\/uploads\/2019\/05\/8-1-400x200.png 400w\" sizes=\"(max-width: 500px) 100vw, 500px\" \/><\/p>\n<p><strong>Verf\u00fcgbare Gr\u00f6\u00dfen:<\/strong><\/p>\n<ul>\n<li>100x60x85 cm N.2 SCHUBLADEN<\/li>\n<li>120x60x85 cm N.2 SCHUBLADEN<\/li>\n<li>140x60x85 cm N.3 SCHUBLADEN<\/li>\n<li>160x60x85 cm N.3 SCHUBLADEN<\/li>\n<li>180x60x85 cm N.4 SCHUBLADEN<\/li>\n<li>200x60x85 cm N.4 SCHUBLADEN<\/li>\n<\/ul>","protected":false},"excerpt":{"rendered":"<p>Tavolo armadiato con porte scorrevoli e cassetti acciaio Aisi 430 profondit\u00e0 60 cm Tavolo da lavoro in acciaio Aisi 430 armadiato con porte scorrevoli e cassetti. Profondit\u00e0 60 cm Altezza 85 cm Dimensioni disponibili: 100x60x85 cm N.2 CASSETTI 120x60x85 cm N.2 CASSETTI 140x60x85 cm N.3 CASSETTI 160x60x85 cm N.3 CASSETTI 180x60x85 cm N.4 CASSETTI 200x60x85 [&#8230;]","protected":false},"featured_media":25169,"comment_status":"closed","ping_status":"closed","template":"","meta":{"_monsterinsights_skip_tracking":false,"_monsterinsights_sitenote_active":false,"_monsterinsights_sitenote_note":"","_monsterinsights_sitenote_category":0},"product_brand":[],"product_cat":[18,121],"product_tag":[],"class_list":{"0":"post-25174","1":"product","2":"type-product","3":"status-publish","4":"has-post-thumbnail","6":"product_cat-arredo-acciaio-inox","7":"product_cat-tavoli-refrigerati-lavorazione-inox","8":"pa_dotazione-con-cassetti","9":"pa_dotazione-con-ripiano-inferiore","10":"pa_dotazione-senza-alzatina","11":"pa_profondita-linea-60","12":"pa_tipo-acciaio-aisi-linea-eco-aisi-430","13":"pa_versione-armadiato-con-porte","15":"first","16":"instock","17":"taxable","18":"shipping-taxable","19":"purchasable","20":"product-type-variable"},"_links":{"self":[{"href":"https:\/\/www.creaearredanegozi.it\/de\/wp-json\/wp\/v2\/product\/25174","targetHints":{"allow":["GET"]}}],"collection":[{"href":"https:\/\/www.creaearredanegozi.it\/de\/wp-json\/wp\/v2\/product"}],"about":[{"href":"https:\/\/www.creaearredanegozi.it\/de\/wp-json\/wp\/v2\/types\/product"}],"replies":[{"embeddable":true,"href":"https:\/\/www.creaearredanegozi.it\/de\/wp-json\/wp\/v2\/comments?post=25174"}],"wp:featuredmedia":[{"embeddable":true,"href":"https:\/\/www.creaearredanegozi.it\/de\/wp-json\/wp\/v2\/media\/25169"}],"wp:attachment":[{"href":"https:\/\/www.creaearredanegozi.it\/de\/wp-json\/wp\/v2\/media?parent=25174"}],"wp:term":[{"taxonomy":"product_brand","embeddable":true,"href":"https:\/\/www.creaearredanegozi.it\/de\/wp-json\/wp\/v2\/product_brand?post=25174"},{"taxonomy":"product_cat","embeddable":true,"href":"https:\/\/www.creaearredanegozi.it\/de\/wp-json\/wp\/v2\/product_cat?post=25174"},{"taxonomy":"product_tag","embeddable":true,"href":"https:\/\/www.creaearredanegozi.it\/de\/wp-json\/wp\/v2\/product_tag?post=25174"}],"curies":[{"name":"wp","href":"https:\/\/api.w.org\/{rel}","templated":true}]}}