{"id":25299,"date":"2019-05-24T16:50:07","date_gmt":"2019-05-24T14:50:07","guid":{"rendered":"https:\/\/www.creaearredanegozi.it\/?post_type=product&#038;p=25299"},"modified":"2023-12-15T13:26:05","modified_gmt":"2023-12-15T12:26:05","slug":"durchreicheschranktisch-mit-schiebeturen-3-schubladen-rechts-stahl-aisi-304-tiefe-70-cm","status":"publish","type":"product","link":"https:\/\/www.creaearredanegozi.it\/de\/durchreicheschranktisch-mit-schiebeturen-3-schubladen-rechts-stahl-aisi-304-tiefe-70-cm\/","title":{"rendered":"Schranktisch mit Schiebet\u00fcren 3 Schubladen rechts Aisi 304 Stahl Tiefe 70 cm"},"content":{"rendered":"<p><strong>Schranktisch mit Schiebet\u00fcren 3 Schubladen rechts Aisi 304 Stahl Tiefe 70 cm<\/strong><\/p>\n<p>Einbauschranktisch aus Stahl Aisi 304 mit Schiebet\u00fcren (der 100 cm und 120 cm lange Tisch hat 1 Fl\u00fcgelt\u00fcr, der 140 cm lange Tisch hat 2 Fl\u00fcgelt\u00fcren) und 3 Schubladen auf der rechten Seite, ohne Spritzschutz.<\/p>\n<ul>\n<li>Tiefe 70 cm<\/li>\n<li>H\u00f6he 85 cm<\/li>\n<\/ul>\n<p><img decoding=\"async\" class=\"alignnone size-medium wp-image-23020 aligncenter\" src=\"https:\/\/www.creaearredanegozi.it\/wp-content\/uploads\/2019\/05\/8-1-500x250.png\" alt=\"\" width=\"500\" height=\"250\" title=\"\" srcset=\"https:\/\/www.creaearredanegozi.it\/wp-content\/uploads\/2019\/05\/8-1.png 500w, https:\/\/www.creaearredanegozi.it\/wp-content\/uploads\/2019\/05\/8-1-64x32.png 64w, https:\/\/www.creaearredanegozi.it\/wp-content\/uploads\/2019\/05\/8-1-200x100.png 200w, https:\/\/www.creaearredanegozi.it\/wp-content\/uploads\/2019\/05\/8-1-400x200.png 400w\" sizes=\"(max-width: 500px) 100vw, 500px\" \/><\/p>\n<p><strong>Verf\u00fcgbare Gr\u00f6\u00dfen:<\/strong><\/p>\n<ul>\n<li>100x70x85 cm 1 Fl\u00fcgelt\u00fcr<\/li>\n<li>120x70x85 cm 1 Fl\u00fcgelt\u00fcr<\/li>\n<li>140x70x85 cm 2 Fl\u00fcgelt\u00fcren<\/li>\n<li>Schiebet\u00fcren 150x70x85 cm<\/li>\n<li>160x70x85 cm Schiebet\u00fcren<\/li>\n<li>170x70x85 cm Schiebet\u00fcren<\/li>\n<li>Schiebet\u00fcren 180x70x85 cm<\/li>\n<li>190x70x85 cm Schiebet\u00fcren<\/li>\n<li>200x70x85 cm Schiebet\u00fcren<\/li>\n<li>216x70x85 cm Schiebet\u00fcren<\/li>\n<\/ul>","protected":false},"excerpt":{"rendered":"<p>Tavolo armadiato con porte scorrevoli 3 cassetti a destra acciaio Aisi 304 profondit\u00e0 70 cm Tavolo armadiato attrezzato in acciaio Aisi 304 con porte scorrevoli (i tavoli di lunghezza 100 cm e 120 cm hanno 1 porta a battente, il tavolo di lunghezza 140 cm ha 2 porte battenti) e 3 cassetti a destra, senza [&#8230;]","protected":false},"featured_media":126414,"comment_status":"closed","ping_status":"closed","template":"","meta":{"_monsterinsights_skip_tracking":false,"_monsterinsights_sitenote_active":false,"_monsterinsights_sitenote_note":"","_monsterinsights_sitenote_category":0},"product_brand":[772],"product_cat":[18,121],"product_tag":[],"class_list":{"0":"post-25299","1":"product","2":"type-product","3":"status-publish","4":"has-post-thumbnail","6":"product_brand-crea-e-arreda-negozi","7":"product_cat-arredo-acciaio-inox","8":"product_cat-tavoli-refrigerati-lavorazione-inox","9":"pa_dotazione-con-cassetti","10":"pa_dotazione-con-ripiano-inferiore","11":"pa_dotazione-senza-alzatina","12":"pa_profondita-linea-70","13":"pa_tipo-acciaio-aisi-linea-hq-aisi-304","14":"pa_versione-armadiato-con-porte","16":"first","17":"instock","18":"taxable","19":"shipping-taxable","20":"purchasable","21":"product-type-variable"},"_links":{"self":[{"href":"https:\/\/www.creaearredanegozi.it\/de\/wp-json\/wp\/v2\/product\/25299","targetHints":{"allow":["GET"]}}],"collection":[{"href":"https:\/\/www.creaearredanegozi.it\/de\/wp-json\/wp\/v2\/product"}],"about":[{"href":"https:\/\/www.creaearredanegozi.it\/de\/wp-json\/wp\/v2\/types\/product"}],"replies":[{"embeddable":true,"href":"https:\/\/www.creaearredanegozi.it\/de\/wp-json\/wp\/v2\/comments?post=25299"}],"wp:featuredmedia":[{"embeddable":true,"href":"https:\/\/www.creaearredanegozi.it\/de\/wp-json\/wp\/v2\/media\/126414"}],"wp:attachment":[{"href":"https:\/\/www.creaearredanegozi.it\/de\/wp-json\/wp\/v2\/media?parent=25299"}],"wp:term":[{"taxonomy":"product_brand","embeddable":true,"href":"https:\/\/www.creaearredanegozi.it\/de\/wp-json\/wp\/v2\/product_brand?post=25299"},{"taxonomy":"product_cat","embeddable":true,"href":"https:\/\/www.creaearredanegozi.it\/de\/wp-json\/wp\/v2\/product_cat?post=25299"},{"taxonomy":"product_tag","embeddable":true,"href":"https:\/\/www.creaearredanegozi.it\/de\/wp-json\/wp\/v2\/product_tag?post=25299"}],"curies":[{"name":"wp","href":"https:\/\/api.w.org\/{rel}","templated":true}]}}