{"id":25399,"date":"2019-05-26T20:06:13","date_gmt":"2019-05-26T18:06:13","guid":{"rendered":"https:\/\/www.creaearredanegozi.it\/?post_type=product&#038;p=25399"},"modified":"2023-07-03T20:13:11","modified_gmt":"2023-07-03T18:13:11","slug":"schranktisch-mit-schiebeturen-3-schubladen-links-aisi-304-stahl-tiefe-60-cm","status":"publish","type":"product","link":"https:\/\/www.creaearredanegozi.it\/de\/schranktisch-mit-schiebeturen-3-schubladen-links-aisi-304-stahl-tiefe-60-cm\/","title":{"rendered":"Schranktisch mit Schiebet\u00fcren 3 Schubladen links Aisi 304 Stahl Tiefe 60 cm"},"content":{"rendered":"<p><strong>Schranktisch mit Schiebet\u00fcren 3 Schubladen links Aisi 304 Stahl Tiefe 60 cm<\/strong><\/p>\n<p>Ausgestatteter Schranktisch aus Stahl Aisi 304 mit Schiebet\u00fcren (der 100 cm und 120 cm lange Tisch hat 1 Fl\u00fcgelt\u00fcr, der 140 cm lange Tisch hat 2 Fl\u00fcgelt\u00fcren) und 3 Schubladen auf der linken Seite.<\/p>\n<p>Tiefe 60 cm<\/p>\n<p><strong>H\u00f6he 85 cm<\/strong><\/p>\n<p><img decoding=\"async\" class=\"alignnone size-medium wp-image-23020\" src=\"https:\/\/www.creaearredanegozi.it\/wp-content\/uploads\/2019\/05\/8-1-500x250.png\" alt=\"\" width=\"500\" height=\"250\" title=\"\" srcset=\"https:\/\/www.creaearredanegozi.it\/wp-content\/uploads\/2019\/05\/8-1.png 500w, https:\/\/www.creaearredanegozi.it\/wp-content\/uploads\/2019\/05\/8-1-64x32.png 64w, https:\/\/www.creaearredanegozi.it\/wp-content\/uploads\/2019\/05\/8-1-200x100.png 200w, https:\/\/www.creaearredanegozi.it\/wp-content\/uploads\/2019\/05\/8-1-400x200.png 400w\" sizes=\"(max-width: 500px) 100vw, 500px\" \/><\/p>\n<p><strong>Verf\u00fcgbare Gr\u00f6\u00dfen:<\/strong><\/p>\n<ul>\n<li>100x60x85 cm<\/li>\n<li>120x60x85 cm<\/li>\n<li>140x60x85 cm<\/li>\n<li>150x60x85 cm<\/li>\n<li>160x60x85 cm<\/li>\n<li>170x60x85 cm<\/li>\n<li>180x60x85 cm<\/li>\n<li>190x60x85 cm<\/li>\n<li>200x60x85 cm<\/li>\n<li>210x60x85 cm<\/li>\n<li>220x60x85 cm<\/li>\n<li>230x60x85 cm<\/li>\n<li>240x60x85 cm<\/li>\n<\/ul>","protected":false},"excerpt":{"rendered":"<p>Tavolo armadiato con porte scorrevoli 3 cassetti a sinistra acciaio Aisi 304 profondit\u00e0 60 cm Tavolo armadiato attrezzato in acciaio Aisi 304 con porte scorrevoli (i tavoli di lunghezza 100 cm e 120 cm hanno 1 porta a battente, il tavolo di lunghezza 140 cm ha 2 porte battenti) e 3 cassetti a sinistra. Profondit\u00e0 [&#8230;]","protected":false},"featured_media":25413,"comment_status":"closed","ping_status":"closed","template":"","meta":{"_monsterinsights_skip_tracking":false,"_monsterinsights_sitenote_active":false,"_monsterinsights_sitenote_note":"","_monsterinsights_sitenote_category":0},"product_brand":[],"product_cat":[18,121],"product_tag":[],"class_list":{"0":"post-25399","1":"product","2":"type-product","3":"status-publish","4":"has-post-thumbnail","6":"product_cat-arredo-acciaio-inox","7":"product_cat-tavoli-refrigerati-lavorazione-inox","8":"pa_dotazione-con-cassetti","9":"pa_dotazione-con-ripiano-inferiore","10":"pa_dotazione-senza-alzatina","11":"pa_profondita-linea-60","12":"pa_tipo-acciaio-aisi-linea-hq-aisi-304","13":"pa_versione-armadiato-con-porte","15":"first","16":"instock","17":"taxable","18":"shipping-taxable","19":"purchasable","20":"product-type-variable"},"_links":{"self":[{"href":"https:\/\/www.creaearredanegozi.it\/de\/wp-json\/wp\/v2\/product\/25399","targetHints":{"allow":["GET"]}}],"collection":[{"href":"https:\/\/www.creaearredanegozi.it\/de\/wp-json\/wp\/v2\/product"}],"about":[{"href":"https:\/\/www.creaearredanegozi.it\/de\/wp-json\/wp\/v2\/types\/product"}],"replies":[{"embeddable":true,"href":"https:\/\/www.creaearredanegozi.it\/de\/wp-json\/wp\/v2\/comments?post=25399"}],"wp:featuredmedia":[{"embeddable":true,"href":"https:\/\/www.creaearredanegozi.it\/de\/wp-json\/wp\/v2\/media\/25413"}],"wp:attachment":[{"href":"https:\/\/www.creaearredanegozi.it\/de\/wp-json\/wp\/v2\/media?parent=25399"}],"wp:term":[{"taxonomy":"product_brand","embeddable":true,"href":"https:\/\/www.creaearredanegozi.it\/de\/wp-json\/wp\/v2\/product_brand?post=25399"},{"taxonomy":"product_cat","embeddable":true,"href":"https:\/\/www.creaearredanegozi.it\/de\/wp-json\/wp\/v2\/product_cat?post=25399"},{"taxonomy":"product_tag","embeddable":true,"href":"https:\/\/www.creaearredanegozi.it\/de\/wp-json\/wp\/v2\/product_tag?post=25399"}],"curies":[{"name":"wp","href":"https:\/\/api.w.org\/{rel}","templated":true}]}}