{"id":25555,"date":"2019-05-27T11:44:33","date_gmt":"2019-05-27T09:44:33","guid":{"rendered":"https:\/\/www.creaearredanegozi.it\/?post_type=product&#038;p=25555"},"modified":"2023-07-03T20:13:13","modified_gmt":"2023-07-03T18:13:13","slug":"hot-table-mit-schiebeturen-lift-off-2500w-90-aisi-304-stahl-tiefe-60-cm","status":"publish","type":"product","link":"https:\/\/www.creaearredanegozi.it\/de\/hot-table-mit-schiebeturen-lift-off-2500w-90-aisi-304-stahl-tiefe-60-cm\/","title":{"rendered":"Hei\u00dfer Tisch mit Schiebet\u00fcren Aufkantung 2500W 90\u00b0 Stahl Aisi 304 Tiefe 60 cm"},"content":{"rendered":"<p><strong>Hei\u00dfer Tisch mit Schiebet\u00fcren Aufkantung 2500W 90\u00b0 Stahl Aisi 304 Tiefe 60 cm<\/strong><\/p>\n<ul>\n<li>Hei\u00dfer Tisch aus Stahl Aisi 304 mit Schiebet\u00fcren.<\/li>\n<li>Mit Spritzschutz.<\/li>\n<li>2500W<\/li>\n<li>230V\/1\/50 Hz<\/li>\n<li>90\u00b0<\/li>\n<li>Tiefe 60 cm<\/li>\n<li><strong>H\u00f6he 85 cm<\/strong><\/li>\n<\/ul>\n<p><img decoding=\"async\" class=\"alignnone size-medium wp-image-23082\" src=\"https:\/\/www.creaearredanegozi.it\/wp-content\/uploads\/2019\/05\/8-2-500x275.png\" alt=\"\" width=\"500\" height=\"275\" title=\"\" srcset=\"https:\/\/www.creaearredanegozi.it\/wp-content\/uploads\/2019\/05\/8-2.png 500w, https:\/\/www.creaearredanegozi.it\/wp-content\/uploads\/2019\/05\/8-2-64x35.png 64w, https:\/\/www.creaearredanegozi.it\/wp-content\/uploads\/2019\/05\/8-2-200x110.png 200w, https:\/\/www.creaearredanegozi.it\/wp-content\/uploads\/2019\/05\/8-2-400x220.png 400w\" sizes=\"(max-width: 500px) 100vw, 500px\" \/><\/p>\n<p><strong>Verf\u00fcgbare Gr\u00f6\u00dfen:<\/strong><\/p>\n<ul>\n<li>100x60x85 cm<\/li>\n<li>110x60x85 cm<\/li>\n<li>120x60x85 cm<\/li>\n<li>130x60x85 cm<\/li>\n<li>140x60x85 cm<\/li>\n<li>150x60x85 cm<\/li>\n<li>160x60x85 cm<\/li>\n<li>170x60x85 cm<\/li>\n<li>180x60x85 cm<\/li>\n<li>190x60x85 cm<\/li>\n<li>200x60x85 cm<\/li>\n<\/ul>","protected":false},"excerpt":{"rendered":"<p>Tavolo caldo con porte scorrevoli alzatina 2500W 90\u00b0 acciaio Aisi 304 profondit\u00e0 60 cm Tavolo caldo armadiato in acciaio Aisi 304 con porte scorrevoli. Con alzatina. 2500W 230V\/1\/50 Hz 90\u00b0 Profondit\u00e0 60 cm Altezza 85 cm Dimensioni disponibili: 100x60x85 cm 110x60x85 cm 120x60x85 cm 130x60x85 cm 140x60x85 cm 150x60x85 cm 160x60x85 cm 170x60x85 cm 180x60x85 [&#8230;]","protected":false},"featured_media":25567,"comment_status":"closed","ping_status":"closed","template":"","meta":{"_monsterinsights_skip_tracking":false,"_monsterinsights_sitenote_active":false,"_monsterinsights_sitenote_note":"","_monsterinsights_sitenote_category":0},"product_brand":[],"product_cat":[18,121],"product_tag":[],"class_list":{"0":"post-25555","1":"product","2":"type-product","3":"status-publish","4":"has-post-thumbnail","6":"product_cat-arredo-acciaio-inox","7":"product_cat-tavoli-refrigerati-lavorazione-inox","8":"pa_dotazione-con-alzatina","9":"pa_dotazione-con-ripiano-inferiore","10":"pa_profondita-linea-60","11":"pa_tipo-acciaio-aisi-linea-hq-aisi-304","12":"pa_versione-armadiato-con-porte","13":"pa_versione-riscaldato","15":"first","16":"instock","17":"taxable","18":"shipping-taxable","19":"purchasable","20":"product-type-variable"},"_links":{"self":[{"href":"https:\/\/www.creaearredanegozi.it\/de\/wp-json\/wp\/v2\/product\/25555","targetHints":{"allow":["GET"]}}],"collection":[{"href":"https:\/\/www.creaearredanegozi.it\/de\/wp-json\/wp\/v2\/product"}],"about":[{"href":"https:\/\/www.creaearredanegozi.it\/de\/wp-json\/wp\/v2\/types\/product"}],"replies":[{"embeddable":true,"href":"https:\/\/www.creaearredanegozi.it\/de\/wp-json\/wp\/v2\/comments?post=25555"}],"wp:featuredmedia":[{"embeddable":true,"href":"https:\/\/www.creaearredanegozi.it\/de\/wp-json\/wp\/v2\/media\/25567"}],"wp:attachment":[{"href":"https:\/\/www.creaearredanegozi.it\/de\/wp-json\/wp\/v2\/media?parent=25555"}],"wp:term":[{"taxonomy":"product_brand","embeddable":true,"href":"https:\/\/www.creaearredanegozi.it\/de\/wp-json\/wp\/v2\/product_brand?post=25555"},{"taxonomy":"product_cat","embeddable":true,"href":"https:\/\/www.creaearredanegozi.it\/de\/wp-json\/wp\/v2\/product_cat?post=25555"},{"taxonomy":"product_tag","embeddable":true,"href":"https:\/\/www.creaearredanegozi.it\/de\/wp-json\/wp\/v2\/product_tag?post=25555"}],"curies":[{"name":"wp","href":"https:\/\/api.w.org\/{rel}","templated":true}]}}