{"id":25736,"date":"2019-05-29T12:31:17","date_gmt":"2019-05-29T10:31:17","guid":{"rendered":"https:\/\/www.creaearredanegozi.it\/?post_type=product&#038;p=25736"},"modified":"2023-07-03T20:13:35","modified_gmt":"2023-07-03T18:13:35","slug":"einzelregal-aufbau-fur-tische-runde-beine-oder-35-cm-hohe-40-cm-aisi-304-stahl","status":"publish","type":"product","link":"https:\/\/www.creaearredanegozi.it\/de\/einzelregal-aufbau-fur-tische-runde-beine-oder-35-cm-hohe-40-cm-aisi-304-stahl\/","title":{"rendered":"Aufbau Einzelne Ablage f\u00fcr Tische runde Beine \u00d8 35 cm H\u00f6he 40 cm Stahl Aisi 304"},"content":{"rendered":"<h1>1-Top-Aufbau f\u00fcr Edelstahltische<\/h1>\n<p>Regale zur Schaffung zus\u00e4tzlicher Arbeitsfl\u00e4che. Eine praktische und schnelle M\u00f6glichkeit, Arbeitsfl\u00e4chen zu schaffen, ohne die Arbeitsumgebung zu st\u00f6ren. Leicht anzubringen, einfach auf die Tische legen.<\/p>\n<ul>\n<li>Einzelne Tischplatte aus Stahl Aisi 304.<\/li>\n<li>4 runde Beine Durchmesser 35<\/li>\n<li>Tiefe 35 cm<\/li>\n<li>H\u00f6he 40 cm<\/li>\n<li>Wird zerlegt geliefert<\/li>\n<\/ul>\n<p><strong>Verf\u00fcgbare Gr\u00f6\u00dfen:<\/strong><\/p>\n<table style=\"border-collapse: collapse; width: 100%;\" class=\"mtr-table mtr-tr-td\">\n<tbody>\n<tr>\n<td style=\"width: 33.3333%; text-align: center;\" data-mtr-content=\"Lunghezza (cm)\" class=\"mtr-td-tag\"><div class=\"mtr-cell-content\">L\u00e4nge (cm)<\/div><\/td>\n<td style=\"width: 33.3333%; text-align: center;\" data-mtr-content=\"Profondit\u00e0 Cm)\" class=\"mtr-td-tag\"><div class=\"mtr-cell-content\">Tiefe Cm)<\/div><\/td>\n<td style=\"width: 33.3333%; text-align: center;\" data-mtr-content=\"Altezza (cm)\" class=\"mtr-td-tag\"><div class=\"mtr-cell-content\">H\u00f6he (cm)<\/div><\/td>\n<\/tr>\n<tr>\n<td style=\"width: 33.3333%; text-align: center;\" data-mtr-content=\"Lunghezza (cm)\" class=\"mtr-td-tag\"><div class=\"mtr-cell-content\">100<\/div><\/td>\n<td style=\"width: 33.3333%; text-align: center;\" data-mtr-content=\"Profondit\u00e0 Cm)\" class=\"mtr-td-tag\"><div class=\"mtr-cell-content\">35<\/div><\/td>\n<td style=\"width: 33.3333%; text-align: center;\" data-mtr-content=\"Altezza (cm)\" class=\"mtr-td-tag\"><div class=\"mtr-cell-content\">40<\/div><\/td>\n<\/tr>\n<tr>\n<td style=\"width: 33.3333%; text-align: center;\" data-mtr-content=\"Lunghezza (cm)\" class=\"mtr-td-tag\"><div class=\"mtr-cell-content\">120<\/div><\/td>\n<td style=\"width: 33.3333%; text-align: center;\" data-mtr-content=\"Profondit\u00e0 Cm)\" class=\"mtr-td-tag\"><div class=\"mtr-cell-content\">35<\/div><\/td>\n<td style=\"width: 33.3333%; text-align: center;\" data-mtr-content=\"Altezza (cm)\" class=\"mtr-td-tag\"><div class=\"mtr-cell-content\">40<\/div><\/td>\n<\/tr>\n<tr>\n<td style=\"width: 33.3333%; text-align: center;\" data-mtr-content=\"Lunghezza (cm)\" class=\"mtr-td-tag\"><div class=\"mtr-cell-content\">140<\/div><\/td>\n<td style=\"width: 33.3333%; text-align: center;\" data-mtr-content=\"Profondit\u00e0 Cm)\" class=\"mtr-td-tag\"><div class=\"mtr-cell-content\">35<\/div><\/td>\n<td style=\"width: 33.3333%; text-align: center;\" data-mtr-content=\"Altezza (cm)\" class=\"mtr-td-tag\"><div class=\"mtr-cell-content\">40<\/div><\/td>\n<\/tr>\n<tr>\n<td style=\"width: 33.3333%; text-align: center;\" data-mtr-content=\"Lunghezza (cm)\" class=\"mtr-td-tag\"><div class=\"mtr-cell-content\">160<\/div><\/td>\n<td style=\"width: 33.3333%; text-align: center;\" data-mtr-content=\"Profondit\u00e0 Cm)\" class=\"mtr-td-tag\"><div class=\"mtr-cell-content\">35<\/div><\/td>\n<td style=\"width: 33.3333%; text-align: center;\" data-mtr-content=\"Altezza (cm)\" class=\"mtr-td-tag\"><div class=\"mtr-cell-content\">40<\/div><\/td>\n<\/tr>\n<tr>\n<td style=\"width: 33.3333%; text-align: center;\" data-mtr-content=\"Lunghezza (cm)\" class=\"mtr-td-tag\"><div class=\"mtr-cell-content\">180<\/div><\/td>\n<td style=\"width: 33.3333%; text-align: center;\" data-mtr-content=\"Profondit\u00e0 Cm)\" class=\"mtr-td-tag\"><div class=\"mtr-cell-content\">35<\/div><\/td>\n<td style=\"width: 33.3333%; text-align: center;\" data-mtr-content=\"Altezza (cm)\" class=\"mtr-td-tag\"><div class=\"mtr-cell-content\">40<\/div><\/td>\n<\/tr>\n<tr>\n<td style=\"width: 33.3333%; text-align: center;\" data-mtr-content=\"Lunghezza (cm)\" class=\"mtr-td-tag\"><div class=\"mtr-cell-content\">200<\/div><\/td>\n<td style=\"width: 33.3333%; text-align: center;\" data-mtr-content=\"Profondit\u00e0 Cm)\" class=\"mtr-td-tag\"><div class=\"mtr-cell-content\">35<\/div><\/td>\n<td style=\"width: 33.3333%; text-align: center;\" data-mtr-content=\"Altezza (cm)\" class=\"mtr-td-tag\"><div class=\"mtr-cell-content\">40<\/div><\/td>\n<\/tr>\n<\/tbody>\n<\/table>","protected":false},"excerpt":{"rendered":"<p>Sovrastruttura da appoggio ad 1 piano per tavoli inox Ripiani di appoggio per creare ulteriore superfice di lavoro. Un modo pratico e veloce per creare superfici di lavoro non ingombranti e senza stravolgere l&#8217;ambiente di lavoro. Applicazione facile, si appoggia semplicemente ai tavoli. Ripiano d&#8217;appoggio singolo per tavoli in acciaio Aisi 304. 4 gambe tonde [&#8230;]","protected":false},"featured_media":25743,"comment_status":"closed","ping_status":"closed","template":"","meta":{"_monsterinsights_skip_tracking":false,"_monsterinsights_sitenote_active":false,"_monsterinsights_sitenote_note":"","_monsterinsights_sitenote_category":0},"product_brand":[],"product_cat":[18,121],"product_tag":[],"class_list":{"0":"post-25736","1":"product","2":"type-product","3":"status-publish","4":"has-post-thumbnail","6":"product_cat-arredo-acciaio-inox","7":"product_cat-tavoli-refrigerati-lavorazione-inox","8":"pa_dotazione-senza-alzatina","9":"pa_dotazione-senza-ripiano-inferiore","10":"pa_tipo-acciaio-aisi-linea-hq-aisi-304","12":"first","13":"instock","14":"taxable","15":"shipping-taxable","16":"purchasable","17":"product-type-variable"},"_links":{"self":[{"href":"https:\/\/www.creaearredanegozi.it\/de\/wp-json\/wp\/v2\/product\/25736","targetHints":{"allow":["GET"]}}],"collection":[{"href":"https:\/\/www.creaearredanegozi.it\/de\/wp-json\/wp\/v2\/product"}],"about":[{"href":"https:\/\/www.creaearredanegozi.it\/de\/wp-json\/wp\/v2\/types\/product"}],"replies":[{"embeddable":true,"href":"https:\/\/www.creaearredanegozi.it\/de\/wp-json\/wp\/v2\/comments?post=25736"}],"wp:featuredmedia":[{"embeddable":true,"href":"https:\/\/www.creaearredanegozi.it\/de\/wp-json\/wp\/v2\/media\/25743"}],"wp:attachment":[{"href":"https:\/\/www.creaearredanegozi.it\/de\/wp-json\/wp\/v2\/media?parent=25736"}],"wp:term":[{"taxonomy":"product_brand","embeddable":true,"href":"https:\/\/www.creaearredanegozi.it\/de\/wp-json\/wp\/v2\/product_brand?post=25736"},{"taxonomy":"product_cat","embeddable":true,"href":"https:\/\/www.creaearredanegozi.it\/de\/wp-json\/wp\/v2\/product_cat?post=25736"},{"taxonomy":"product_tag","embeddable":true,"href":"https:\/\/www.creaearredanegozi.it\/de\/wp-json\/wp\/v2\/product_tag?post=25736"}],"curies":[{"name":"wp","href":"https:\/\/api.w.org\/{rel}","templated":true}]}}