{"id":25764,"date":"2019-05-29T13:22:16","date_gmt":"2019-05-29T11:22:16","guid":{"rendered":"https:\/\/www.creaearredanegozi.it\/?post_type=product&#038;p=25764"},"modified":"2024-04-10T20:58:33","modified_gmt":"2024-04-10T18:58:33","slug":"zweistockige-abdeckplatte-fur-tische-mit-runden-beinen-oder-35-cm-hohe-70-cm-stahl-aisi-304-zweistockige-abdeckplatte-fur-tische-mit-runden-beinen-oder-35-cm-hohe-40-cm-stahl-aisi-430","status":"publish","type":"product","link":"https:\/\/www.creaearredanegozi.it\/de\/zweistockige-abdeckplatte-fur-tische-mit-runden-beinen-oder-35-cm-hohe-70-cm-stahl-aisi-304-zweistockige-abdeckplatte-fur-tische-mit-runden-beinen-oder-35-cm-hohe-40-cm-stahl-aisi-430\/","title":{"rendered":"Tischplatte 2 Tischplatten runde Beine \u00d8 35 cm H\u00f6he 40 cm Stahl Aisi 430"},"content":{"rendered":"<h1>Tisch\u00fcberbau mit 2 Tischplatten f\u00fcr 70 cm hohe Tische<\/h1>\n<p>Regale zur Schaffung zus\u00e4tzlicher Arbeitsfl\u00e4che. Eine praktische und schnelle M\u00f6glichkeit, Arbeitsfl\u00e4chen zu schaffen, ohne die Arbeitsumgebung zu st\u00f6ren. Leicht anzubringen, einfach auf die Tische legen.<\/p>\n<ul>\n<li>2 \u00fcbereinander liegende Tischplatten aus Stahl AISI 430<\/li>\n<li>4 runde Beine Durchmesser 35 mm<\/li>\n<li>Tiefe 35 cm<\/li>\n<li>H\u00f6he 70 cm<\/li>\n<li>Demontiert geliefert<\/li>\n<\/ul>\n<p><strong>Verf\u00fcgbare Gr\u00f6\u00dfen:<\/strong><\/p>\n<table style=\"border-collapse: collapse; width: 100%;\" class=\"mtr-table mtr-tr-td\">\n<tbody>\n<tr>\n<td style=\"width: 33.3333%; text-align: center;\" data-mtr-content=\"Lunghezza (cm)\" class=\"mtr-td-tag\"><div class=\"mtr-cell-content\">L\u00e4nge (cm)<\/div><\/td>\n<td style=\"width: 33.3333%; text-align: center;\" data-mtr-content=\"Profondit\u00e0 Cm)\" class=\"mtr-td-tag\"><div class=\"mtr-cell-content\">Tiefe Cm)<\/div><\/td>\n<td style=\"width: 33.3333%; text-align: center;\" data-mtr-content=\"Altezza (cm)\" class=\"mtr-td-tag\"><div class=\"mtr-cell-content\">H\u00f6he (cm)<\/div><\/td>\n<\/tr>\n<tr>\n<td style=\"width: 33.3333%; text-align: center;\" data-mtr-content=\"Lunghezza (cm)\" class=\"mtr-td-tag\"><div class=\"mtr-cell-content\">100<\/div><\/td>\n<td style=\"width: 33.3333%; text-align: center;\" data-mtr-content=\"Profondit\u00e0 Cm)\" class=\"mtr-td-tag\"><div class=\"mtr-cell-content\">35<\/div><\/td>\n<td style=\"width: 33.3333%; text-align: center;\" data-mtr-content=\"Altezza (cm)\" class=\"mtr-td-tag\"><div class=\"mtr-cell-content\">70<\/div><\/td>\n<\/tr>\n<tr>\n<td style=\"width: 33.3333%; text-align: center;\" data-mtr-content=\"Lunghezza (cm)\" class=\"mtr-td-tag\"><div class=\"mtr-cell-content\">120<\/div><\/td>\n<td style=\"width: 33.3333%; text-align: center;\" data-mtr-content=\"Profondit\u00e0 Cm)\" class=\"mtr-td-tag\"><div class=\"mtr-cell-content\">35<\/div><\/td>\n<td style=\"width: 33.3333%; text-align: center;\" data-mtr-content=\"Altezza (cm)\" class=\"mtr-td-tag\"><div class=\"mtr-cell-content\">70<\/div><\/td>\n<\/tr>\n<tr>\n<td style=\"width: 33.3333%; text-align: center;\" data-mtr-content=\"Lunghezza (cm)\" class=\"mtr-td-tag\"><div class=\"mtr-cell-content\">140<\/div><\/td>\n<td style=\"width: 33.3333%; text-align: center;\" data-mtr-content=\"Profondit\u00e0 Cm)\" class=\"mtr-td-tag\"><div class=\"mtr-cell-content\">35<\/div><\/td>\n<td style=\"width: 33.3333%; text-align: center;\" data-mtr-content=\"Altezza (cm)\" class=\"mtr-td-tag\"><div class=\"mtr-cell-content\">70<\/div><\/td>\n<\/tr>\n<tr>\n<td style=\"width: 33.3333%; text-align: center;\" data-mtr-content=\"Lunghezza (cm)\" class=\"mtr-td-tag\"><div class=\"mtr-cell-content\">160<\/div><\/td>\n<td style=\"width: 33.3333%; text-align: center;\" data-mtr-content=\"Profondit\u00e0 Cm)\" class=\"mtr-td-tag\"><div class=\"mtr-cell-content\">35<\/div><\/td>\n<td style=\"width: 33.3333%; text-align: center;\" data-mtr-content=\"Altezza (cm)\" class=\"mtr-td-tag\"><div class=\"mtr-cell-content\">70<\/div><\/td>\n<\/tr>\n<tr>\n<td style=\"width: 33.3333%; text-align: center;\" data-mtr-content=\"Lunghezza (cm)\" class=\"mtr-td-tag\"><div class=\"mtr-cell-content\">180<\/div><\/td>\n<td style=\"width: 33.3333%; text-align: center;\" data-mtr-content=\"Profondit\u00e0 Cm)\" class=\"mtr-td-tag\"><div class=\"mtr-cell-content\">35<\/div><\/td>\n<td style=\"width: 33.3333%; text-align: center;\" data-mtr-content=\"Altezza (cm)\" class=\"mtr-td-tag\"><div class=\"mtr-cell-content\">70<\/div><\/td>\n<\/tr>\n<tr>\n<td style=\"width: 33.3333%; text-align: center;\" data-mtr-content=\"Lunghezza (cm)\" class=\"mtr-td-tag\"><div class=\"mtr-cell-content\">200<\/div><\/td>\n<td style=\"width: 33.3333%; text-align: center;\" data-mtr-content=\"Profondit\u00e0 Cm)\" class=\"mtr-td-tag\"><div class=\"mtr-cell-content\">35<\/div><\/td>\n<td style=\"width: 33.3333%; text-align: center;\" data-mtr-content=\"Altezza (cm)\" class=\"mtr-td-tag\"><div class=\"mtr-cell-content\">70<\/div><\/td>\n<\/tr>\n<\/tbody>\n<\/table>","protected":false},"excerpt":{"rendered":"<p>Sovrastruttura per tavoli a 2 piani per tavoli altezza 70 cm Ripiani di appoggio per creare ulteriore superfice di lavoro. Un modo pratico e veloce per creare superfici di lavoro non ingombranti e senza stravolgere l&#8217;ambiente di lavoro. Applicazione facile, si appoggia semplicemente ai tavoli. 2 piani di appoggio sovrapposti in acciaio AISI 430 4 [&#8230;]","protected":false},"featured_media":123467,"comment_status":"closed","ping_status":"closed","template":"","meta":{"_monsterinsights_skip_tracking":false,"_monsterinsights_sitenote_active":false,"_monsterinsights_sitenote_note":"","_monsterinsights_sitenote_category":0},"product_brand":[],"product_cat":[18,121],"product_tag":[],"class_list":{"0":"post-25764","1":"product","2":"type-product","3":"status-publish","4":"has-post-thumbnail","6":"product_cat-arredo-acciaio-inox","7":"product_cat-tavoli-refrigerati-lavorazione-inox","8":"pa_dotazione-senza-alzatina","9":"pa_dotazione-senza-ripiano-inferiore","10":"pa_tipo-acciaio-aisi-linea-eco-aisi-430","12":"first","13":"instock","14":"taxable","15":"shipping-taxable","16":"purchasable","17":"product-type-variable"},"_links":{"self":[{"href":"https:\/\/www.creaearredanegozi.it\/de\/wp-json\/wp\/v2\/product\/25764","targetHints":{"allow":["GET"]}}],"collection":[{"href":"https:\/\/www.creaearredanegozi.it\/de\/wp-json\/wp\/v2\/product"}],"about":[{"href":"https:\/\/www.creaearredanegozi.it\/de\/wp-json\/wp\/v2\/types\/product"}],"replies":[{"embeddable":true,"href":"https:\/\/www.creaearredanegozi.it\/de\/wp-json\/wp\/v2\/comments?post=25764"}],"wp:featuredmedia":[{"embeddable":true,"href":"https:\/\/www.creaearredanegozi.it\/de\/wp-json\/wp\/v2\/media\/123467"}],"wp:attachment":[{"href":"https:\/\/www.creaearredanegozi.it\/de\/wp-json\/wp\/v2\/media?parent=25764"}],"wp:term":[{"taxonomy":"product_brand","embeddable":true,"href":"https:\/\/www.creaearredanegozi.it\/de\/wp-json\/wp\/v2\/product_brand?post=25764"},{"taxonomy":"product_cat","embeddable":true,"href":"https:\/\/www.creaearredanegozi.it\/de\/wp-json\/wp\/v2\/product_cat?post=25764"},{"taxonomy":"product_tag","embeddable":true,"href":"https:\/\/www.creaearredanegozi.it\/de\/wp-json\/wp\/v2\/product_tag?post=25764"}],"curies":[{"name":"wp","href":"https:\/\/api.w.org\/{rel}","templated":true}]}}