{"id":25825,"date":"2019-05-29T18:46:18","date_gmt":"2019-05-29T16:46:18","guid":{"rendered":"https:\/\/www.creaearredanegozi.it\/?post_type=product&#038;p=25825"},"modified":"2023-07-03T20:13:37","modified_gmt":"2023-07-03T18:13:37","slug":"kommode-mit-4-schubladen-aus-edelstahl-aisi-430-lange-50-cm","status":"publish","type":"product","link":"https:\/\/www.creaearredanegozi.it\/de\/kommode-mit-4-schubladen-aus-edelstahl-aisi-430-lange-50-cm\/","title":{"rendered":"Schubladenkommode 4 Schubladen aus Edelstahl Aisi 430 L\u00e4nge 50 cm"},"content":{"rendered":"<p><strong>Schubladenkommode 4 Schubladen aus Edelstahl Aisi 430 L\u00e4nge 50 cm<\/strong><\/p>\n<ul>\n<li>Kommode aus rostfreiem Stahl Aisi 430 mit 4 Schubladen.<\/li>\n<li>Tiefe 60 oder 70 cm.<\/li>\n<li>L\u00e4nge 50 cm.<\/li>\n<li><strong>H\u00f6he 85 cm<\/strong><\/li>\n<\/ul>\n<p><strong>Verf\u00fcgbare Gr\u00f6\u00dfen:<\/strong><\/p>\n<ul>\n<li>50x60x85 cm<\/li>\n<li>50x70x85 cm<\/li>\n<\/ul>","protected":false},"excerpt":{"rendered":"<p>Cassettiera 4 cassetti acciaio inox Aisi 430 lunghezza 50 cm Cassettiera in acciaio inox Aisi 430 4 cassetti. Profondit\u00e0 60 o 70 cm. Lunghezza 50 cm. Altezza 85 cm Dimensioni disponibili: 50x60x85 cm 50x70x85 cm<\/p>","protected":false},"featured_media":25823,"comment_status":"closed","ping_status":"closed","template":"","meta":{"_monsterinsights_skip_tracking":false,"_monsterinsights_sitenote_active":false,"_monsterinsights_sitenote_note":"","_monsterinsights_sitenote_category":0},"product_brand":[],"product_cat":[18,118],"product_tag":[],"class_list":{"0":"post-25825","1":"product","2":"type-product","3":"status-publish","4":"has-post-thumbnail","6":"product_cat-arredo-acciaio-inox","7":"product_cat-cassettiere","8":"pa_dotazione-con-cassetti","9":"pa_dotazione-senza-alzatina","10":"pa_dotazione-senza-ripiano-inferiore","11":"pa_profondita-linea-60","12":"pa_profondita-linea-70","13":"pa_tipo-acciaio-aisi-linea-eco-aisi-430","15":"first","16":"instock","17":"taxable","18":"shipping-taxable","19":"purchasable","20":"product-type-variable"},"_links":{"self":[{"href":"https:\/\/www.creaearredanegozi.it\/de\/wp-json\/wp\/v2\/product\/25825","targetHints":{"allow":["GET"]}}],"collection":[{"href":"https:\/\/www.creaearredanegozi.it\/de\/wp-json\/wp\/v2\/product"}],"about":[{"href":"https:\/\/www.creaearredanegozi.it\/de\/wp-json\/wp\/v2\/types\/product"}],"replies":[{"embeddable":true,"href":"https:\/\/www.creaearredanegozi.it\/de\/wp-json\/wp\/v2\/comments?post=25825"}],"wp:featuredmedia":[{"embeddable":true,"href":"https:\/\/www.creaearredanegozi.it\/de\/wp-json\/wp\/v2\/media\/25823"}],"wp:attachment":[{"href":"https:\/\/www.creaearredanegozi.it\/de\/wp-json\/wp\/v2\/media?parent=25825"}],"wp:term":[{"taxonomy":"product_brand","embeddable":true,"href":"https:\/\/www.creaearredanegozi.it\/de\/wp-json\/wp\/v2\/product_brand?post=25825"},{"taxonomy":"product_cat","embeddable":true,"href":"https:\/\/www.creaearredanegozi.it\/de\/wp-json\/wp\/v2\/product_cat?post=25825"},{"taxonomy":"product_tag","embeddable":true,"href":"https:\/\/www.creaearredanegozi.it\/de\/wp-json\/wp\/v2\/product_tag?post=25825"}],"curies":[{"name":"wp","href":"https:\/\/api.w.org\/{rel}","templated":true}]}}