{"id":25869,"date":"2019-05-30T13:21:58","date_gmt":"2019-05-30T11:21:58","guid":{"rendered":"https:\/\/www.creaearredanegozi.it\/?post_type=product&#038;p=25869"},"modified":"2023-07-03T20:13:38","modified_gmt":"2023-07-03T18:13:38","slug":"cassettiera-cassetto-e-bottigliera-acciaio-inox-aisi-430-lunghezza-50-cm","status":"publish","type":"product","link":"https:\/\/www.creaearredanegozi.it\/de\/cassettiera-cassetto-e-bottigliera-acciaio-inox-aisi-430-lunghezza-50-cm\/","title":{"rendered":"Kommode 2 Schubladen mit Flaschenschublade aus Edelstahl Aisi 430 L\u00e4nge 50 cm"},"content":{"rendered":"<p><strong>Kommode mit Schublade und Flaschenhalter aus Edelstahl Aisi 430 L\u00e4nge 50 cm<\/strong><\/p>\n<ul>\n<li>Kommode, mit Schublade und Flaschenhalter, aus Edelstahl Aisi 430.<\/li>\n<li>Tiefe 60 oder 70 cm.<\/li>\n<li>L\u00e4nge 50 cm.<\/li>\n<li><strong>H\u00f6he 85 cm<\/strong><\/li>\n<\/ul>\n<p><strong>Verf\u00fcgbare Gr\u00f6\u00dfen:<\/strong><\/p>\n<ul>\n<li>50x60x85 cm<\/li>\n<li>50x70x85 cm<\/li>\n<\/ul>","protected":false},"excerpt":{"rendered":"<p>Cassettiera con cassetto e bottigliera acciaio inox Aisi 430 lunghezza 50 cm Cassettiera, con cassetto e bottigliera, in acciaio inox Aisi 430. Profondit\u00e0 60 o 70 cm. Lunghezza 50 cm. Altezza 85 cm Dimensioni disponibili: 50x60x85 cm 50x70x85 cm<\/p>","protected":false},"featured_media":25872,"comment_status":"closed","ping_status":"closed","template":"","meta":{"_monsterinsights_skip_tracking":false,"_monsterinsights_sitenote_active":false,"_monsterinsights_sitenote_note":"","_monsterinsights_sitenote_category":0},"product_brand":[],"product_cat":[118,18],"product_tag":[],"class_list":{"0":"post-25869","1":"product","2":"type-product","3":"status-publish","4":"has-post-thumbnail","6":"product_cat-cassettiere","7":"product_cat-arredo-acciaio-inox","8":"product_shipping_class-38","9":"pa_dotazione-con-cassetti","10":"pa_dotazione-senza-alzatina","11":"pa_dotazione-senza-ripiano-inferiore","12":"pa_profondita-linea-60","13":"pa_profondita-linea-70","14":"pa_tipo-acciaio-aisi-linea-eco-aisi-430","16":"first","17":"instock","18":"taxable","19":"shipping-taxable","20":"purchasable","21":"product-type-variable"},"_links":{"self":[{"href":"https:\/\/www.creaearredanegozi.it\/de\/wp-json\/wp\/v2\/product\/25869","targetHints":{"allow":["GET"]}}],"collection":[{"href":"https:\/\/www.creaearredanegozi.it\/de\/wp-json\/wp\/v2\/product"}],"about":[{"href":"https:\/\/www.creaearredanegozi.it\/de\/wp-json\/wp\/v2\/types\/product"}],"replies":[{"embeddable":true,"href":"https:\/\/www.creaearredanegozi.it\/de\/wp-json\/wp\/v2\/comments?post=25869"}],"wp:featuredmedia":[{"embeddable":true,"href":"https:\/\/www.creaearredanegozi.it\/de\/wp-json\/wp\/v2\/media\/25872"}],"wp:attachment":[{"href":"https:\/\/www.creaearredanegozi.it\/de\/wp-json\/wp\/v2\/media?parent=25869"}],"wp:term":[{"taxonomy":"product_brand","embeddable":true,"href":"https:\/\/www.creaearredanegozi.it\/de\/wp-json\/wp\/v2\/product_brand?post=25869"},{"taxonomy":"product_cat","embeddable":true,"href":"https:\/\/www.creaearredanegozi.it\/de\/wp-json\/wp\/v2\/product_cat?post=25869"},{"taxonomy":"product_tag","embeddable":true,"href":"https:\/\/www.creaearredanegozi.it\/de\/wp-json\/wp\/v2\/product_tag?post=25869"}],"curies":[{"name":"wp","href":"https:\/\/api.w.org\/{rel}","templated":true}]}}