{"id":25933,"date":"2019-05-30T17:50:52","date_gmt":"2019-05-30T15:50:52","guid":{"rendered":"https:\/\/www.creaearredanegozi.it\/?post_type=product&#038;p=25933"},"modified":"2024-02-26T16:54:49","modified_gmt":"2024-02-26T15:54:49","slug":"lavatoio-1-vasca-gocciolatoio-a-sinistra-ripiano-inferiore-acciaio-inox-aisi-430-profondita-60-cm","status":"publish","type":"product","link":"https:\/\/www.creaearredanegozi.it\/de\/lavatoio-1-vasca-gocciolatoio-a-sinistra-ripiano-inferiore-acciaio-inox-aisi-430-profondita-60-cm\/","title":{"rendered":"Waschtisch 1 Becken Tropfschale links untere Ablage Edelstahl Aisi 430 Tiefe 60 cm"},"content":{"rendered":"<p style=\"text-align: center;\"><strong>Waschtisch 1 Abtropffl\u00e4che links, offen, runde Beine Edelstahl Aisi 304 Tiefe 60 cm<\/strong><\/p>\n<p>Lavatoio in acciaio inox, struttura in Aisi 430, vasca e top in AISI 304, su 4 gambe quadrate 40&#215;40 mm e ripiano inferiore, con 1 vasca, gocciolatoio a sinistra. Profondit\u00e0 vasca 30 cm. Dotato di Alzatina.<\/p>\n<ul>\n<li>Tiefe 60 cm,<\/li>\n<li>H\u00f6he 85 cm,<\/li>\n<li>Wird zerlegt geliefert.<\/li>\n<\/ul>\n<p><img decoding=\"async\" class=\"alignnone size-medium wp-image-25897 aligncenter\" src=\"https:\/\/www.creaearredanegozi.it\/wp-content\/uploads\/2019\/05\/lavatoio-dim-500x282.png\" alt=\"\" width=\"500\" height=\"282\" title=\"\" srcset=\"https:\/\/www.creaearredanegozi.it\/wp-content\/uploads\/2019\/05\/lavatoio-dim.png 500w, https:\/\/www.creaearredanegozi.it\/wp-content\/uploads\/2019\/05\/lavatoio-dim-64x36.png 64w, https:\/\/www.creaearredanegozi.it\/wp-content\/uploads\/2019\/05\/lavatoio-dim-200x113.png 200w, https:\/\/www.creaearredanegozi.it\/wp-content\/uploads\/2019\/05\/lavatoio-dim-400x226.png 400w\" sizes=\"(max-width: 500px) 100vw, 500px\" \/><\/p>\n<p><strong>Verf\u00fcgbare Gr\u00f6\u00dfen:<\/strong><\/p>\n<table class=\"table table-striped mtr-table mtr-thead-td\" style=\"border-collapse: collapse; width: 100%;\">\n<thead>\n<tr>\n<td style=\"width: 14.2857%; text-align: center;\" data-mtr-content=\"Lunghezza (L \u2013 cm)\" class=\"mtr-td-tag\"><div class=\"mtr-cell-content\"><strong>Lunghezza (L \u2013 cm)<\/strong><\/div><\/td>\n<td style=\"width: 14.2857%; text-align: center;\" data-mtr-content=\"Profondit\u00e0 (P \u2013 cm)\" class=\"mtr-td-tag\"><div class=\"mtr-cell-content\"><strong>Profondit\u00e0 (P \u2013 cm)<\/strong><\/div><\/td>\n<td style=\"width: 14.2857%; text-align: center;\" data-mtr-content=\"Altezza (cm)\" class=\"mtr-td-tag\"><div class=\"mtr-cell-content\"><strong>H\u00f6he (cm)<\/strong><\/div><\/td>\n<td style=\"width: 14.2857%; text-align: center;\" data-mtr-content=\"Dim. Vasca (cm)\" class=\"mtr-td-tag\"><div class=\"mtr-cell-content\"><strong>Wannengr\u00f6\u00dfe (cm)<\/strong><\/div><\/td>\n<td style=\"width: 14.2857%; text-align: center;\" data-mtr-content=\"Peso (kg)\" class=\"mtr-td-tag\"><div class=\"mtr-cell-content\"><strong>Gewicht (kg)<\/strong><\/div><\/td>\n<\/tr>\n<\/thead>\n<tbody>\n<tr>\n<td style=\"width: 14.2857%; text-align: center;\" data-mtr-content=\"Lunghezza (L \u2013 cm)\" class=\"mtr-td-tag\"><div class=\"mtr-cell-content\">100<\/div><\/td>\n<td style=\"text-align: center; width: 14.2857%;\" data-mtr-content=\"Profondit\u00e0 (P \u2013 cm)\" class=\"mtr-td-tag\"><div class=\"mtr-cell-content\">60<\/div><\/td>\n<td style=\"text-align: center; width: 14.2857%;\" data-mtr-content=\"Altezza (cm)\" class=\"mtr-td-tag\"><div class=\"mtr-cell-content\">85+10<\/div><\/td>\n<td style=\"width: 14.2857%; text-align: center;\" data-mtr-content=\"Dim. Vasca (cm)\" class=\"mtr-td-tag\"><div class=\"mtr-cell-content\">40x40x30<\/div><\/td>\n<td style=\"width: 14.2857%; text-align: center;\" data-mtr-content=\"Peso (kg)\" class=\"mtr-td-tag\"><div class=\"mtr-cell-content\">40<\/div><\/td>\n<\/tr>\n<tr>\n<td style=\"width: 14.2857%; text-align: center;\" data-mtr-content=\"Lunghezza (L \u2013 cm)\" class=\"mtr-td-tag\"><div class=\"mtr-cell-content\">110<\/div><\/td>\n<td style=\"text-align: center; width: 14.2857%;\" data-mtr-content=\"Profondit\u00e0 (P \u2013 cm)\" class=\"mtr-td-tag\"><div class=\"mtr-cell-content\">60<\/div><\/td>\n<td style=\"text-align: center; width: 14.2857%;\" data-mtr-content=\"Altezza (cm)\" class=\"mtr-td-tag\"><div class=\"mtr-cell-content\">85+10<\/div><\/td>\n<td style=\"width: 14.2857%; text-align: center;\" data-mtr-content=\"Dim. Vasca (cm)\" class=\"mtr-td-tag\"><div class=\"mtr-cell-content\">50x40x30<\/div><\/td>\n<td style=\"width: 14.2857%; text-align: center;\" data-mtr-content=\"Peso (kg)\" class=\"mtr-td-tag\"><div class=\"mtr-cell-content\">41<\/div><\/td>\n<\/tr>\n<tr>\n<td style=\"width: 14.2857%; text-align: center;\" data-mtr-content=\"Lunghezza (L \u2013 cm)\" class=\"mtr-td-tag\"><div class=\"mtr-cell-content\">120<\/div><\/td>\n<td style=\"text-align: center; width: 14.2857%;\" data-mtr-content=\"Profondit\u00e0 (P \u2013 cm)\" class=\"mtr-td-tag\"><div class=\"mtr-cell-content\">60<\/div><\/td>\n<td style=\"text-align: center; width: 14.2857%;\" data-mtr-content=\"Altezza (cm)\" class=\"mtr-td-tag\"><div class=\"mtr-cell-content\">85+10<\/div><\/td>\n<td style=\"width: 14.2857%; text-align: center;\" data-mtr-content=\"Dim. Vasca (cm)\" class=\"mtr-td-tag\"><div class=\"mtr-cell-content\">50x40x30<\/div><\/td>\n<td style=\"width: 14.2857%; text-align: center;\" data-mtr-content=\"Peso (kg)\" class=\"mtr-td-tag\"><div class=\"mtr-cell-content\">42<\/div><\/td>\n<\/tr>\n<tr>\n<td style=\"width: 14.2857%; text-align: center;\" data-mtr-content=\"Lunghezza (L \u2013 cm)\" class=\"mtr-td-tag\"><div class=\"mtr-cell-content\">130<\/div><\/td>\n<td style=\"text-align: center; width: 14.2857%;\" data-mtr-content=\"Profondit\u00e0 (P \u2013 cm)\" class=\"mtr-td-tag\"><div class=\"mtr-cell-content\">60<\/div><\/td>\n<td style=\"text-align: center; width: 14.2857%;\" data-mtr-content=\"Altezza (cm)\" class=\"mtr-td-tag\"><div class=\"mtr-cell-content\">85+10<\/div><\/td>\n<td style=\"width: 14.2857%; text-align: center;\" data-mtr-content=\"Dim. Vasca (cm)\" class=\"mtr-td-tag\"><div class=\"mtr-cell-content\">50x40x30<\/div><\/td>\n<td style=\"width: 14.2857%; text-align: center;\" data-mtr-content=\"Peso (kg)\" class=\"mtr-td-tag\"><div class=\"mtr-cell-content\">44<\/div><\/td>\n<\/tr>\n<tr>\n<td style=\"width: 14.2857%; text-align: center;\" data-mtr-content=\"Lunghezza (L \u2013 cm)\" class=\"mtr-td-tag\"><div class=\"mtr-cell-content\">140<\/div><\/td>\n<td style=\"text-align: center; width: 14.2857%;\" data-mtr-content=\"Profondit\u00e0 (P \u2013 cm)\" class=\"mtr-td-tag\"><div class=\"mtr-cell-content\">60<\/div><\/td>\n<td style=\"text-align: center; width: 14.2857%;\" data-mtr-content=\"Altezza (cm)\" class=\"mtr-td-tag\"><div class=\"mtr-cell-content\">85+10<\/div><\/td>\n<td style=\"width: 14.2857%; text-align: center;\" data-mtr-content=\"Dim. Vasca (cm)\" class=\"mtr-td-tag\"><div class=\"mtr-cell-content\">50x40x30<\/div><\/td>\n<td style=\"width: 14.2857%; text-align: center;\" data-mtr-content=\"Peso (kg)\" class=\"mtr-td-tag\"><div class=\"mtr-cell-content\">47<\/div><\/td>\n<\/tr>\n<tr>\n<td style=\"width: 14.2857%; text-align: center;\" data-mtr-content=\"Lunghezza (L \u2013 cm)\" class=\"mtr-td-tag\"><div class=\"mtr-cell-content\">150<\/div><\/td>\n<td style=\"text-align: center; width: 14.2857%;\" data-mtr-content=\"Profondit\u00e0 (P \u2013 cm)\" class=\"mtr-td-tag\"><div class=\"mtr-cell-content\">60<\/div><\/td>\n<td style=\"text-align: center; width: 14.2857%;\" data-mtr-content=\"Altezza (cm)\" class=\"mtr-td-tag\"><div class=\"mtr-cell-content\">85+10<\/div><\/td>\n<td style=\"width: 14.2857%; text-align: center;\" data-mtr-content=\"Dim. Vasca (cm)\" class=\"mtr-td-tag\"><div class=\"mtr-cell-content\">50x40x30<\/div><\/td>\n<td style=\"width: 14.2857%; text-align: center;\" data-mtr-content=\"Peso (kg)\" class=\"mtr-td-tag\"><div class=\"mtr-cell-content\">49<\/div><\/td>\n<\/tr>\n<tr>\n<td style=\"width: 14.2857%; text-align: center;\" data-mtr-content=\"Lunghezza (L \u2013 cm)\" class=\"mtr-td-tag\"><div class=\"mtr-cell-content\">160<\/div><\/td>\n<td style=\"text-align: center; width: 14.2857%;\" data-mtr-content=\"Profondit\u00e0 (P \u2013 cm)\" class=\"mtr-td-tag\"><div class=\"mtr-cell-content\">60<\/div><\/td>\n<td style=\"text-align: center; width: 14.2857%;\" data-mtr-content=\"Altezza (cm)\" class=\"mtr-td-tag\"><div class=\"mtr-cell-content\">85+10<\/div><\/td>\n<td style=\"width: 14.2857%; text-align: center;\" data-mtr-content=\"Dim. Vasca (cm)\" class=\"mtr-td-tag\"><div class=\"mtr-cell-content\">50x40x30<\/div><\/td>\n<td style=\"width: 14.2857%; text-align: center;\" data-mtr-content=\"Peso (kg)\" class=\"mtr-td-tag\"><div class=\"mtr-cell-content\">51<\/div><\/td>\n<\/tr>\n<\/tbody>\n<\/table>","protected":false},"excerpt":{"rendered":"<p>Lavatoio 1 vasca gocciolatoio a sinistra, a giorno, gambe tonde acciaio inox Aisi 304 profondit\u00e0 60 cm Lavatoio in acciaio inox, struttura in Aisi 430, vasca e top in AISI 304, su 4 gambe quadrate 40&#215;40 mm e ripiano inferiore, con 1 vasca, gocciolatoio a sinistra. Profondit\u00e0 vasca 30 cm. Dotato di Alzatina. Profondit\u00e0 60 [&#8230;]","protected":false},"featured_media":126920,"comment_status":"closed","ping_status":"closed","template":"","meta":{"_monsterinsights_skip_tracking":false,"_monsterinsights_sitenote_active":false,"_monsterinsights_sitenote_note":"","_monsterinsights_sitenote_category":0},"product_brand":[772],"product_cat":[18,119],"product_tag":[],"class_list":{"0":"post-25933","1":"product","2":"type-product","3":"status-publish","4":"has-post-thumbnail","6":"product_brand-crea-e-arreda-negozi","7":"product_cat-arredo-acciaio-inox","8":"product_cat-lavatoi","9":"pa_dotazione-1-vasca","10":"pa_dotazione-con-alzatina","11":"pa_dotazione-con-gocciolatoio","12":"pa_dotazione-con-ripiano-inferiore","13":"pa_profondita-linea-60","14":"pa_tipo-acciaio-aisi-linea-eco-aisi-430","15":"pa_versione-a-giorno","17":"first","18":"instock","19":"taxable","20":"shipping-taxable","21":"purchasable","22":"product-type-variable"},"_links":{"self":[{"href":"https:\/\/www.creaearredanegozi.it\/de\/wp-json\/wp\/v2\/product\/25933","targetHints":{"allow":["GET"]}}],"collection":[{"href":"https:\/\/www.creaearredanegozi.it\/de\/wp-json\/wp\/v2\/product"}],"about":[{"href":"https:\/\/www.creaearredanegozi.it\/de\/wp-json\/wp\/v2\/types\/product"}],"replies":[{"embeddable":true,"href":"https:\/\/www.creaearredanegozi.it\/de\/wp-json\/wp\/v2\/comments?post=25933"}],"wp:featuredmedia":[{"embeddable":true,"href":"https:\/\/www.creaearredanegozi.it\/de\/wp-json\/wp\/v2\/media\/126920"}],"wp:attachment":[{"href":"https:\/\/www.creaearredanegozi.it\/de\/wp-json\/wp\/v2\/media?parent=25933"}],"wp:term":[{"taxonomy":"product_brand","embeddable":true,"href":"https:\/\/www.creaearredanegozi.it\/de\/wp-json\/wp\/v2\/product_brand?post=25933"},{"taxonomy":"product_cat","embeddable":true,"href":"https:\/\/www.creaearredanegozi.it\/de\/wp-json\/wp\/v2\/product_cat?post=25933"},{"taxonomy":"product_tag","embeddable":true,"href":"https:\/\/www.creaearredanegozi.it\/de\/wp-json\/wp\/v2\/product_tag?post=25933"}],"curies":[{"name":"wp","href":"https:\/\/api.w.org\/{rel}","templated":true}]}}