{"id":25954,"date":"2019-05-31T11:24:41","date_gmt":"2019-05-31T09:24:41","guid":{"rendered":"https:\/\/www.creaearredanegozi.it\/?post_type=product&#038;p=25954"},"modified":"2024-02-14T19:28:11","modified_gmt":"2024-02-14T18:28:11","slug":"waschbecken-1-becken-abtropfschale-rechts-untere-ablage-edelstahl-aisi-430-tiefe-60-cm","status":"publish","type":"product","link":"https:\/\/www.creaearredanegozi.it\/de\/waschbecken-1-becken-abtropfschale-rechts-untere-ablage-edelstahl-aisi-430-tiefe-60-cm\/","title":{"rendered":"Waschtisch 1 Becken Tropfschale rechts untere Ablage Edelstahl Aisi 430 Tiefe 60 cm"},"content":{"rendered":"<p><strong>Waschtisch 1 Becken Tropfschale rechts untere Ablage Edelstahl Aisi 430 Tiefe 60 cm<\/strong><\/p>\n<p>Waschbecken aus rostfreiem Stahl Aisi 430 auf 4 quadratischen Beinen und unterer Ablage, mit 1 Becken und einer Tropfschale auf der rechten Seite. Tiefe des Beckens 40 cm und H\u00f6he 30 cm. Ausgestattet mit Spritzschutz.<\/p>\n<ul>\n<li>Tank und Deckel aus Stahl AISI 304<\/li>\n<li>Rahmen und Bodenplatte aus AISI 430<\/li>\n<li>Tiefe 60 cm.<\/li>\n<li>H\u00f6he 85 cm.<\/li>\n<li>Demontiert geliefert<\/li>\n<\/ul>\n<p><img decoding=\"async\" class=\"alignnone size-medium wp-image-25897 aligncenter\" src=\"https:\/\/www.creaearredanegozi.it\/wp-content\/uploads\/2019\/05\/lavatoio-dim-500x282.png\" alt=\"\" width=\"500\" height=\"282\" title=\"\" srcset=\"https:\/\/www.creaearredanegozi.it\/wp-content\/uploads\/2019\/05\/lavatoio-dim.png 500w, https:\/\/www.creaearredanegozi.it\/wp-content\/uploads\/2019\/05\/lavatoio-dim-64x36.png 64w, https:\/\/www.creaearredanegozi.it\/wp-content\/uploads\/2019\/05\/lavatoio-dim-200x113.png 200w, https:\/\/www.creaearredanegozi.it\/wp-content\/uploads\/2019\/05\/lavatoio-dim-400x226.png 400w\" sizes=\"(max-width: 500px) 100vw, 500px\" \/><\/p>\n<p><strong>Verf\u00fcgbare Gr\u00f6\u00dfen:<\/strong><\/p>\n<ul>\n<li>100x60x85 cm. Wanne: 40x40x30 cm<\/li>\n<li>110x60x85 cm Wanne: 40x40x30 cm<\/li>\n<li>120x60x85 cm Wanne: 50x40x30 cm<\/li>\n<li>130x60x85 cm Wanne: 50x40x30 cm<\/li>\n<li>140x60x85 cm Wanne: 50x40x30 cm<\/li>\n<li>150x60x85 cm Wanne: 50x40x30 cm<\/li>\n<li>160x60x85 cm Wanne: 50x40x30 cm<\/li>\n<\/ul>","protected":false},"excerpt":{"rendered":"<p>Lavatoio 1 vasca gocciolatoio a destra ripiano inferiore acciaio inox Aisi 430 profondit\u00e0 60 cm Lavatoio in acciaio inox Aisi 430 su 4 gambe quadrate e ripiano inferiore, con 1 vasca e un gocciolatoio a destra. Vasca profondit\u00e0 40 cm e altezza 30 cm. Dotato di Alzatina. Vasca e Top in acciaio AISI 304 Struttura [&#8230;]","protected":false},"featured_media":126488,"comment_status":"closed","ping_status":"closed","template":"","meta":{"_monsterinsights_skip_tracking":false,"_monsterinsights_sitenote_active":false,"_monsterinsights_sitenote_note":"","_monsterinsights_sitenote_category":0},"product_brand":[772],"product_cat":[18,119],"product_tag":[],"class_list":{"0":"post-25954","1":"product","2":"type-product","3":"status-publish","4":"has-post-thumbnail","6":"product_brand-crea-e-arreda-negozi","7":"product_cat-arredo-acciaio-inox","8":"product_cat-lavatoi","9":"pa_dotazione-con-alzatina","10":"pa_dotazione-con-gocciolatoio","11":"pa_dotazione-con-ripiano-inferiore","12":"pa_profondita-linea-60","13":"pa_tipo-acciaio-aisi-linea-eco-aisi-430","14":"pa_versione-a-giorno","16":"first","17":"instock","18":"taxable","19":"shipping-taxable","20":"purchasable","21":"product-type-variable"},"_links":{"self":[{"href":"https:\/\/www.creaearredanegozi.it\/de\/wp-json\/wp\/v2\/product\/25954","targetHints":{"allow":["GET"]}}],"collection":[{"href":"https:\/\/www.creaearredanegozi.it\/de\/wp-json\/wp\/v2\/product"}],"about":[{"href":"https:\/\/www.creaearredanegozi.it\/de\/wp-json\/wp\/v2\/types\/product"}],"replies":[{"embeddable":true,"href":"https:\/\/www.creaearredanegozi.it\/de\/wp-json\/wp\/v2\/comments?post=25954"}],"wp:featuredmedia":[{"embeddable":true,"href":"https:\/\/www.creaearredanegozi.it\/de\/wp-json\/wp\/v2\/media\/126488"}],"wp:attachment":[{"href":"https:\/\/www.creaearredanegozi.it\/de\/wp-json\/wp\/v2\/media?parent=25954"}],"wp:term":[{"taxonomy":"product_brand","embeddable":true,"href":"https:\/\/www.creaearredanegozi.it\/de\/wp-json\/wp\/v2\/product_brand?post=25954"},{"taxonomy":"product_cat","embeddable":true,"href":"https:\/\/www.creaearredanegozi.it\/de\/wp-json\/wp\/v2\/product_cat?post=25954"},{"taxonomy":"product_tag","embeddable":true,"href":"https:\/\/www.creaearredanegozi.it\/de\/wp-json\/wp\/v2\/product_tag?post=25954"}],"curies":[{"name":"wp","href":"https:\/\/api.w.org\/{rel}","templated":true}]}}