{"id":26038,"date":"2019-05-31T12:43:48","date_gmt":"2019-05-31T10:43:48","guid":{"rendered":"https:\/\/www.creaearredanegozi.it\/?post_type=product&#038;p=26038"},"modified":"2024-04-05T19:44:23","modified_gmt":"2024-04-05T17:44:23","slug":"lavatoio-2-vasche-2-gocciolatoi-ripiano-inferiore-acciaio-inox-aisi-430-profondita-60-cm","status":"publish","type":"product","link":"https:\/\/www.creaearredanegozi.it\/de\/lavatoio-2-vasche-2-gocciolatoi-ripiano-inferiore-acciaio-inox-aisi-430-profondita-60-cm\/","title":{"rendered":"Waschtisch 2 Becken 2 Abtropfschalen untere Ablage Edelstahl Aisi 430 Tiefe 60 cm"},"content":{"rendered":"<p><strong>Waschtisch 2 Becken 2 Abtropfschalen untere Ablage Edelstahl Aisi 430 Tiefe 60 cm<\/strong><\/p>\n<p>Lavatoio in acciaio inox, struttura in Aisi 430, top, gocciolatoi e vasche in AISI 304, su 4 gambe quadrate con ripiano inferiore, con 2 vasche e 2 gocciolatoi. Profondit\u00e0 vasca 30 cm<\/p>\n<ul>\n<li>Ausgestattet mit einem Riser.<\/li>\n<li>2 pilette<\/li>\n<li>Tiefe 60 cm.<\/li>\n<li>H\u00f6he 85 cm.<\/li>\n<\/ul>\n<p><img decoding=\"async\" class=\"alignnone size-medium wp-image-25897 aligncenter\" src=\"https:\/\/www.creaearredanegozi.it\/wp-content\/uploads\/2019\/05\/lavatoio-dim-500x282.png\" alt=\"\" width=\"500\" height=\"282\" title=\"\" srcset=\"https:\/\/www.creaearredanegozi.it\/wp-content\/uploads\/2019\/05\/lavatoio-dim.png 500w, https:\/\/www.creaearredanegozi.it\/wp-content\/uploads\/2019\/05\/lavatoio-dim-64x36.png 64w, https:\/\/www.creaearredanegozi.it\/wp-content\/uploads\/2019\/05\/lavatoio-dim-200x113.png 200w, https:\/\/www.creaearredanegozi.it\/wp-content\/uploads\/2019\/05\/lavatoio-dim-400x226.png 400w\" sizes=\"(max-width: 500px) 100vw, 500px\" \/><\/p>\n<p><strong>Verf\u00fcgbare Gr\u00f6\u00dfen:<\/strong><\/p>\n<ul>\n<li>180x60x85 cm Wanne: 50x40x30 cm<\/li>\n<li>200x60x85 cm Wanne: 50x40x30 cm<\/li>\n<li>220x60x85 cm Wanne: 50x40x30 cm<\/li>\n<li>240x60x85 cm Wanne: 50x40x30 cm<\/li>\n<\/ul>","protected":false},"excerpt":{"rendered":"<p>Lavatoio 2 vasche 2 gocciolatoi ripiano inferiore acciaio inox Aisi 430 profondit\u00e0 60 cm Lavatoio in acciaio inox, struttura in Aisi 430, top, gocciolatoi e vasche in AISI 304, su 4 gambe quadrate con ripiano inferiore, con 2 vasche e 2 gocciolatoi. Profondit\u00e0 vasca 30 cm Dotato di Alzatina. 2 pilette Profondit\u00e0 60 cm. Altezza [&#8230;]","protected":false},"featured_media":127612,"comment_status":"closed","ping_status":"closed","template":"","meta":{"_monsterinsights_skip_tracking":false,"_monsterinsights_sitenote_active":false,"_monsterinsights_sitenote_note":"","_monsterinsights_sitenote_category":0},"product_brand":[772],"product_cat":[119,18],"product_tag":[],"class_list":{"0":"post-26038","1":"product","2":"type-product","3":"status-publish","4":"has-post-thumbnail","6":"product_brand-crea-e-arreda-negozi","7":"product_cat-lavatoi","8":"product_cat-arredo-acciaio-inox","9":"pa_dotazione-2-vasche","10":"pa_dotazione-con-alzatina","11":"pa_dotazione-con-gocciolatoio","12":"pa_dotazione-con-ripiano-inferiore","13":"pa_profondita-linea-60","14":"pa_tipo-acciaio-aisi-linea-eco-aisi-430","15":"pa_versione-a-giorno","17":"first","18":"instock","19":"taxable","20":"shipping-taxable","21":"purchasable","22":"product-type-variable"},"_links":{"self":[{"href":"https:\/\/www.creaearredanegozi.it\/de\/wp-json\/wp\/v2\/product\/26038","targetHints":{"allow":["GET"]}}],"collection":[{"href":"https:\/\/www.creaearredanegozi.it\/de\/wp-json\/wp\/v2\/product"}],"about":[{"href":"https:\/\/www.creaearredanegozi.it\/de\/wp-json\/wp\/v2\/types\/product"}],"replies":[{"embeddable":true,"href":"https:\/\/www.creaearredanegozi.it\/de\/wp-json\/wp\/v2\/comments?post=26038"}],"wp:featuredmedia":[{"embeddable":true,"href":"https:\/\/www.creaearredanegozi.it\/de\/wp-json\/wp\/v2\/media\/127612"}],"wp:attachment":[{"href":"https:\/\/www.creaearredanegozi.it\/de\/wp-json\/wp\/v2\/media?parent=26038"}],"wp:term":[{"taxonomy":"product_brand","embeddable":true,"href":"https:\/\/www.creaearredanegozi.it\/de\/wp-json\/wp\/v2\/product_brand?post=26038"},{"taxonomy":"product_cat","embeddable":true,"href":"https:\/\/www.creaearredanegozi.it\/de\/wp-json\/wp\/v2\/product_cat?post=26038"},{"taxonomy":"product_tag","embeddable":true,"href":"https:\/\/www.creaearredanegozi.it\/de\/wp-json\/wp\/v2\/product_tag?post=26038"}],"curies":[{"name":"wp","href":"https:\/\/api.w.org\/{rel}","templated":true}]}}