{"id":26061,"date":"2019-05-31T14:52:22","date_gmt":"2019-05-31T12:52:22","guid":{"rendered":"https:\/\/www.creaearredanegozi.it\/?post_type=product&#038;p=26061"},"modified":"2024-02-26T12:47:01","modified_gmt":"2024-02-26T11:47:01","slug":"waschbecken-1-becken-links-abtropfschale-untere-ablage-runde-beine-edelstahl-aisi-304-tiefe-60-cm","status":"publish","type":"product","link":"https:\/\/www.creaearredanegozi.it\/de\/waschbecken-1-becken-links-abtropfschale-untere-ablage-runde-beine-edelstahl-aisi-304-tiefe-60-cm\/","title":{"rendered":"Waschtisch 1 Becken Tropfschale links untere Ablage runde Beine Edelstahl Aisi 304 Tiefe 60 cm"},"content":{"rendered":"<p style=\"text-align: center;\"><strong>Waschtisch 1 Abtropffl\u00e4che links, offen, runde Beine Edelstahl Aisi 304 Tiefe 60 cm<\/strong><\/p>\n<p>Edelstahlwaschbecken komplett aus Aisi 304 auf 4 runden Beinen \u00f8 50 und unterer Ablage, mit 1 Becken und einer Abtropfschale auf der linken Seite. Tiefe der Wanne 30 cm. Ausgestattet mit Spritzschutz.<\/p>\n<ul>\n<li>Tiefe 60 cm,<\/li>\n<li>H\u00f6he 85 cm,<\/li>\n<li>Wird zerlegt geliefert.<\/li>\n<\/ul>\n<p><img decoding=\"async\" class=\"alignnone size-medium wp-image-25897 aligncenter\" src=\"https:\/\/www.creaearredanegozi.it\/wp-content\/uploads\/2019\/05\/lavatoio-dim-500x282.png\" alt=\"\" width=\"500\" height=\"282\" title=\"\" srcset=\"https:\/\/www.creaearredanegozi.it\/wp-content\/uploads\/2019\/05\/lavatoio-dim.png 500w, https:\/\/www.creaearredanegozi.it\/wp-content\/uploads\/2019\/05\/lavatoio-dim-64x36.png 64w, https:\/\/www.creaearredanegozi.it\/wp-content\/uploads\/2019\/05\/lavatoio-dim-200x113.png 200w, https:\/\/www.creaearredanegozi.it\/wp-content\/uploads\/2019\/05\/lavatoio-dim-400x226.png 400w\" sizes=\"(max-width: 500px) 100vw, 500px\" \/><\/p>\n<p><strong>Verf\u00fcgbare Gr\u00f6\u00dfen:<\/strong><\/p>\n<ul>\n<li>100x60x85 cm Wanne: 40x40x30 cm<\/li>\n<li>110x60x85 cm Wanne: 50x40x30 cm<\/li>\n<li>120x60x85 cm Wanne: 50x40x30 cm<\/li>\n<li>130x60x85 cm Wanne: 50x40x30 cm<\/li>\n<li>140x60x85 cm Wanne: 50x40x30 cm<\/li>\n<li>150x60x85 cm Wanne: 50x40x30 cm<\/li>\n<li>160x60x85 cm Wanne: 50x40x30 cm<\/li>\n<\/ul>","protected":false},"excerpt":{"rendered":"<p>Lavatoio 1 vasca gocciolatoio a sinistra, a giorno, gambe tonde acciaio inox Aisi 304 profondit\u00e0 60 cm Lavatoio in acciaio inox interamente in Aisi 304 su 4 gambe tonde \u00f8 50 e ripiano inferiore, con 1 vasca e un gocciolatoio a sinistra. Profondit\u00e0 vasca 30 cm. Dotato di Alzatina. Profondit\u00e0 60 cm, Altezza 85 cm, [&#8230;]","protected":false},"featured_media":126907,"comment_status":"closed","ping_status":"closed","template":"","meta":{"_monsterinsights_skip_tracking":false,"_monsterinsights_sitenote_active":false,"_monsterinsights_sitenote_note":"","_monsterinsights_sitenote_category":0},"product_brand":[772],"product_cat":[119,18],"product_tag":[],"class_list":{"0":"post-26061","1":"product","2":"type-product","3":"status-publish","4":"has-post-thumbnail","6":"product_brand-crea-e-arreda-negozi","7":"product_cat-lavatoi","8":"product_cat-arredo-acciaio-inox","9":"pa_dotazione-1-vasca","10":"pa_dotazione-con-alzatina","11":"pa_dotazione-con-gocciolatoio","12":"pa_dotazione-con-ripiano-inferiore","13":"pa_profondita-linea-60","14":"pa_tipo-acciaio-aisi-linea-hq-aisi-304","15":"pa_versione-a-giorno","17":"first","18":"instock","19":"taxable","20":"shipping-taxable","21":"purchasable","22":"product-type-variable"},"_links":{"self":[{"href":"https:\/\/www.creaearredanegozi.it\/de\/wp-json\/wp\/v2\/product\/26061","targetHints":{"allow":["GET"]}}],"collection":[{"href":"https:\/\/www.creaearredanegozi.it\/de\/wp-json\/wp\/v2\/product"}],"about":[{"href":"https:\/\/www.creaearredanegozi.it\/de\/wp-json\/wp\/v2\/types\/product"}],"replies":[{"embeddable":true,"href":"https:\/\/www.creaearredanegozi.it\/de\/wp-json\/wp\/v2\/comments?post=26061"}],"wp:featuredmedia":[{"embeddable":true,"href":"https:\/\/www.creaearredanegozi.it\/de\/wp-json\/wp\/v2\/media\/126907"}],"wp:attachment":[{"href":"https:\/\/www.creaearredanegozi.it\/de\/wp-json\/wp\/v2\/media?parent=26061"}],"wp:term":[{"taxonomy":"product_brand","embeddable":true,"href":"https:\/\/www.creaearredanegozi.it\/de\/wp-json\/wp\/v2\/product_brand?post=26061"},{"taxonomy":"product_cat","embeddable":true,"href":"https:\/\/www.creaearredanegozi.it\/de\/wp-json\/wp\/v2\/product_cat?post=26061"},{"taxonomy":"product_tag","embeddable":true,"href":"https:\/\/www.creaearredanegozi.it\/de\/wp-json\/wp\/v2\/product_tag?post=26061"}],"curies":[{"name":"wp","href":"https:\/\/api.w.org\/{rel}","templated":true}]}}