{"id":26158,"date":"2019-06-01T13:39:59","date_gmt":"2019-06-01T11:39:59","guid":{"rendered":"https:\/\/www.creaearredanegozi.it\/?post_type=product&#038;p=26158"},"modified":"2024-06-11T12:16:12","modified_gmt":"2024-06-11T10:16:12","slug":"waschbecken-2-becken-und-abtropfschale-rechts-untere-ablage-runde-beine-edelstahl-aisi-430-tiefe-60-cm","status":"publish","type":"product","link":"https:\/\/www.creaearredanegozi.it\/de\/waschbecken-2-becken-und-abtropfschale-rechts-untere-ablage-runde-beine-edelstahl-aisi-430-tiefe-60-cm\/","title":{"rendered":"Waschtisch 2 Becken und Abtropfschale rechts untere Ablage runde Beine Edelstahl Aisi 430 Tiefe 60 cm"},"content":{"rendered":"<p style=\"text-align: center;\"><strong>Waschtisch 2 Becken und Tropfschale rechts unten Ablagefl\u00e4che runde Beine Edelstahl Aisi 430 Tiefe 60 cm<\/strong><\/p>\n<p>Sp\u00fclbecken aus Edelstahl, Oberteil und Wannen aus AISI 304, Rahmen und Ablage aus AISI 430, auf 4 runden Beinen \u00f8 50 cm und unterer Ablage, mit 2 Wannen und 1 Tropfschale rechts. Tiefe der Wanne 30 cm.<\/p>\n<ul>\n<li>Ausgestattet mit Aufkantung und Abfluss,<\/li>\n<li>Tiefe 60 cm,<\/li>\n<li>H\u00f6he 85 cm,<\/li>\n<li>Wird zerlegt geliefert.<\/li>\n<\/ul>\n<p><a href=\"https:\/\/www.creaearredanegozi.it\/wp-content\/uploads\/2019\/06\/43-1.png\"><img decoding=\"async\" class=\"alignnone wp-image-128214 size-full aligncenter\" style=\"max-width: 500px;\" src=\"https:\/\/www.creaearredanegozi.it\/wp-content\/uploads\/2019\/06\/43-1.png\" alt=\"\" width=\"100%\" height=\"auto\" title=\"\" srcset=\"https:\/\/www.creaearredanegozi.it\/wp-content\/uploads\/2019\/06\/43-1.png 500w, https:\/\/www.creaearredanegozi.it\/wp-content\/uploads\/2019\/06\/43-1-64x36.png 64w\" sizes=\"(max-width: 500px) 100vw, 500px\" \/><\/a><\/p>\n<p><strong>Verf\u00fcgbare Gr\u00f6\u00dfen<\/strong><\/p>\n<table style=\"border-collapse: collapse; width: 100%;\" class=\"mtr-table mtr-tr-td\">\n<tbody>\n<tr>\n<td style=\"width: 20%; text-align: center;\" data-mtr-content=\"Lunghezza (cm)\" class=\"mtr-td-tag\"><div class=\"mtr-cell-content\"><strong>L\u00e4nge (cm)<\/strong><\/div><\/td>\n<td style=\"width: 20%; text-align: center;\" data-mtr-content=\"Profondit\u00e0 (cm)\" class=\"mtr-td-tag\"><div class=\"mtr-cell-content\"><strong>Tiefe (cm)<\/strong><\/div><\/td>\n<td style=\"width: 15%; text-align: center;\" data-mtr-content=\"Altezza (cm)\" class=\"mtr-td-tag\"><div class=\"mtr-cell-content\"><strong>H\u00f6he (cm)<\/strong><\/div><\/td>\n<td style=\"width: 25%; text-align: center;\" data-mtr-content=\"Dim. Vasca (LxPxH cm)\" class=\"mtr-td-tag\"><div class=\"mtr-cell-content\"><strong>Gr\u00f6\u00dfe der Badewanne (BxTxH cm)<\/strong><\/div><\/td>\n<td style=\"width: 20%; text-align: center;\" data-mtr-content=\"Peso (Kg)\" class=\"mtr-td-tag\"><div class=\"mtr-cell-content\"><strong>Gewicht (kg)<\/strong><\/div><\/td>\n<\/tr>\n<tr>\n<td style=\"width: 20%; text-align: center;\" data-mtr-content=\"Lunghezza (cm)\" class=\"mtr-td-tag\"><div class=\"mtr-cell-content\">140<\/div><\/td>\n<td style=\"width: 20%; text-align: center;\" data-mtr-content=\"Profondit\u00e0 (cm)\" class=\"mtr-td-tag\"><div class=\"mtr-cell-content\">60<\/div><\/td>\n<td style=\"width: 15%; text-align: center;\" data-mtr-content=\"Altezza (cm)\" class=\"mtr-td-tag\"><div class=\"mtr-cell-content\">85<\/div><\/td>\n<td style=\"width: 25%; text-align: center;\" data-mtr-content=\"Dim. Vasca (LxPxH cm)\" class=\"mtr-td-tag\"><div class=\"mtr-cell-content\">40x40x30<\/div><\/td>\n<td style=\"width: 20%; text-align: center;\" data-mtr-content=\"Peso (Kg)\" class=\"mtr-td-tag\"><div class=\"mtr-cell-content\">45<\/div><\/td>\n<\/tr>\n<tr>\n<td style=\"width: 20%; text-align: center;\" data-mtr-content=\"Lunghezza (cm)\" class=\"mtr-td-tag\"><div class=\"mtr-cell-content\">150<\/div><\/td>\n<td style=\"width: 20%; text-align: center;\" data-mtr-content=\"Profondit\u00e0 (cm)\" class=\"mtr-td-tag\"><div class=\"mtr-cell-content\">60<\/div><\/td>\n<td style=\"width: 15%; text-align: center;\" data-mtr-content=\"Altezza (cm)\" class=\"mtr-td-tag\"><div class=\"mtr-cell-content\">85<\/div><\/td>\n<td style=\"width: 25%; text-align: center;\" data-mtr-content=\"Dim. Vasca (LxPxH cm)\" class=\"mtr-td-tag\"><div class=\"mtr-cell-content\">40x40x30<\/div><\/td>\n<td style=\"width: 20%; text-align: center;\" data-mtr-content=\"Peso (Kg)\" class=\"mtr-td-tag\"><div class=\"mtr-cell-content\">47<\/div><\/td>\n<\/tr>\n<tr>\n<td style=\"width: 20%; text-align: center;\" data-mtr-content=\"Lunghezza (cm)\" class=\"mtr-td-tag\"><div class=\"mtr-cell-content\">160<\/div><\/td>\n<td style=\"width: 20%; text-align: center;\" data-mtr-content=\"Profondit\u00e0 (cm)\" class=\"mtr-td-tag\"><div class=\"mtr-cell-content\">60<\/div><\/td>\n<td style=\"width: 15%; text-align: center;\" data-mtr-content=\"Altezza (cm)\" class=\"mtr-td-tag\"><div class=\"mtr-cell-content\">85<\/div><\/td>\n<td style=\"width: 25%; text-align: center;\" data-mtr-content=\"Dim. Vasca (LxPxH cm)\" class=\"mtr-td-tag\"><div class=\"mtr-cell-content\">50x40x30<\/div><\/td>\n<td style=\"width: 20%; text-align: center;\" data-mtr-content=\"Peso (Kg)\" class=\"mtr-td-tag\"><div class=\"mtr-cell-content\">50<\/div><\/td>\n<\/tr>\n<tr>\n<td style=\"width: 20%; text-align: center;\" data-mtr-content=\"Lunghezza (cm)\" class=\"mtr-td-tag\"><div class=\"mtr-cell-content\">170<\/div><\/td>\n<td style=\"width: 20%; text-align: center;\" data-mtr-content=\"Profondit\u00e0 (cm)\" class=\"mtr-td-tag\"><div class=\"mtr-cell-content\">60<\/div><\/td>\n<td style=\"width: 15%; text-align: center;\" data-mtr-content=\"Altezza (cm)\" class=\"mtr-td-tag\"><div class=\"mtr-cell-content\">85<\/div><\/td>\n<td style=\"width: 25%; text-align: center;\" data-mtr-content=\"Dim. Vasca (LxPxH cm)\" class=\"mtr-td-tag\"><div class=\"mtr-cell-content\">50x40x30<\/div><\/td>\n<td style=\"width: 20%; text-align: center;\" data-mtr-content=\"Peso (Kg)\" class=\"mtr-td-tag\"><div class=\"mtr-cell-content\">53<\/div><\/td>\n<\/tr>\n<tr>\n<td style=\"width: 20%; text-align: center;\" data-mtr-content=\"Lunghezza (cm)\" class=\"mtr-td-tag\"><div class=\"mtr-cell-content\">180<\/div><\/td>\n<td style=\"width: 20%; text-align: center;\" data-mtr-content=\"Profondit\u00e0 (cm)\" class=\"mtr-td-tag\"><div class=\"mtr-cell-content\">60<\/div><\/td>\n<td style=\"width: 15%; text-align: center;\" data-mtr-content=\"Altezza (cm)\" class=\"mtr-td-tag\"><div class=\"mtr-cell-content\">85<\/div><\/td>\n<td style=\"width: 25%; text-align: center;\" data-mtr-content=\"Dim. Vasca (LxPxH cm)\" class=\"mtr-td-tag\"><div class=\"mtr-cell-content\">50x40x30<\/div><\/td>\n<td style=\"width: 20%; text-align: center;\" data-mtr-content=\"Peso (Kg)\" class=\"mtr-td-tag\"><div class=\"mtr-cell-content\">55<\/div><\/td>\n<\/tr>\n<tr>\n<td style=\"width: 20%; text-align: center;\" data-mtr-content=\"Lunghezza (cm)\" class=\"mtr-td-tag\"><div class=\"mtr-cell-content\">190<\/div><\/td>\n<td style=\"width: 20%; text-align: center;\" data-mtr-content=\"Profondit\u00e0 (cm)\" class=\"mtr-td-tag\"><div class=\"mtr-cell-content\">60<\/div><\/td>\n<td style=\"width: 15%; text-align: center;\" data-mtr-content=\"Altezza (cm)\" class=\"mtr-td-tag\"><div class=\"mtr-cell-content\">85<\/div><\/td>\n<td style=\"width: 25%; text-align: center;\" data-mtr-content=\"Dim. Vasca (LxPxH cm)\" class=\"mtr-td-tag\"><div class=\"mtr-cell-content\">50x40x30<\/div><\/td>\n<td style=\"width: 20%; text-align: center;\" data-mtr-content=\"Peso (Kg)\" class=\"mtr-td-tag\"><div class=\"mtr-cell-content\">57<\/div><\/td>\n<\/tr>\n<tr>\n<td style=\"width: 20%; text-align: center;\" data-mtr-content=\"Lunghezza (cm)\" class=\"mtr-td-tag\"><div class=\"mtr-cell-content\">200<\/div><\/td>\n<td style=\"width: 20%; text-align: center;\" data-mtr-content=\"Profondit\u00e0 (cm)\" class=\"mtr-td-tag\"><div class=\"mtr-cell-content\">60<\/div><\/td>\n<td style=\"width: 15%; text-align: center;\" data-mtr-content=\"Altezza (cm)\" class=\"mtr-td-tag\"><div class=\"mtr-cell-content\">85<\/div><\/td>\n<td style=\"width: 25%; text-align: center;\" data-mtr-content=\"Dim. Vasca (LxPxH cm)\" class=\"mtr-td-tag\"><div class=\"mtr-cell-content\">50x40x30<\/div><\/td>\n<td style=\"width: 20%; text-align: center;\" data-mtr-content=\"Peso (Kg)\" class=\"mtr-td-tag\"><div class=\"mtr-cell-content\">60<\/div><\/td>\n<\/tr>\n<\/tbody>\n<\/table>","protected":false},"excerpt":{"rendered":"<p>Lavatoio 2 vasche e gocciolatoio a destra ripiano inferiore gambe tondi acciaio inox Aisi 430 profondit\u00e0 60 cm Lavatoio in acciaio inox, top e vasche in AISI 304, struttura e ripiano in AISI 430, su 4 gambe tonde \u00f8 50 cm e ripiano inferiore, con 2 vasche e 1 gocciolatoio a destra. Profondit\u00e0 vasca 30 [&#8230;]","protected":false},"featured_media":128215,"comment_status":"closed","ping_status":"closed","template":"","meta":{"_monsterinsights_skip_tracking":false,"_monsterinsights_sitenote_active":false,"_monsterinsights_sitenote_note":"","_monsterinsights_sitenote_category":0},"product_brand":[772],"product_cat":[119,18],"product_tag":[],"class_list":{"0":"post-26158","1":"product","2":"type-product","3":"status-publish","4":"has-post-thumbnail","6":"product_brand-crea-e-arreda-negozi","7":"product_cat-lavatoi","8":"product_cat-arredo-acciaio-inox","9":"pa_dotazione-2-vasche","10":"pa_dotazione-con-alzatina","11":"pa_dotazione-con-gocciolatoio","12":"pa_dotazione-con-ripiano-inferiore","13":"pa_profondita-linea-60","14":"pa_tipo-acciaio-aisi-linea-eco-aisi-430","15":"pa_versione-a-giorno","17":"first","18":"instock","19":"taxable","20":"shipping-taxable","21":"purchasable","22":"product-type-variable","23":"has-default-attributes"},"_links":{"self":[{"href":"https:\/\/www.creaearredanegozi.it\/de\/wp-json\/wp\/v2\/product\/26158","targetHints":{"allow":["GET"]}}],"collection":[{"href":"https:\/\/www.creaearredanegozi.it\/de\/wp-json\/wp\/v2\/product"}],"about":[{"href":"https:\/\/www.creaearredanegozi.it\/de\/wp-json\/wp\/v2\/types\/product"}],"replies":[{"embeddable":true,"href":"https:\/\/www.creaearredanegozi.it\/de\/wp-json\/wp\/v2\/comments?post=26158"}],"wp:featuredmedia":[{"embeddable":true,"href":"https:\/\/www.creaearredanegozi.it\/de\/wp-json\/wp\/v2\/media\/128215"}],"wp:attachment":[{"href":"https:\/\/www.creaearredanegozi.it\/de\/wp-json\/wp\/v2\/media?parent=26158"}],"wp:term":[{"taxonomy":"product_brand","embeddable":true,"href":"https:\/\/www.creaearredanegozi.it\/de\/wp-json\/wp\/v2\/product_brand?post=26158"},{"taxonomy":"product_cat","embeddable":true,"href":"https:\/\/www.creaearredanegozi.it\/de\/wp-json\/wp\/v2\/product_cat?post=26158"},{"taxonomy":"product_tag","embeddable":true,"href":"https:\/\/www.creaearredanegozi.it\/de\/wp-json\/wp\/v2\/product_tag?post=26158"}],"curies":[{"name":"wp","href":"https:\/\/api.w.org\/{rel}","templated":true}]}}